{"id":1071,"date":"2021-03-11T18:23:31","date_gmt":"2021-03-11T17:23:31","guid":{"rendered":"https:\/\/vii-lo.krakow.pl\/?page_id=1071"},"modified":"2023-02-14T11:12:25","modified_gmt":"2023-02-14T10:12:25","slug":"instytucje-pomocowe-na-terenie-krakowa","status":"publish","type":"page","link":"https:\/\/vii-lo.krakow.pl\/?page_id=1071","title":{"rendered":"Instytucje pomocowe na terenie Krakowa"},"content":{"rendered":"<h3 style=\"text-align: center;\">Instytucje pomocowe na terenie Krakowa<\/h3>\n<p style=\"text-align: center;\">Aktualne dane kontaktowe oraz godziny otwarcia znajduj\u0105 si\u0119 na stronach internetowych poszczeg\u00f3lnych instytucji.<\/p>\n<p style=\"text-align: center;\"><a href=\"http:\/\/www.poradnia.oswiata.org.pl\/\">Poradnia Psychologiczno-Pedagogiczna nr 1<\/a><br \/>\nul. Chmielowskiego 1<br \/>\n31-067 Krak\u00f3w<\/p>\n<p style=\"text-align: center;\"><a href=\"http:\/\/kot.krakow.pl\/\">Krakowski O\u015brodek Terapii<\/a><br \/>\nSpecjalistyczna Poradnia Psychologiczno-Pedagogiczna<br \/>\nul. Helcl\u00f3w 23a<br \/>\n31-148 Krak\u00f3w<\/p>\n<p style=\"text-align: center;\"><a href=\"https:\/\/kip.edu.pl\/\">Krakowski Instytut Psychoterapii<\/a><br \/>\nul. Podbrzezie 6, 31-054 Krak\u00f3w<br \/>\nos. Krakowiak\u00f3w 2, 31-962 Krak\u00f3w<br \/>\nul. Ptaszyckiego 6, 31-979 Krak\u00f3w<\/p>\n<p style=\"text-align: center;\"><a href=\"https:\/\/krakow.praesterno.pl\/\" target=\"_blank\" rel=\"nofollow noopener\">Ma\u0142opolski O\u015brodek Fundacji Praesterno<\/a><br \/>\nAleja Pokoju 7<br \/>\n31-548 Krak\u00f3w<\/p>\n<p style=\"text-align: center;\">NZOZ Dobrej Nadziei<br \/>\n<a href=\"http:\/\/www.sdn.org.pl\/\" target=\"_blank\" rel=\"nofollow noopener\">Poradnia Zdrowia Psychicznego dla Dzieci i M\u0142odzie\u017cy<\/a><br \/>\nO\u015brodek Poradnictwa i Terapii Rodzin<br \/>\nul. Batorego 5<br \/>\n31-135 Krak\u00f3w<\/p>\n<p style=\"text-align: center;\">Szpital Specjalistyczny im. dr. J\u00f3zefa Babi\u0144skiego w Krakowie<br \/>\n<a href=\"https:\/\/babinski.pl\/pzpdladzieci-i-mlodziezy\/\" target=\"_blank\" rel=\"nofollow noopener\">Poradnia Zdrowia Psychicznego dla Dzieci i M\u0142odzie\u017cy<\/a><br \/>\nul. J\u00f3zefa Babi\u0144skiego 29 (budynek 5C)<br \/>\n30-393 Krak\u00f3w<\/p>\n<p style=\"text-align: center;\"><a href=\"https:\/\/babinski.pl\/poradnia-psychologiczna-dla-dzieci-i-mlodziezy-krakow-krowodrza\/\" target=\"_blank\" rel=\"nofollow noopener\">Poradnia Psychologiczna dla Dzieci i M\u0142odzie\u017cy Krak\u00f3w-Krowodrza<\/a><br \/>\nul. Mehoffera 10<br \/>\n30-001 Krak\u00f3w<\/p>\n<p style=\"text-align: center;\"><a href=\"https:\/\/www.porozmawiajmy.edu.pl\/czytelnia\/pomoc-bez-wychodzenia-z-domu\" target=\"_blank\" rel=\"nofollow noopener\">Pomoc telefoniczna i online<\/a><br \/>\nAktualizowana na bie\u017c\u0105co lista numer\u00f3w telefon\u00f3w zaufania<\/p>\n","protected":false},"excerpt":{"rendered":"<p>Instytucje pomocowe na terenie Krakowa Aktualne dane kontaktowe oraz godziny otwarcia znajduj\u0105 si\u0119 na stronach internetowych poszczeg\u00f3lnych instytucji. Poradnia Psychologiczno-Pedagogiczna nr 1 ul. Chmielowskiego 1&hellip;<\/p>\n","protected":false},"author":3,"featured_media":0,"parent":0,"menu_order":0,"comment_status":"closed","ping_status":"closed","template":"","meta":{"spay_email":""},"_links":{"self":[{"href":"https:\/\/vii-lo.krakow.pl\/index.php?rest_route=\/wp\/v2\/pages\/1071"}],"collection":[{"href":"https:\/\/vii-lo.krakow.pl\/index.php?rest_route=\/wp\/v2\/pages"}],"about":[{"href":"https:\/\/vii-lo.krakow.pl\/index.php?rest_route=\/wp\/v2\/types\/page"}],"author":[{"embeddable":true,"href":"https:\/\/vii-lo.krakow.pl\/index.php?rest_route=\/wp\/v2\/users\/3"}],"replies":[{"embeddable":true,"href":"https:\/\/vii-lo.krakow.pl\/index.php?rest_route=%2Fwp%2Fv2%2Fcomments&post=1071"}],"version-history":[{"count":4,"href":"https:\/\/vii-lo.krakow.pl\/index.php?rest_route=\/wp\/v2\/pages\/1071\/revisions"}],"predecessor-version":[{"id":3099,"href":"https:\/\/vii-lo.krakow.pl\/index.php?rest_route=\/wp\/v2\/pages\/1071\/revisions\/3099"}],"wp:attachment":[{"href":"https:\/\/vii-lo.krakow.pl\/index.php?rest_route=%2Fwp%2Fv2%2Fmedia&parent=1071"}],"curies":[{"name":"wp","href":"https:\/\/api.w.org\/{rel}","templated":true}]}}