{"id":1081,"date":"2021-03-11T19:41:05","date_gmt":"2021-03-11T18:41:05","guid":{"rendered":"https:\/\/vii-lo.krakow.pl\/?page_id=1081"},"modified":"2021-03-12T11:17:16","modified_gmt":"2021-03-12T10:17:16","slug":"materialy-psychoedukacyjne-dla-mlodziezy","status":"publish","type":"page","link":"https:\/\/vii-lo.krakow.pl\/?page_id=1081","title":{"rendered":"Materia\u0142y psychoedukacyjne dla m\u0142odzie\u017cy"},"content":{"rendered":"<h3>Materia\u0142y psychoedukacyjne dla m\u0142odzie\u017cy<\/h3>\n<ul>\n<li><a href=\"https:\/\/epodreczniki.pl\/a\/radzimy-sobie-ze-stresem\/DghhTE3WT\" target=\"_blank\" rel=\"nofollow noopener\">Jak radzi\u0107 sobie ze stresem<\/a><\/li>\n<li><a href=\"https:\/\/forumprzeciwdepresji.pl\/nastoletnia-depresja\/strefa-nastolatka\" target=\"_blank\" rel=\"nofollow noopener\">Nastoletnia depresja<\/a><\/li>\n<li><a href=\"http:\/\/poradnia2krakow.pl\/akt_41\/\" target=\"_blank\" rel=\"nofollow noopener\">Jak wytrwa\u0107 w domu?<\/a><\/li>\n<li><a href=\"http:\/\/poradnia2krakow.pl\/wordpress\/wp-content\/uploads\/2020\/06\/7-zasad-skutecznej-nauki.pdf\" target=\"_blank\" rel=\"nofollow noopener\">Siedem zasad skutecznej nauki<\/a><\/li>\n<li><a href=\"http:\/\/poradnia2krakow.pl\/akt_50\/\" target=\"_blank\" rel=\"nofollow noopener\">Jak efektywnie uczy\u0107 si\u0119 w domu?<\/a><\/li>\n<\/ul>\n<h3>Materia\u0142y video i audio<\/h3>\n<ul>\n<li><a href=\"https:\/\/www.youtube.com\/watch?v=5rgl7SmPqcY&amp;\" target=\"_blank\" rel=\"nofollow noopener\">10 przykaza\u0144 skutecznego uczenia si\u0119<\/a><\/li>\n<li><a href=\"https:\/\/www.youtube.com\/watch?v=0VtFjHXCOKg\" target=\"_blank\" rel=\"nofollow noopener\">Ucz si\u0119, jak si\u0119 uczy\u0107<\/a><\/li>\n<li><a href=\"https:\/\/www.youtube.com\/watch?v=DfZIZ3Wc6Mw\" target=\"_blank\" rel=\"nofollow noopener\">Pami\u0119\u0107 i uwaga. Trening zdolno\u015bci poznawczych.<\/a><\/li>\n<li><a href=\"https:\/\/www.youtube.com\/watch?v=tZ0konBctfY\" target=\"_blank\" rel=\"nofollow noopener\">Wytrwa\u0142o\u015b\u0107 i efektywno\u015b\u0107 w dzia\u0142aniu, czyli jak skutecznie realizowa\u0107 cele<\/a><\/li>\n<li><a href=\"https:\/\/www.youtube.com\/watch?v=gm1EV3hfk9Q\" target=\"_blank\" rel=\"nofollow noopener\">Jak znale\u017a\u0107 si\u0142\u0119 do dzia\u0142ania, czyli opowie\u015b\u0107 o motywacji<\/a><\/li>\n<li><a href=\"https:\/\/www.youtube.com\/watch?v=njcl-2T9Qhg&amp;\" target=\"_blank\" rel=\"nofollow noopener\">Stres okie\u0142znany \u2013 jak dzia\u0142a na nas stres i jak sobie z nim radzi\u0107<\/a><\/li>\n<\/ul>\n","protected":false},"excerpt":{"rendered":"<p>Materia\u0142y psychoedukacyjne dla m\u0142odzie\u017cy Jak radzi\u0107 sobie ze stresem Nastoletnia depresja Jak wytrwa\u0107 w domu? Siedem zasad skutecznej nauki Jak efektywnie uczy\u0107 si\u0119 w domu?&hellip;<\/p>\n","protected":false},"author":3,"featured_media":0,"parent":0,"menu_order":0,"comment_status":"closed","ping_status":"closed","template":"","meta":{"spay_email":""},"_links":{"self":[{"href":"https:\/\/vii-lo.krakow.pl\/index.php?rest_route=\/wp\/v2\/pages\/1081"}],"collection":[{"href":"https:\/\/vii-lo.krakow.pl\/index.php?rest_route=\/wp\/v2\/pages"}],"about":[{"href":"https:\/\/vii-lo.krakow.pl\/index.php?rest_route=\/wp\/v2\/types\/page"}],"author":[{"embeddable":true,"href":"https:\/\/vii-lo.krakow.pl\/index.php?rest_route=\/wp\/v2\/users\/3"}],"replies":[{"embeddable":true,"href":"https:\/\/vii-lo.krakow.pl\/index.php?rest_route=%2Fwp%2Fv2%2Fcomments&post=1081"}],"version-history":[{"count":2,"href":"https:\/\/vii-lo.krakow.pl\/index.php?rest_route=\/wp\/v2\/pages\/1081\/revisions"}],"predecessor-version":[{"id":1125,"href":"https:\/\/vii-lo.krakow.pl\/index.php?rest_route=\/wp\/v2\/pages\/1081\/revisions\/1125"}],"wp:attachment":[{"href":"https:\/\/vii-lo.krakow.pl\/index.php?rest_route=%2Fwp%2Fv2%2Fmedia&parent=1081"}],"curies":[{"name":"wp","href":"https:\/\/api.w.org\/{rel}","templated":true}]}}