{"id":1085,"date":"2021-03-11T19:44:52","date_gmt":"2021-03-11T18:44:52","guid":{"rendered":"https:\/\/vii-lo.krakow.pl\/?page_id=1085"},"modified":"2021-03-12T11:07:10","modified_gmt":"2021-03-12T10:07:10","slug":"profilaktyka-materialy-dla-mlodziezy","status":"publish","type":"page","link":"https:\/\/vii-lo.krakow.pl\/?page_id=1085","title":{"rendered":"Profilaktyka &#8211; materia\u0142y dla m\u0142odzie\u017cy"},"content":{"rendered":"<h3>Profilaktyka &#8211; materia\u0142y dla m\u0142odzie\u017cy<\/h3>\n<ul>\n<li><a href=\"https:\/\/www.gov.pl\/attachment\/03f0dfe0-2c28-47bb-b956-56f17717bc97\" target=\"_blank\" rel=\"nofollow noopener\">Przest\u0119pstwa \u2013 Jak si\u0119 przed nimi uchroni\u0107 i gdzie szuka\u0107 pomocy?<\/a><\/li>\n<li><a href=\"https:\/\/krakow.praesterno.pl\/wp-content\/uploads\/2020\/12\/Nastolatek-o-krok-przed-problemem-profilaktyka-HIV-AIDS-wsrod-mlodziezy.pdf\" target=\"_blank\" rel=\"nofollow noopener\">Nastolatek o krok przed problemem \u2013 profilaktyka HIV-AIDS w\u015br\u00f3d m\u0142odzie\u017cy<\/a><\/li>\n<li><a href=\"https:\/\/krakow.praesterno.pl\/wp-content\/uploads\/2020\/12\/Nastolatek-o-krok-przed-problemem-profilaktyka-uzaleznien-wsrod-mlodziezy.pdf\" target=\"_blank\" rel=\"nofollow noopener\">Nastolatek o krok przed problemem \u2013 profilaktyka uzale\u017cnie\u0144 w\u015br\u00f3d m\u0142odzie\u017cy<\/a><\/li>\n<li><a href=\"https:\/\/krakow.praesterno.pl\/wp-content\/uploads\/2020\/12\/Nastolatek-o-krok-przed-problemem-przemoc-w-rodzinie.pdf\" target=\"_blank\" rel=\"nofollow noopener\">Nastolatek o krok przed problemem \u2013 przemoc w rodzinie<\/a><\/li>\n<\/ul>\n","protected":false},"excerpt":{"rendered":"<p>Profilaktyka &#8211; materia\u0142y dla m\u0142odzie\u017cy Przest\u0119pstwa \u2013 Jak si\u0119 przed nimi uchroni\u0107 i gdzie szuka\u0107 pomocy? Nastolatek o krok przed problemem \u2013 profilaktyka HIV-AIDS w\u015br\u00f3d&hellip;<\/p>\n","protected":false},"author":3,"featured_media":0,"parent":0,"menu_order":0,"comment_status":"closed","ping_status":"closed","template":"","meta":{"spay_email":""},"_links":{"self":[{"href":"https:\/\/vii-lo.krakow.pl\/index.php?rest_route=\/wp\/v2\/pages\/1085"}],"collection":[{"href":"https:\/\/vii-lo.krakow.pl\/index.php?rest_route=\/wp\/v2\/pages"}],"about":[{"href":"https:\/\/vii-lo.krakow.pl\/index.php?rest_route=\/wp\/v2\/types\/page"}],"author":[{"embeddable":true,"href":"https:\/\/vii-lo.krakow.pl\/index.php?rest_route=\/wp\/v2\/users\/3"}],"replies":[{"embeddable":true,"href":"https:\/\/vii-lo.krakow.pl\/index.php?rest_route=%2Fwp%2Fv2%2Fcomments&post=1085"}],"version-history":[{"count":2,"href":"https:\/\/vii-lo.krakow.pl\/index.php?rest_route=\/wp\/v2\/pages\/1085\/revisions"}],"predecessor-version":[{"id":1122,"href":"https:\/\/vii-lo.krakow.pl\/index.php?rest_route=\/wp\/v2\/pages\/1085\/revisions\/1122"}],"wp:attachment":[{"href":"https:\/\/vii-lo.krakow.pl\/index.php?rest_route=%2Fwp%2Fv2%2Fmedia&parent=1085"}],"curies":[{"name":"wp","href":"https:\/\/api.w.org\/{rel}","templated":true}]}}