{"id":1106,"date":"2021-03-12T10:53:07","date_gmt":"2021-03-12T09:53:07","guid":{"rendered":"https:\/\/vii-lo.krakow.pl\/?page_id=1106"},"modified":"2021-03-12T10:53:07","modified_gmt":"2021-03-12T09:53:07","slug":"materialy-psychoedukacyjne-i-poszerzajace-kompetencje-zawodowe-dla-nauczycieli","status":"publish","type":"page","link":"https:\/\/vii-lo.krakow.pl\/?page_id=1106","title":{"rendered":"Materia\u0142y psychoedukacyjne i poszerzaj\u0105ce kompetencje zawodowe dla nauczycieli"},"content":{"rendered":"<h3>Materia\u0142y psychoedukacyjne i poszerzaj\u0105ce kompetencje zawodowe dla nauczycieli<\/h3>\n<ul>\n<li><a href=\"https:\/\/www.gov.pl\/web\/edukacja-i-nauka\/organizacja-ksztalcenia-uczniow-ze-specjalnymi-potrzebami-edukacyjnymi-dzialania-men-skierowane-do-dzieci-i-mlodziezy-z-niepelnosprawnosciami\" target=\"_blank\" rel=\"nofollow noopener\">Organizacja kszta\u0142cenia uczni\u00f3w ze specjalnymi potrzebami edukacyjnymi \u2013 dzia\u0142ania MEiN skierowane do dzieci i m\u0142odzie\u017cy z niepe\u0142nosprawno\u015bciami<\/a><\/li>\n<li><a href=\"https:\/\/www.ore.edu.pl\/2017\/11\/uczen-ze-specjalnymi-potrzebami-edukacyjnymi-a-zmiany-w-prawie-oswiatowym-22\/\" target=\"_blank\" rel=\"nofollow noopener\">Ucze\u0144 ze specjalnymi potrzebami edukacyjnymi a zmiany w prawie o\u015bwiatowym<\/a><\/li>\n<li><a href=\"https:\/\/www.ore.edu.pl\/category\/szkola\/promocja-zdrowia\/\" target=\"_blank\" rel=\"nofollow noopener\">Promocja zdrowia<\/a><\/li>\n<li><a href=\"https:\/\/www.youtube.com\/watch?v=SxGW_mcTti0\" target=\"_blank\" rel=\"nofollow noopener\">Kilkana\u015bcie ma\u0142ych sposob\u00f3w na motywacj\u0119 ucznia<\/a><\/li>\n<li><a href=\"http:\/\/www.edunews.pl\" target=\"_blank\" rel=\"nofollow noopener\">Portal o nowoczesnej edukacji<\/a><\/li>\n<li><a href=\"https:\/\/www.ore.edu.pl\/category\/ksztalcenie-i-wychowanie\/uczen-zdolny\/\" target=\"_blank\" rel=\"nofollow noopener\">Ucze\u0144 zdolny<\/a><\/li>\n<li><a href=\"https:\/\/www.ore.edu.pl\/category\/ksztalcenie-i-wychowanie\/uczen-ze-specjalnymi-potrzebami-edukacyjnymi\/\" target=\"_blank\" rel=\"nofollow noopener\">Ucze\u0144 ze specjalnymi potrzebami edukacyjnymi<\/a><\/li>\n<li><a href=\"https:\/\/www.ore.edu.pl\/category\/ksztalcenie-i-wychowanie\/wychowanie-i-profilaktyka\/\" target=\"_blank\" rel=\"nofollow noopener\">Wychowanie i profilaktyka<\/a><\/li>\n<\/ul>\n","protected":false},"excerpt":{"rendered":"<p>Materia\u0142y psychoedukacyjne i poszerzaj\u0105ce kompetencje zawodowe dla nauczycieli Organizacja kszta\u0142cenia uczni\u00f3w ze specjalnymi potrzebami edukacyjnymi \u2013 dzia\u0142ania MEiN skierowane do dzieci i m\u0142odzie\u017cy z niepe\u0142nosprawno\u015bciami&hellip;<\/p>\n","protected":false},"author":3,"featured_media":0,"parent":0,"menu_order":0,"comment_status":"closed","ping_status":"closed","template":"","meta":{"spay_email":""},"_links":{"self":[{"href":"https:\/\/vii-lo.krakow.pl\/index.php?rest_route=\/wp\/v2\/pages\/1106"}],"collection":[{"href":"https:\/\/vii-lo.krakow.pl\/index.php?rest_route=\/wp\/v2\/pages"}],"about":[{"href":"https:\/\/vii-lo.krakow.pl\/index.php?rest_route=\/wp\/v2\/types\/page"}],"author":[{"embeddable":true,"href":"https:\/\/vii-lo.krakow.pl\/index.php?rest_route=\/wp\/v2\/users\/3"}],"replies":[{"embeddable":true,"href":"https:\/\/vii-lo.krakow.pl\/index.php?rest_route=%2Fwp%2Fv2%2Fcomments&post=1106"}],"version-history":[{"count":1,"href":"https:\/\/vii-lo.krakow.pl\/index.php?rest_route=\/wp\/v2\/pages\/1106\/revisions"}],"predecessor-version":[{"id":1107,"href":"https:\/\/vii-lo.krakow.pl\/index.php?rest_route=\/wp\/v2\/pages\/1106\/revisions\/1107"}],"wp:attachment":[{"href":"https:\/\/vii-lo.krakow.pl\/index.php?rest_route=%2Fwp%2Fv2%2Fmedia&parent=1106"}],"curies":[{"name":"wp","href":"https:\/\/api.w.org\/{rel}","templated":true}]}}