{"id":1110,"date":"2021-03-12T10:59:31","date_gmt":"2021-03-12T09:59:31","guid":{"rendered":"https:\/\/vii-lo.krakow.pl\/?page_id=1110"},"modified":"2021-03-12T10:59:31","modified_gmt":"2021-03-12T09:59:31","slug":"profilaktyka-materialy-dla-nauczycieli","status":"publish","type":"page","link":"https:\/\/vii-lo.krakow.pl\/?page_id=1110","title":{"rendered":"Profilaktyka \u2013 materia\u0142y dla nauczycieli"},"content":{"rendered":"<h3>Profilaktyka \u2013 materia\u0142y dla nauczycieli<\/h3>\n<ul>\n<li><a href=\"https:\/\/www.ore.edu.pl\/wp-content\/plugins\/download-attachments\/includes\/download.php?id=27997\" target=\"_blank\" rel=\"nofollow noopener\">Bezpieczna szko\u0142a. Zagro\u017cenia i zalecane dzia\u0142ania profilaktyczne w zakresie bezpiecze\u0144stwa fizycznego i cyfrowego uczni\u00f3w<\/a><\/li>\n<li><a href=\"https:\/\/krakow.praesterno.pl\/wp-content\/uploads\/2020\/12\/Nauczyciel-o-krok-przed-problemem-profilaktyka-HIV-AIDS-wsrod-mlodziezy.pdf\" target=\"_blank\" rel=\"nofollow noopener\">Nauczyciel o krok przed problemem \u2013 profilaktyka HIV-AIDS w\u015br\u00f3d m\u0142odzie\u017cy<\/a><\/li>\n<li><a href=\"https:\/\/krakow.praesterno.pl\/wp-content\/uploads\/2020\/12\/Nauczyciel-o-krok-przed-problemem-profilaktyka-uzaleznien-wsrod-mlodziezy.pdf\" target=\"_blank\" rel=\"nofollow noopener\">Nauczyciel o krok przed problemem \u2013 profilaktyka uzale\u017cnie\u0144 w\u015br\u00f3d m\u0142odzie\u017cy<\/a><\/li>\n<li><a href=\"https:\/\/krakow.praesterno.pl\/wp-content\/uploads\/2020\/12\/Nauczyciel-o-krok-przed-problemem-przemoc-w-rodzinie.pdf\" target=\"_blank\" rel=\"nofollow noopener\">Nauczyciel o krok przed problemem \u2013 przemoc w rodzinie<\/a><\/li>\n<\/ul>\n","protected":false},"excerpt":{"rendered":"<p>Profilaktyka \u2013 materia\u0142y dla nauczycieli Bezpieczna szko\u0142a. Zagro\u017cenia i zalecane dzia\u0142ania profilaktyczne w zakresie bezpiecze\u0144stwa fizycznego i cyfrowego uczni\u00f3w Nauczyciel o krok przed problemem \u2013&hellip;<\/p>\n","protected":false},"author":3,"featured_media":0,"parent":0,"menu_order":0,"comment_status":"closed","ping_status":"closed","template":"","meta":{"spay_email":""},"_links":{"self":[{"href":"https:\/\/vii-lo.krakow.pl\/index.php?rest_route=\/wp\/v2\/pages\/1110"}],"collection":[{"href":"https:\/\/vii-lo.krakow.pl\/index.php?rest_route=\/wp\/v2\/pages"}],"about":[{"href":"https:\/\/vii-lo.krakow.pl\/index.php?rest_route=\/wp\/v2\/types\/page"}],"author":[{"embeddable":true,"href":"https:\/\/vii-lo.krakow.pl\/index.php?rest_route=\/wp\/v2\/users\/3"}],"replies":[{"embeddable":true,"href":"https:\/\/vii-lo.krakow.pl\/index.php?rest_route=%2Fwp%2Fv2%2Fcomments&post=1110"}],"version-history":[{"count":1,"href":"https:\/\/vii-lo.krakow.pl\/index.php?rest_route=\/wp\/v2\/pages\/1110\/revisions"}],"predecessor-version":[{"id":1115,"href":"https:\/\/vii-lo.krakow.pl\/index.php?rest_route=\/wp\/v2\/pages\/1110\/revisions\/1115"}],"wp:attachment":[{"href":"https:\/\/vii-lo.krakow.pl\/index.php?rest_route=%2Fwp%2Fv2%2Fmedia&parent=1110"}],"curies":[{"name":"wp","href":"https:\/\/api.w.org\/{rel}","templated":true}]}}