{"id":113,"date":"2021-02-03T19:37:29","date_gmt":"2021-02-03T18:37:29","guid":{"rendered":"http:\/\/vii-lo.krakow.pl\/?page_id=113"},"modified":"2025-10-02T16:39:16","modified_gmt":"2025-10-02T14:39:16","slug":"pomoc-psychologiczno-pedagogiczna","status":"publish","type":"page","link":"https:\/\/vii-lo.krakow.pl\/?page_id=113","title":{"rendered":"Pomoc psychologiczno-pedagogiczna &#8211; ucze\u0144"},"content":{"rendered":"\n<h3 class=\"has-text-align-center\">Zesp\u00f3\u0142 pomocy psychologiczno-pedagogicznej<\/h3>\n\n\n\n<div class=\"wp-block-columns\">\n<div class=\"wp-block-column\">\n<p><strong>Marta Junczys<\/strong><br>pedagog<br>(urlop)<\/p>\n<\/div>\n\n\n\n<div class=\"wp-block-column\">\n<p><strong>Monika Sobczak<\/strong><br>psycholog<\/p>\n<\/div>\n\n\n\n<div class=\"wp-block-column\">\n<p><strong>Szymon Rozmus<\/strong><br>terapeuta pedagogiczny<\/p>\n<\/div>\n\n\n\n<div class=\"wp-block-column\">\n<p><strong>Askaniusz Garlicki<\/strong><br>pedagog specjalny<\/p>\n<\/div>\n\n\n\n<div class=\"wp-block-column\">\n<p><strong>Wiktoria Szuba<\/strong><br>pedagog<\/p>\n<\/div>\n\n\n\n<div class=\"wp-block-column\">\n<p><strong>Klaudia Nazimek<\/strong><br>pedagog specjalny <br><\/p>\n<\/div>\n<\/div>\n\n\n\n<hr class=\"wp-block-separator has-text-color has-background\" style=\"background-color:#235787;color:#235787\"\/>\n\n\n\n<h3 class=\"has-text-align-center\"><strong>Dy\u017cury w roku szkolnym 2025\/2026<\/strong><\/h3>\n\n\n\n<p class=\"has-text-align-center\">Monika Sobczak:<br>   poniedzia\u0142ek 10:00-15:00<br>\u015broda 10:00-16:30<br>czwartek 11:00-17:30<\/p>\n\n\n\n<p class=\"has-text-align-center\">Wiktoria Szuba:<br> poniedzia\u0142ek 7:30-14:30<br>wtorek 7:30-14:30<br>\u015broda 7:30-14:30<br>czwartek 11:00-17:00<br>pi\u0105tek 7:30-13:30<\/p>\n\n\n\n<p class=\"has-text-align-center\">Askaniusz Garlicki:<br> \u015broda 7:00-13:00<br>czwartek 7:00-17:00<br>pi\u0105tek 7:00-13:00<\/p>\n\n\n\n<p class=\"has-text-align-center\">Klaudia Nazimek:<br>poniedzia\u0142ek 7:00-15:00<\/p>\n\n\n\n<p class=\"has-text-align-center\">Szymon Rozmus:<br>zaj\u0119cia wed\u0142ug<br>indywidualnego harmonogramu<\/p>\n\n\n\n<hr class=\"wp-block-separator has-text-color has-background\" style=\"background-color:#235787;color:#235787\"\/>\n\n\n\n<p class=\"has-text-align-center\">Serdecznie zapraszamy do kontaktu wszystkich, kt\u00f3rzy potrzebuj\u0105 uzyska\u0107 pomoc w problemie, om\u00f3wi\u0107 jak\u0105\u015b spraw\u0119 lub po prostu porozmawia\u0107 w atmosferze zrozumienia i otwarto\u015bci.<\/p>\n\n\n\n<hr class=\"wp-block-separator has-text-color has-background\" style=\"background-color:#235787;color:#235787\"\/>\n\n\n\n<h3>Polecamy:<\/h3>\n\n\n\n<ul><li><a href=\"https:\/\/vii-lo.krakow.pl\/?page_id=1071\" title=\"https:\/\/vii-lo.krakow.pl\/?page_id=1071\">Instytucje pomocowe<\/a><\/li><li><a href=\"https:\/\/vii-lo.krakow.pl\/?page_id=1081\" title=\"https:\/\/vii-lo.krakow.pl\/?page_id=1081\">Materia\u0142y psychoedukacyjne dla m\u0142odzie\u017cy<\/a><\/li><li><a href=\"https:\/\/vii-lo.krakow.pl\/?page_id=1085\" title=\"https:\/\/vii-lo.krakow.pl\/?page_id=1085\">Profilaktyka \u2013 materia\u0142y dla m\u0142odzie\u017cy<\/a><\/li><li><a href=\"https:\/\/vii-lo.krakow.pl\/wp-content\/uploads\/2022\/11\/PROGRAM-WYCHOWAWCZO-PROFILAKTYCZNY-2022-2023.pdf\" title=\"https:\/\/vii-lo.krakow.pl\/wp-content\/uploads\/2022\/11\/PROGRAM-WYCHOWAWCZO-PROFILAKTYCZNY-2022-2023.pdf\">Program Wychowawczo-Profilaktyczny 2022-2023<\/a><\/li><\/ul>\n\n\n\n<p><\/p>\n","protected":false},"excerpt":{"rendered":"<p>Zesp\u00f3\u0142 pomocy psychologiczno-pedagogicznej Marta Junczyspedagog(urlop) Monika Sobczakpsycholog Szymon Rozmusterapeuta pedagogiczny Askaniusz Garlickipedagog specjalny Wiktoria Szubapedagog Klaudia Nazimekpedagog specjalny Dy\u017cury w roku szkolnym 2025\/2026 Monika Sobczak:&hellip;<\/p>\n","protected":false},"author":3,"featured_media":0,"parent":0,"menu_order":0,"comment_status":"closed","ping_status":"closed","template":"","meta":{"spay_email":""},"_links":{"self":[{"href":"https:\/\/vii-lo.krakow.pl\/index.php?rest_route=\/wp\/v2\/pages\/113"}],"collection":[{"href":"https:\/\/vii-lo.krakow.pl\/index.php?rest_route=\/wp\/v2\/pages"}],"about":[{"href":"https:\/\/vii-lo.krakow.pl\/index.php?rest_route=\/wp\/v2\/types\/page"}],"author":[{"embeddable":true,"href":"https:\/\/vii-lo.krakow.pl\/index.php?rest_route=\/wp\/v2\/users\/3"}],"replies":[{"embeddable":true,"href":"https:\/\/vii-lo.krakow.pl\/index.php?rest_route=%2Fwp%2Fv2%2Fcomments&post=113"}],"version-history":[{"count":43,"href":"https:\/\/vii-lo.krakow.pl\/index.php?rest_route=\/wp\/v2\/pages\/113\/revisions"}],"predecessor-version":[{"id":5978,"href":"https:\/\/vii-lo.krakow.pl\/index.php?rest_route=\/wp\/v2\/pages\/113\/revisions\/5978"}],"wp:attachment":[{"href":"https:\/\/vii-lo.krakow.pl\/index.php?rest_route=%2Fwp%2Fv2%2Fmedia&parent=113"}],"curies":[{"name":"wp","href":"https:\/\/api.w.org\/{rel}","templated":true}]}}