{"id":1144,"date":"2021-03-12T12:13:30","date_gmt":"2021-03-12T11:13:30","guid":{"rendered":"https:\/\/vii-lo.krakow.pl\/?page_id=1144"},"modified":"2021-03-12T12:13:55","modified_gmt":"2021-03-12T11:13:55","slug":"profilaktyka-materialy-dla-rodzicow","status":"publish","type":"page","link":"https:\/\/vii-lo.krakow.pl\/?page_id=1144","title":{"rendered":"Profilaktyka &#8211; materia\u0142y dla rodzic\u00f3w"},"content":{"rendered":"<h3>Profilaktyka &#8211; materia\u0142y dla rodzic\u00f3w<\/h3>\n<ul>\n<li><a href=\"https:\/\/krakow.praesterno.pl\/wp-content\/uploads\/2020\/12\/Rodzic-o-krok-przed-problemem-profilaktyka-HIV-AIDS-wsrod-mlodziezy.pdf\" target=\"_blank\" rel=\"nofollow noopener\">Rodzic o krok przed problemem \u2013 profilaktyka HIV-AIDS w\u015br\u00f3d m\u0142odzie\u017cy<\/a><\/li>\n<li><a href=\"https:\/\/krakow.praesterno.pl\/wp-content\/uploads\/2020\/12\/Rodzic-o-krok-przed-problemem-profilaktyka-uzaleznien-wsrod-mlodziezy.pdf\" target=\"_blank\" rel=\"nofollow noopener\">Rodzic o krok przed problemem \u2013 profilaktyka uzale\u017cnie\u0144 w\u015br\u00f3d m\u0142odzie\u017cy<\/a><\/li>\n<li><a href=\"https:\/\/krakow.praesterno.pl\/wp-content\/uploads\/2020\/12\/Rodzic-o-krok-przed-problemem-przemoc-w-rodzinie.pdf\" target=\"_blank\" rel=\"nofollow noopener\">Rodzic o krok przed problemem \u2013 przemoc w rodzinie<\/a><\/li>\n<\/ul>\n","protected":false},"excerpt":{"rendered":"<p>Profilaktyka &#8211; materia\u0142y dla rodzic\u00f3w Rodzic o krok przed problemem \u2013 profilaktyka HIV-AIDS w\u015br\u00f3d m\u0142odzie\u017cy Rodzic o krok przed problemem \u2013 profilaktyka uzale\u017cnie\u0144 w\u015br\u00f3d m\u0142odzie\u017cy&hellip;<\/p>\n","protected":false},"author":3,"featured_media":0,"parent":0,"menu_order":0,"comment_status":"closed","ping_status":"closed","template":"","meta":{"spay_email":""},"_links":{"self":[{"href":"https:\/\/vii-lo.krakow.pl\/index.php?rest_route=\/wp\/v2\/pages\/1144"}],"collection":[{"href":"https:\/\/vii-lo.krakow.pl\/index.php?rest_route=\/wp\/v2\/pages"}],"about":[{"href":"https:\/\/vii-lo.krakow.pl\/index.php?rest_route=\/wp\/v2\/types\/page"}],"author":[{"embeddable":true,"href":"https:\/\/vii-lo.krakow.pl\/index.php?rest_route=\/wp\/v2\/users\/3"}],"replies":[{"embeddable":true,"href":"https:\/\/vii-lo.krakow.pl\/index.php?rest_route=%2Fwp%2Fv2%2Fcomments&post=1144"}],"version-history":[{"count":1,"href":"https:\/\/vii-lo.krakow.pl\/index.php?rest_route=\/wp\/v2\/pages\/1144\/revisions"}],"predecessor-version":[{"id":1145,"href":"https:\/\/vii-lo.krakow.pl\/index.php?rest_route=\/wp\/v2\/pages\/1144\/revisions\/1145"}],"wp:attachment":[{"href":"https:\/\/vii-lo.krakow.pl\/index.php?rest_route=%2Fwp%2Fv2%2Fmedia&parent=1144"}],"curies":[{"name":"wp","href":"https:\/\/api.w.org\/{rel}","templated":true}]}}