{"id":1166,"date":"2021-03-13T12:19:30","date_gmt":"2021-03-13T11:19:30","guid":{"rendered":"https:\/\/vii-lo.krakow.pl\/?page_id=1166"},"modified":"2025-04-30T15:00:00","modified_gmt":"2025-04-30T13:00:00","slug":"historia-vii-lo","status":"publish","type":"page","link":"https:\/\/vii-lo.krakow.pl\/?page_id=1166","title":{"rendered":"Historia VII LO w Krakowie"},"content":{"rendered":"\n<h3 class=\"has-text-align-center\"><strong>Pod zaborami<\/strong><\/h3>\n\n\n\n<div class=\"wp-block-jetpack-tiled-gallery aligncenter is-style-columns\"><div class=\"tiled-gallery__gallery\"><div class=\"tiled-gallery__row\"><div class=\"tiled-gallery__col\" style=\"flex-basis:44.19419365627243%\"><figure class=\"tiled-gallery__item filter__sepia\"><img srcset=\"https:\/\/i1.wp.com\/vii-lo.krakow.pl\/wp-content\/uploads\/2021\/03\/VII-LO-przy-Michalowskiego-1.jpg?strip=info&#038;w=600&#038;ssl=1 600w,https:\/\/i1.wp.com\/vii-lo.krakow.pl\/wp-content\/uploads\/2021\/03\/VII-LO-przy-Michalowskiego-1.jpg?strip=info&#038;w=900&#038;ssl=1 900w,https:\/\/i1.wp.com\/vii-lo.krakow.pl\/wp-content\/uploads\/2021\/03\/VII-LO-przy-Michalowskiego-1.jpg?strip=info&#038;w=1200&#038;ssl=1 1200w,https:\/\/i1.wp.com\/vii-lo.krakow.pl\/wp-content\/uploads\/2021\/03\/VII-LO-przy-Michalowskiego-1.jpg?strip=info&#038;w=1500&#038;ssl=1 1500w,https:\/\/i1.wp.com\/vii-lo.krakow.pl\/wp-content\/uploads\/2021\/03\/VII-LO-przy-Michalowskiego-1.jpg?strip=info&#038;w=1800&#038;ssl=1 1800w,https:\/\/i1.wp.com\/vii-lo.krakow.pl\/wp-content\/uploads\/2021\/03\/VII-LO-przy-Michalowskiego-1.jpg?strip=info&#038;w=1920&#038;ssl=1 1920w\" alt=\"VII LO przy Micha\u0142owskiego\" data-height=\"1365\" data-id=\"1165\" data-link=\"https:\/\/vii-lo.krakow.pl\/?attachment_id=1165\" data-url=\"https:\/\/vii-lo.krakow.pl\/wp-content\/uploads\/2021\/03\/VII-LO-przy-Michalowskiego-1.jpg\" data-width=\"1920\" src=\"https:\/\/i1.wp.com\/vii-lo.krakow.pl\/wp-content\/uploads\/2021\/03\/VII-LO-przy-Michalowskiego-1.jpg?ssl=1\" layout=\"responsive\"\/><\/figure><\/div><div class=\"tiled-gallery__col\" style=\"flex-basis:55.80580634372756%\"><figure class=\"tiled-gallery__item filter__sepia\"><img srcset=\"https:\/\/i2.wp.com\/vii-lo.krakow.pl\/wp-content\/uploads\/2021\/03\/Biblioteka-pieczatka-CK-1.jpg?strip=info&#038;w=600&#038;ssl=1 600w,https:\/\/i2.wp.com\/vii-lo.krakow.pl\/wp-content\/uploads\/2021\/03\/Biblioteka-pieczatka-CK-1.jpg?strip=info&#038;w=900&#038;ssl=1 900w,https:\/\/i2.wp.com\/vii-lo.krakow.pl\/wp-content\/uploads\/2021\/03\/Biblioteka-pieczatka-CK-1.jpg?strip=info&#038;w=1200&#038;ssl=1 1200w,https:\/\/i2.wp.com\/vii-lo.krakow.pl\/wp-content\/uploads\/2021\/03\/Biblioteka-pieczatka-CK-1.jpg?strip=info&#038;w=1280&#038;ssl=1 1280w\" alt=\"\" data-height=\"720\" data-id=\"1208\" data-link=\"https:\/\/vii-lo.krakow.pl\/?attachment_id=1208\" data-url=\"https:\/\/vii-lo.krakow.pl\/wp-content\/uploads\/2021\/03\/Biblioteka-pieczatka-CK-1.jpg\" data-width=\"1280\" src=\"https:\/\/i2.wp.com\/vii-lo.krakow.pl\/wp-content\/uploads\/2021\/03\/Biblioteka-pieczatka-CK-1.jpg?ssl=1\" layout=\"responsive\"\/><\/figure><\/div><\/div><\/div><\/div>\n\n\n\n<div class=\"wp-block-columns\">\n<div class=\"wp-block-column\">\n<p>W roku 1902 za\u0142o\u017cona zosta\u0142a II Cesarsko-Kr\u00f3lewska Wy\u017csza Szko\u0142a Realna. Mia\u0142a ona status szko\u0142y \u015bredniej. G\u0142\u00f3wny nacisk k\u0142adziono tam na nauczanie przedmiot\u00f3w matematyczno-przyrodniczych oraz j\u0119zyk\u00f3w nowo\u017cytnych. Szko\u0142a Realna mie\u015bci\u0142a si\u0119 w trzech kamienicach czynszowych przy ul. Micha\u0142owskiego pod nr 8, 10, 12 b\u0119d\u0105cych prywatn\u0105 w\u0142asno\u015bci\u0105 krakowskiego adwokata dr. Ludwika Merza.<\/p>\n\n\n\n<p>Do 1918 roku, mimo znacznych wp\u0142yw\u00f3w zaborcy austriackiego, \u017cycie szko\u0142y bi\u0142o polskim rytmem. \u015awiadcz\u0105 o tym spisy obowi\u0105zkowych podr\u0119cznik\u00f3w oraz tematy wypracowa\u0144 z j\u0119zyka polskiego dotycz\u0105ce m.in. tw\u00f3rczo\u015bci Mickiewicza, S\u0142owackiego, Sienkiewicza, Konopnickiej.<\/p>\n<\/div>\n<\/div>\n\n\n\n<hr class=\"wp-block-separator has-text-color has-background\" style=\"background-color:#235787;color:#235787\"\/>\n\n\n\n<h3 class=\"has-text-align-center\">Historia mi\u0119dzywojenna<\/h3>\n\n\n\n<p>Po odzyskaniu niepodleg\u0142o\u015bci zmieni\u0142 si\u0119 charakter szko\u0142y; dawna Cesarsko-Kr\u00f3lewska Wy\u017csza Szko\u0142a Realna przekszta\u0142cona zosta\u0142a w IX Gimnazjum Matematyczno-Przyrodnicze. W roku 1926 J\u00f3zef Maria Hoene-Wro\u0144ski zosta\u0142 patronem Gimnazjum.<\/p>\n\n\n\n<div class=\"wp-block-columns\">\n<div class=\"wp-block-column\">\n<div class=\"wp-block-image\"><figure class=\"alignright\"><img loading=\"lazy\" width=\"230\" height=\"300\" src=\"https:\/\/vii-lo.krakow.pl\/wp-content\/uploads\/2021\/02\/Jozef_Maria_Hoene_Wronski.jpg\" alt=\"Jozef_Maria_Ho\u00ebn\u00e9_Wronski\" class=\"wp-image-805\"\/><figcaption><a href=\"http:\/\/Autorstwa Rama - Praca w\u0142asna, CC BY-SA 2.0 fr, https:\/\/commons.wikimedia.org\/w\/index.php?curid=8475076\" target=\"_blank\" rel=\"noreferrer noopener nofollow\"><sup>Rama \u2013 Praca w\u0142asna<\/sup><\/a><\/figcaption><\/figure><\/div>\n<\/div>\n\n\n\n<div class=\"wp-block-column\">\n<h3>J\u00f3zef Maria Hoene-Wro\u0144ski<\/h3>\n\n\n\n<p>ur. w Wolsztynie w 1776r.<br>zm. w Pary\u017cu w 1853r.<\/p>\n\n\n\n<p>Filozof, matematyk, fizyk, astronom i technik wynalazca, a tak\u017ce prawnik i ekonomista, uczestnik insurekcji ko\u015bciuszkowskiej, p\u00f3\u017aniej w armii rosyjskiej. W 1800 r. osiad\u0142 na sta\u0142e we Francji. Czo\u0142owy przedstawiciel mesjanizmu polskiego. W matematyce wprowadzi\u0142 tzw. wronskian, tj. wyznacznik funkcyjny w teorii r\u00f3wna\u0144 r\u00f3\u017cniczkowych; w latach mi\u0119dzywojennych dzia\u0142a\u0142 w Polsce Instytut Mesjanistyczny propaguj\u0105cy jego dzie\u0142o.<\/p>\n<\/div>\n<\/div>\n\n\n\n<blockquote class=\"wp-block-quote\"><p><em>Warunki nauczania w naszej szkole by\u0142y trudne, co wynika\u0142o z nieodpowiednich budynk\u00f3w, ciasnych i ciemnych sal szkolnych, w\u0105skich korytarzy i braku sali gimnastycznej. Mimo tych trudno\u015bci szko\u0142a cieszy\u0142a si\u0119 dobr\u0105 opini\u0105 dzi\u0119ki wysokiemu poziomowi nauczania.<\/em><\/p><cite>J\u00f3zef Wyporowski: Wspomnienia. W: Spotkania abiturient\u00f3w IX Gimnazjum. T.4. Krak\u00f3w 1984, s. 34<\/cite><\/blockquote>\n\n\n\n<p>W czasie II wojny \u015bwiatowej szko\u0142a nie funkcjonowa\u0142a. W budynku mie\u015bci\u0142y si\u0119 koszary niemieckie, zniszczono w\u00f3wczas akta i dokumenty szko\u0142y.<\/p>\n\n\n\n<hr class=\"wp-block-separator has-text-color has-background\" style=\"background-color:#235787;color:#235787\"\/>\n\n\n\n<h3 class=\"has-text-align-center\">Historia powojenna<\/h3>\n\n\n\n<p>W 1945 roku szko\u0142a wznowi\u0142a dzia\u0142alno\u015b\u0107, ale ju\u017c jako IX Gimnazjum i Liceum \u017be\u0144skie. Liceum to mia\u0142o dwa profile: humanistyczny i matematyczno-przyrodniczy. W 1950 roku szkole nadano nazw\u0119 VII Liceum Og\u00f3lnokszta\u0142c\u0105ce. Jej siedziba mie\u015bci\u0142a si\u0119 w dalszym ci\u0105gu przy ulicy Micha\u0142owskiego.<\/p>\n\n\n\n<p>W 1960 roku dzi\u0119ki staraniom dyrektor Julii R\u00f3\u017cyckiej rozpocz\u0119to budow\u0119 nowego gmachu szkolnego przy ulicy Skarbi\u0144skiego 14. Plan budowy przygotowywa\u0142 \u201eMiastoprojekt\u201d pod kierunkiem Mieczys\u0142awa Ku\u017anara i Danuty Mieszkowskiej. Inwestorem g\u0142\u00f3wnym by\u0142o Kuratorium Okr\u0119gu Szkolnego Krakowskiego, inwestorem po\u015brednim \u2013 Dyrekcja Budowy Osiedli Robotniczych.<\/p>\n\n\n\n<div class=\"wp-block-jetpack-tiled-gallery aligncenter is-style-rectangular\"><div class=\"tiled-gallery__gallery\"><div class=\"tiled-gallery__row\"><div class=\"tiled-gallery__col\" style=\"flex-basis:53.14601686085062%\"><figure class=\"tiled-gallery__item filter__black-and-white\"><img srcset=\"https:\/\/i0.wp.com\/vii-lo.krakow.pl\/wp-content\/uploads\/2021\/03\/Biblioteka-pieczatka-gimnazjum-1.jpg?strip=info&#038;w=600&#038;ssl=1 600w,https:\/\/i0.wp.com\/vii-lo.krakow.pl\/wp-content\/uploads\/2021\/03\/Biblioteka-pieczatka-gimnazjum-1.jpg?strip=info&#038;w=900&#038;ssl=1 900w,https:\/\/i0.wp.com\/vii-lo.krakow.pl\/wp-content\/uploads\/2021\/03\/Biblioteka-pieczatka-gimnazjum-1.jpg?strip=info&#038;w=1200&#038;ssl=1 1200w,https:\/\/i0.wp.com\/vii-lo.krakow.pl\/wp-content\/uploads\/2021\/03\/Biblioteka-pieczatka-gimnazjum-1.jpg?strip=info&#038;w=1280&#038;ssl=1 1280w\" alt=\"\" data-height=\"1280\" data-id=\"1209\" data-link=\"https:\/\/vii-lo.krakow.pl\/?attachment_id=1209\" data-url=\"https:\/\/vii-lo.krakow.pl\/wp-content\/uploads\/2021\/03\/Biblioteka-pieczatka-gimnazjum-1.jpg\" data-width=\"1280\" src=\"https:\/\/i0.wp.com\/vii-lo.krakow.pl\/wp-content\/uploads\/2021\/03\/Biblioteka-pieczatka-gimnazjum-1.jpg?ssl=1\" layout=\"responsive\"\/><\/figure><\/div><div class=\"tiled-gallery__col\" style=\"flex-basis:46.85398313914938%\"><figure class=\"tiled-gallery__item filter__black-and-white\"><img srcset=\"https:\/\/i1.wp.com\/vii-lo.krakow.pl\/wp-content\/uploads\/2021\/03\/Julia-Rozycka.jpg?strip=info&#038;w=600&#038;ssl=1 600w,https:\/\/i1.wp.com\/vii-lo.krakow.pl\/wp-content\/uploads\/2021\/03\/Julia-Rozycka.jpg?strip=info&#038;w=900&#038;ssl=1 900w,https:\/\/i1.wp.com\/vii-lo.krakow.pl\/wp-content\/uploads\/2021\/03\/Julia-Rozycka.jpg?strip=info&#038;w=1200&#038;ssl=1 1200w,https:\/\/i1.wp.com\/vii-lo.krakow.pl\/wp-content\/uploads\/2021\/03\/Julia-Rozycka.jpg?strip=info&#038;w=1500&#038;ssl=1 1500w,https:\/\/i1.wp.com\/vii-lo.krakow.pl\/wp-content\/uploads\/2021\/03\/Julia-Rozycka.jpg?strip=info&#038;w=1800&#038;ssl=1 1800w,https:\/\/i1.wp.com\/vii-lo.krakow.pl\/wp-content\/uploads\/2021\/03\/Julia-Rozycka.jpg?strip=info&#038;w=1920&#038;ssl=1 1920w\" alt=\"Julia R\u00f3\u017cycka\" data-height=\"1080\" data-id=\"914\" data-link=\"https:\/\/vii-lo.krakow.pl\/?attachment_id=914\" data-url=\"https:\/\/vii-lo.krakow.pl\/wp-content\/uploads\/2021\/03\/Julia-Rozycka.jpg\" data-width=\"1920\" src=\"https:\/\/i1.wp.com\/vii-lo.krakow.pl\/wp-content\/uploads\/2021\/03\/Julia-Rozycka.jpg?ssl=1\" layout=\"responsive\"\/><\/figure><figure class=\"tiled-gallery__item filter__black-and-white\"><img srcset=\"https:\/\/i1.wp.com\/vii-lo.krakow.pl\/wp-content\/uploads\/2021\/03\/Pochod-uczennic-1961.jpg?strip=info&#038;w=600&#038;ssl=1 600w,https:\/\/i1.wp.com\/vii-lo.krakow.pl\/wp-content\/uploads\/2021\/03\/Pochod-uczennic-1961.jpg?strip=info&#038;w=900&#038;ssl=1 900w,https:\/\/i1.wp.com\/vii-lo.krakow.pl\/wp-content\/uploads\/2021\/03\/Pochod-uczennic-1961.jpg?strip=info&#038;w=1200&#038;ssl=1 1200w,https:\/\/i1.wp.com\/vii-lo.krakow.pl\/wp-content\/uploads\/2021\/03\/Pochod-uczennic-1961.jpg?strip=info&#038;w=1500&#038;ssl=1 1500w,https:\/\/i1.wp.com\/vii-lo.krakow.pl\/wp-content\/uploads\/2021\/03\/Pochod-uczennic-1961.jpg?strip=info&#038;w=1800&#038;ssl=1 1800w,https:\/\/i1.wp.com\/vii-lo.krakow.pl\/wp-content\/uploads\/2021\/03\/Pochod-uczennic-1961.jpg?strip=info&#038;w=1920&#038;ssl=1 1920w\" alt=\"Poch\u00f3d uczennic 1961\" data-height=\"1080\" data-id=\"915\" data-link=\"https:\/\/vii-lo.krakow.pl\/?attachment_id=915\" data-url=\"https:\/\/vii-lo.krakow.pl\/wp-content\/uploads\/2021\/03\/Pochod-uczennic-1961.jpg\" data-width=\"1920\" src=\"https:\/\/i1.wp.com\/vii-lo.krakow.pl\/wp-content\/uploads\/2021\/03\/Pochod-uczennic-1961.jpg?ssl=1\" layout=\"responsive\"\/><\/figure><\/div><\/div><div class=\"tiled-gallery__row\"><div class=\"tiled-gallery__col\" style=\"flex-basis:100%\"><figure class=\"tiled-gallery__item filter__black-and-white\"><img srcset=\"https:\/\/i1.wp.com\/vii-lo.krakow.pl\/wp-content\/uploads\/2021\/03\/Apel-przy-Skarbinskiego-1961.jpg?strip=info&#038;w=600&#038;ssl=1 600w,https:\/\/i1.wp.com\/vii-lo.krakow.pl\/wp-content\/uploads\/2021\/03\/Apel-przy-Skarbinskiego-1961.jpg?strip=info&#038;w=900&#038;ssl=1 900w,https:\/\/i1.wp.com\/vii-lo.krakow.pl\/wp-content\/uploads\/2021\/03\/Apel-przy-Skarbinskiego-1961.jpg?strip=info&#038;w=1200&#038;ssl=1 1200w,https:\/\/i1.wp.com\/vii-lo.krakow.pl\/wp-content\/uploads\/2021\/03\/Apel-przy-Skarbinskiego-1961.jpg?strip=info&#038;w=1500&#038;ssl=1 1500w,https:\/\/i1.wp.com\/vii-lo.krakow.pl\/wp-content\/uploads\/2021\/03\/Apel-przy-Skarbinskiego-1961.jpg?strip=info&#038;w=1800&#038;ssl=1 1800w,https:\/\/i1.wp.com\/vii-lo.krakow.pl\/wp-content\/uploads\/2021\/03\/Apel-przy-Skarbinskiego-1961.jpg?strip=info&#038;w=1920&#038;ssl=1 1920w\" alt=\"Apel przy Skarbi\u0144skiego 1961\" data-height=\"1382\" data-id=\"1164\" data-link=\"https:\/\/vii-lo.krakow.pl\/?attachment_id=1164\" data-url=\"https:\/\/vii-lo.krakow.pl\/wp-content\/uploads\/2021\/03\/Apel-przy-Skarbinskiego-1961.jpg\" data-width=\"1920\" src=\"https:\/\/i1.wp.com\/vii-lo.krakow.pl\/wp-content\/uploads\/2021\/03\/Apel-przy-Skarbinskiego-1961.jpg?ssl=1\" layout=\"responsive\"\/><\/figure><\/div><\/div><\/div><\/div>\n\n\n\n<p>Tak dzie\u0144 przeprowadzki dokumentuje szkolna kronika: \u201eDnia 16.09.1961 roku tym razem po raz ostatni zebrali\u015bmy si\u0119 na podw\u00f3rku, aby uroczy\u015bcie po\u017cegna\u0107 stary budynek. Niejedna uroni\u0142a \u0142ezk\u0119 \u017cegnaj\u0105c stare mury. Nie zwlekaj\u0105c ustawi\u0142y\u015bmy si\u0119 czw\u00f3rkami i w kolumnie, kt\u00f3r\u0105 prowadzi\u0142 poczet sztandarowy, ruszy\u0142y\u015bmy w kierunku odleg\u0142ej ulicy Skarbi\u0144skiego\u201d.<\/p>\n\n\n\n<blockquote class=\"wp-block-quote is-style-default\"><p><em>Ulicami miasta przeszed\u0142 dzisiaj poch\u00f3d dziewcz\u0105t kieruj\u0105c si\u0119 w stron\u0119 ulicy Skarbi\u0144skiego. To uczennice VII Liceum Og\u00f3lnokszta\u0142c\u0105cego, ucz\u0105ce si\u0119 dotychczas w ciasnych i ciemnych klasach budynku przy ul. Micha\u0142owskiego obj\u0119\u0142y w posiadanie wspania\u0142y nowy gmach szkolny, w kt\u00f3rym klasy s\u0105 naprawd\u0119 przepi\u0119kne, pracownie urz\u0105dzone ze wszystkimi \u201eszykanami\u201d, a aula imponuj\u0105cych rozmiar\u00f3w.<\/em><\/p><p><em>Wsz\u0119dzie mn\u00f3stwo przestrzeni i \u015bwiat\u0142a, i wsz\u0119dzie uszcz\u0119\u015bliwione twarze uczennic, kt\u00f3re z zapa\u0142em pomaga\u0142y wczoraj przy przeprowadzce, nie m\u00f3wi\u0105c ju\u017c o tym, \u017ce jedenastolatki (z oddzia\u0142u E) wypastowa\u0142y ca\u0142y nawet korytarz, kt\u00f3ry dzisiaj b\u0142yszczy jak lustro.<\/em><\/p><cite>Fragment artyku\u0142u z \u201eDziennika Polskiego\u201d<\/cite><\/blockquote>\n\n\n\n<p>Rok potem szko\u0142a otrzyma\u0142a nowego patrona. Zosta\u0142a nim Zofia Na\u0142kowska.<\/p>\n\n\n\n<div class=\"wp-block-columns\">\n<div class=\"wp-block-column\">\n<div class=\"wp-block-image\"><figure class=\"alignright size-large\"><img loading=\"lazy\" width=\"230\" height=\"300\" src=\"https:\/\/vii-lo.krakow.pl\/wp-content\/uploads\/2021\/02\/Zofia-Nalkowska.jpg\" alt=\"Zofia Na\u0142kowska\" class=\"wp-image-845\"\/><figcaption><a href=\"https:\/\/audiovis.nac.gov.pl\/obraz\/27733\/\" target=\"_blank\" rel=\"noreferrer noopener nofollow\"><sup>Koncern Ilustrowany Kurier Codzienny<\/sup><\/a><\/figcaption><\/figure><\/div>\n<\/div>\n\n\n\n<div class=\"wp-block-column\">\n<h3>Zofia Na\u0142kowska<\/h3>\n\n\n\n<p>ur. w Warszawie 1884r.<br>zm. w Warszawie w 1954r.<\/p>\n\n\n\n<p>Pisarka, c\u00f3rka Wac\u0142awa Na\u0142kowskiego, wieloletnia dzia\u0142aczka ZLP i PEN Clubu. Debiutowa\u0142a w okresie M\u0142odej Polski; w swych wczesnych utworach rozwija\u0142a indywidualistyczno-estetyzuj\u0105c\u0105 koncepcj\u0119 osobowo\u015bci. W latach mi\u0119dzywojennych wykszta\u0142ci\u0142a w\u0142asn\u0105 odmian\u0119 prozy psychologiczno-spo\u0142ecznej. Po drugiej wojnie \u015bwiatowej wyda\u0142a tom \u201eMedaliony\u201d, zawieraj\u0105cy relacj\u0119 o niszcz\u0105cych osobowo\u015b\u0107 cz\u0142owieka skutkach hitlerowskiego systemu eksterminacji.<\/p>\n<\/div>\n<\/div>\n\n\n\n<p>We wrze\u015bniu 1962 roku w\u0142\u0105czono w sk\u0142ad szko\u0142y rozwi\u0105zane IX Liceum Og\u00f3lnokszta\u0142c\u0105ce im. J\u00f3zefy Joteyko z ul. Podwale. Kolejne po\u0142\u0105czenie nast\u0105pi\u0142o w roku szkolnym 1980\/81 \u2013 do VII LO przy\u0142\u0105czono XVII LO im. p\u0142k. Boles\u0142awa Kowalskiego z ul. Praskiej.<\/p>\n\n\n\n<h3 class=\"has-text-align-center\">Historia VII LO w Krakowie w realiach III RP<\/h3>\n\n\n\n<p>Rok 2002 by\u0142 dla VII Liceum Og\u00f3lnokszta\u0142c\u0105cego rokiem szczeg\u00f3lnym, gdy\u017c wtedy przypad\u0142o stulecie istnienia plac\u00f3wki. Obchody Jubileuszu \u015bwi\u0119towane, 16 listopada, by\u0142y bardzo uroczyste; obejmowa\u0142y spotkania absolwent\u00f3w w szkole, gal\u0119 w Teatrze im. Juliusza S\u0142owackiego oraz bal absolwent\u00f3w salach restauracyjnych Hotelu Europejskiego.<\/p>\n\n\n\n<p>Obchody 105-lecia istnienia Szko\u0142y odby\u0142y si\u0119 30 listopada 2007 roku. Uroczysto\u015b\u0107 rozpocz\u0119\u0142o przem\u00f3wienie pana dyrektora Wojciecha Zag\u00f3rnego. Nast\u0119pnie uczniowie zaprezentowali przygotowany specjalnie na t\u0119 okazj\u0119 spektakl \u201eSi\u00f3demka\u201d. Wa\u017cn\u0105 cz\u0119\u015bci\u0105 uroczysto\u015bci by\u0142a ceremonia \u015blubowania uczni\u00f3w klas pierwszych.<\/p>\n","protected":false},"excerpt":{"rendered":"<p>Pod zaborami W roku 1902 za\u0142o\u017cona zosta\u0142a II Cesarsko-Kr\u00f3lewska Wy\u017csza Szko\u0142a Realna. Mia\u0142a ona status szko\u0142y \u015bredniej. G\u0142\u00f3wny nacisk k\u0142adziono tam na nauczanie przedmiot\u00f3w matematyczno-przyrodniczych&hellip;<\/p>\n","protected":false},"author":3,"featured_media":0,"parent":0,"menu_order":0,"comment_status":"closed","ping_status":"closed","template":"","meta":{"spay_email":""},"_links":{"self":[{"href":"https:\/\/vii-lo.krakow.pl\/index.php?rest_route=\/wp\/v2\/pages\/1166"}],"collection":[{"href":"https:\/\/vii-lo.krakow.pl\/index.php?rest_route=\/wp\/v2\/pages"}],"about":[{"href":"https:\/\/vii-lo.krakow.pl\/index.php?rest_route=\/wp\/v2\/types\/page"}],"author":[{"embeddable":true,"href":"https:\/\/vii-lo.krakow.pl\/index.php?rest_route=\/wp\/v2\/users\/3"}],"replies":[{"embeddable":true,"href":"https:\/\/vii-lo.krakow.pl\/index.php?rest_route=%2Fwp%2Fv2%2Fcomments&post=1166"}],"version-history":[{"count":22,"href":"https:\/\/vii-lo.krakow.pl\/index.php?rest_route=\/wp\/v2\/pages\/1166\/revisions"}],"predecessor-version":[{"id":5543,"href":"https:\/\/vii-lo.krakow.pl\/index.php?rest_route=\/wp\/v2\/pages\/1166\/revisions\/5543"}],"wp:attachment":[{"href":"https:\/\/vii-lo.krakow.pl\/index.php?rest_route=%2Fwp%2Fv2%2Fmedia&parent=1166"}],"curies":[{"name":"wp","href":"https:\/\/api.w.org\/{rel}","templated":true}]}}