{"id":125,"date":"2021-02-05T19:26:08","date_gmt":"2021-02-05T18:26:08","guid":{"rendered":"http:\/\/vii-lo.krakow.pl\/?page_id=125"},"modified":"2025-11-20T16:00:15","modified_gmt":"2025-11-20T15:00:15","slug":"rada-rodzicow-2020-2021","status":"publish","type":"page","link":"https:\/\/vii-lo.krakow.pl\/?page_id=125","title":{"rendered":"Rada Rodzic\u00f3w"},"content":{"rendered":"\n<p class=\"has-text-align-center\" style=\"font-size:30px\"><strong>Prezydium Rady Rodzic\u00f3w 2024\/2025<\/strong><\/p>\n\n\n\n<p class=\"has-text-align-center\"><strong>Sylwia Kwilosz<\/strong> \u2013 Prezes (<a href=\"mailto:sylwia_kwilosz@poczta.fm\" target=\"_blank\" rel=\"noreferrer noopener\">e-mail<\/a>)<br><strong>Bart\u0142omiej Pawlak<\/strong> \u2013 Z-ca Prezesa<br><strong>Pawe\u0142 Ma\u015blej<\/strong> \u2013 Z-ca Prezesa<br><strong>Tomasz Stachura<\/strong> \u2013 Skarbnik<br><strong>Dagmara Klimek<\/strong> \u2013 Cz\u0142onek<br><strong>Ewa Nealon<\/strong> \u2013 Cz\u0142onek<br><strong>Renata Wi\u015bniewska<\/strong> \u2013 Cz\u0142onek<br> <strong>Wojciech W\u00f3jcikowski<\/strong> \u2013 Cz\u0142onek <\/p>\n\n\n\n<p class=\"has-text-align-center\" style=\"font-size:30px\"><strong>Komisja Rewizyjna<\/strong><\/p>\n\n\n\n<p class=\"has-text-align-center\"><strong>Dariusz R\u00f3zga<\/strong> \u2013 Przewodnicz\u0105cy<br><strong>Laura Bandura-Morgan<\/strong> \u2013 Cz\u0142onek<br><strong>Justyna Kozio\u0142<\/strong> \u2013 Cz\u0142onek<\/p>\n\n\n\n<hr class=\"wp-block-separator is-style-wide\"\/>\n\n\n\n<p class=\"has-text-align-center\">nr konta: PEKAO 79 1240 4575 1111 0000 5457 5884<\/p>\n\n\n\n<hr class=\"wp-block-separator is-style-wide\"\/>\n\n\n\n<p class=\"has-text-align-center\"><strong>1,5% podatku na rzecz VII Liceum Og\u00f3lnokszta\u0142c\u0105cego w Krakowie<\/strong><\/p>\n\n\n\n<p class=\"has-text-align-center\">Fundacja O\u015bwiatowa im. ks. Stanis\u0142awa Konarskiego nr KRS 0000007646<\/p>\n\n\n\n<p class=\"has-text-align-center\">W deklaracji PIT prosimy wskaza\u0107 cel, na kt\u00f3ry Fundacja ma przeznaczy\u0107 pieni\u0105dze:<\/p>\n\n\n\n<p class=\"has-text-align-center\"><em>FUNDUSZ WSP\u00d3\u0141DZIA\u0141ANIA. VII LICEUM OG\u00d3LNOKSZTA\u0141C\u0104CE W KRAKOWIE<\/em><\/p>\n","protected":false},"excerpt":{"rendered":"<p>Prezydium Rady Rodzic\u00f3w 2024\/2025 Sylwia Kwilosz \u2013 Prezes (e-mail)Bart\u0142omiej Pawlak \u2013 Z-ca PrezesaPawe\u0142 Ma\u015blej \u2013 Z-ca PrezesaTomasz Stachura \u2013 SkarbnikDagmara Klimek \u2013 Cz\u0142onekEwa Nealon \u2013&hellip;<\/p>\n","protected":false},"author":3,"featured_media":0,"parent":0,"menu_order":0,"comment_status":"closed","ping_status":"closed","template":"","meta":{"spay_email":""},"_links":{"self":[{"href":"https:\/\/vii-lo.krakow.pl\/index.php?rest_route=\/wp\/v2\/pages\/125"}],"collection":[{"href":"https:\/\/vii-lo.krakow.pl\/index.php?rest_route=\/wp\/v2\/pages"}],"about":[{"href":"https:\/\/vii-lo.krakow.pl\/index.php?rest_route=\/wp\/v2\/types\/page"}],"author":[{"embeddable":true,"href":"https:\/\/vii-lo.krakow.pl\/index.php?rest_route=\/wp\/v2\/users\/3"}],"replies":[{"embeddable":true,"href":"https:\/\/vii-lo.krakow.pl\/index.php?rest_route=%2Fwp%2Fv2%2Fcomments&post=125"}],"version-history":[{"count":11,"href":"https:\/\/vii-lo.krakow.pl\/index.php?rest_route=\/wp\/v2\/pages\/125\/revisions"}],"predecessor-version":[{"id":6326,"href":"https:\/\/vii-lo.krakow.pl\/index.php?rest_route=\/wp\/v2\/pages\/125\/revisions\/6326"}],"wp:attachment":[{"href":"https:\/\/vii-lo.krakow.pl\/index.php?rest_route=%2Fwp%2Fv2%2Fmedia&parent=125"}],"curies":[{"name":"wp","href":"https:\/\/api.w.org\/{rel}","templated":true}]}}