{"id":1261,"date":"2021-04-01T08:24:23","date_gmt":"2021-04-01T06:24:23","guid":{"rendered":"https:\/\/vii-lo.krakow.pl\/?page_id=1261"},"modified":"2021-04-18T22:15:51","modified_gmt":"2021-04-18T20:15:51","slug":"dzien-otwarty-2021","status":"publish","type":"page","link":"https:\/\/vii-lo.krakow.pl\/?page_id=1261","title":{"rendered":"Wirtualny Dzie\u0144 Otwarty 2021"},"content":{"rendered":"\n<div style=\"height:100px\" aria-hidden=\"true\" class=\"wp-block-spacer\"><\/div>\n\n\n\n<h2 class=\"has-text-align-center\">Si\u00f3demka wita!<\/h2>\n\n\n\n<div class=\"wp-block-image\"><figure class=\"aligncenter size-large\"><img loading=\"lazy\" width=\"80\" height=\"80\" src=\"https:\/\/vii-lo.krakow.pl\/wp-content\/uploads\/2021\/04\/Logo-szkoly.jpg\" alt=\"Logo szko\u0142y icon\" class=\"wp-image-1340\"\/><\/figure><\/div>\n\n\n\n<p class=\"has-text-align-center\"><a href=\"https:\/\/youtu.be\/xbHSmb0yGJ0\" target=\"_blank\" rel=\"noreferrer noopener\" title=\"https:\/\/youtu.be\/xbHSmb0yGJ0\">Wirtualny spacer po szkole<\/a><\/p>\n\n\n\n<hr class=\"wp-block-separator has-text-color has-background\" style=\"background-color:#235787;color:#235787\"\/>\n\n\n\n<h3 class=\"has-text-align-center\">J\u0119zyk polski<\/h3>\n\n\n\n<div class=\"wp-block-image\"><figure class=\"aligncenter size-large\"><img loading=\"lazy\" width=\"80\" height=\"80\" src=\"https:\/\/vii-lo.krakow.pl\/wp-content\/uploads\/2021\/04\/Jezyk-polski.jpg\" alt=\"J\u0119zyk polski\" class=\"wp-image-1284\"\/><\/figure><\/div>\n\n\n\n<p class=\"has-text-align-center\"><a href=\"https:\/\/youtu.be\/ZTdaCX6CI4c\" target=\"_blank\" rel=\"noreferrer noopener\" title=\"https:\/\/youtu.be\/ZTdaCX6CI4c\">Dzielmy si\u0119 Tischnerem &#8211; film<\/a><\/p>\n\n\n\n<p class=\"has-text-align-center\"><a href=\"https:\/\/youtu.be\/t2F3vNR7XMw\" target=\"_blank\" rel=\"noreferrer noopener\" title=\"https:\/\/youtu.be\/t2F3vNR7XMw\">Jak uczymy j\u0119zyka polskiego w Si\u00f3demce &#8211; film<\/a><\/p>\n\n\n\n<p class=\"has-text-align-center\"><a href=\"https:\/\/youtu.be\/Mz-WETqBsUY\" target=\"_blank\" rel=\"noreferrer noopener\" title=\"https:\/\/youtu.be\/Mz-WETqBsUY\">I znowu film o polskim w Si\u00f3demce, ale teraz z ca\u0142kiem innej beczki\u2026<\/a><\/p>\n\n\n\n<hr class=\"wp-block-separator has-text-color has-background\" style=\"background-color:#235787;color:#235787\"\/>\n\n\n\n<h3 class=\"has-text-align-center\">J\u0119zyk angielski<\/h3>\n\n\n\n<div class=\"wp-block-image\"><figure class=\"aligncenter size-large\"><img loading=\"lazy\" width=\"80\" height=\"80\" src=\"https:\/\/vii-lo.krakow.pl\/wp-content\/uploads\/2021\/04\/Jezyk-angielski.jpg\" alt=\"J\u0119zyk angielski icon\" class=\"wp-image-1290\"\/><\/figure><\/div>\n\n\n\n<p class=\"has-text-align-center\"><a href=\"https:\/\/youtu.be\/OtSIFP3nq-E\" target=\"_blank\" rel=\"noreferrer noopener\" title=\"https:\/\/youtu.be\/OtSIFP3nq-E\">J\u0119zyk angielski w Si\u00f3demce &#8211; film<\/a><\/p>\n\n\n\n<p class=\"has-text-align-center\"><a href=\"https:\/\/vii-lo.krakow.pl\/wp-content\/uploads\/2021\/04\/Wirtualny-Dzien-Otwarty-VII-LO-Krakow-2021-jezyk-angielski.pdf\" title=\"https:\/\/vii-lo.krakow.pl\/wp-content\/uploads\/2021\/04\/Wirtualny-Dzien-Otwarty-VII-LO-Krakow-2021-jezyk-angielski.pdf\" target=\"_blank\" rel=\"noreferrer noopener\">English with us is Fun<\/a><\/p>\n\n\n\n<hr class=\"wp-block-separator has-text-color has-background\" style=\"background-color:#235787;color:#235787\"\/>\n\n\n\n<h3 class=\"has-text-align-center\">J\u0119zyk niemiecki<\/h3>\n\n\n\n<div class=\"wp-block-image\"><figure class=\"aligncenter size-large\"><img loading=\"lazy\" width=\"80\" height=\"80\" src=\"https:\/\/vii-lo.krakow.pl\/wp-content\/uploads\/2021\/04\/Jezyk-niemiecki.jpg\" alt=\"J\u0119zyk niemiecki icon\" class=\"wp-image-1293\"\/><\/figure><\/div>\n\n\n\n<p class=\"has-text-align-center\"><a href=\"https:\/\/youtu.be\/OVtGQJClmrs\" target=\"_blank\" rel=\"noreferrer noopener\" title=\"https:\/\/youtu.be\/OVtGQJClmrs\">DSD &#8211; film<\/a><\/p>\n\n\n\n<hr class=\"wp-block-separator has-text-color has-background\" style=\"background-color:#235787;color:#235787\"\/>\n\n\n\n<h3 class=\"has-text-align-center\">J\u0119zyk rosyjski<\/h3>\n\n\n\n<div class=\"wp-block-image\"><figure class=\"aligncenter size-large\"><img loading=\"lazy\" width=\"80\" height=\"80\" src=\"https:\/\/vii-lo.krakow.pl\/wp-content\/uploads\/2021\/04\/Jezyk-rosyjski.jpg\" alt=\"J\u0119zyk rosyjski icon\" class=\"wp-image-1294\"\/><\/figure><\/div>\n\n\n\n<p class=\"has-text-align-center\"><a href=\"https:\/\/youtu.be\/DF4RyxzglRg\" target=\"_blank\" rel=\"noreferrer noopener\" title=\"https:\/\/youtu.be\/DF4RyxzglRg\">\u0420\u0443\u0441\u0441\u043a\u0438\u0439 \u044f\u0437\u044b\u043a: \u043f\u0435\u0440\u0432\u044b\u0435 \u0448\u0430\u0433\u0438 \u0441 \u0413\u0430\u0431\u0438 \u0438 \u041d\u0438\u043a\u043e\u043b\u0430\u0435\u043c &#8211; \u043a\u0438\u043d\u043e<\/a><\/p>\n\n\n\n<hr class=\"wp-block-separator has-text-color has-background\" style=\"background-color:#235787;color:#235787\"\/>\n\n\n\n<h3 class=\"has-text-align-center\">J\u0119zyk francuski<\/h3>\n\n\n\n<div class=\"wp-block-image\"><figure class=\"aligncenter size-large\"><img loading=\"lazy\" width=\"80\" height=\"80\" src=\"https:\/\/vii-lo.krakow.pl\/wp-content\/uploads\/2021\/04\/Jezyk-francuski.jpg\" alt=\"J\u0119zyk francuski icon\" class=\"wp-image-1291\"\/><\/figure><\/div>\n\n\n\n<p class=\"has-text-align-center\" id=\"tw-target-text\"><a href=\"https:\/\/youtu.be\/xsw8W2kvQbA\" target=\"_blank\" rel=\"noreferrer noopener\" title=\"https:\/\/youtu.be\/xsw8W2kvQbA\">Comment on apprend le fran\u00e7ais &#8211; un film<\/a><\/p>\n\n\n\n<hr class=\"wp-block-separator has-text-color has-background\" style=\"background-color:#235787;color:#235787\"\/>\n\n\n\n<h3 class=\"has-text-align-center\">J\u0119zyk hiszpa\u0144ski<\/h3>\n\n\n\n<div class=\"wp-block-image\"><figure class=\"aligncenter size-large\"><img loading=\"lazy\" width=\"80\" height=\"80\" src=\"https:\/\/vii-lo.krakow.pl\/wp-content\/uploads\/2021\/04\/Jezyk-hiszpanski.jpg\" alt=\"J\u0119zyk hiszpa\u0144ski icon\" class=\"wp-image-1292\"\/><\/figure><\/div>\n\n\n\n<p class=\"has-text-align-center\"><a href=\"https:\/\/vii-lo.krakow.pl\/wp-content\/uploads\/2021\/04\/Wirtualny-Dzien-Otwarty-VII-LO-Krakow-2021-jezyk-hiszpanski.pdf\" target=\"_blank\" rel=\"noreferrer noopener\" title=\"https:\/\/vii-lo.krakow.pl\/wp-content\/uploads\/2021\/04\/Wirtualny-Dzien-Otwarty-VII-LO-Krakow-2021-jezyk-hiszpanski.pdf\">\u00a1Hola! \u00a1Buenos d\u00edas!<\/a><\/p>\n\n\n\n<hr class=\"wp-block-separator has-text-color has-background\" style=\"background-color:#235787;color:#235787\"\/>\n\n\n\n<h3 class=\"has-text-align-center\">Historia, wiedza o spo\u0142ecze\u0144stwie, historia sztuki, plastyka<\/h3>\n\n\n\n<div class=\"wp-block-image\"><figure class=\"aligncenter size-large\"><img loading=\"lazy\" width=\"80\" height=\"80\" src=\"https:\/\/vii-lo.krakow.pl\/wp-content\/uploads\/2021\/04\/Historia.jpg\" alt=\"Historia icon\" class=\"wp-image-1304\"\/><\/figure><\/div>\n\n\n\n<p class=\"has-text-align-center\"><a href=\"https:\/\/youtu.be\/McC5g18A-_A\" target=\"_blank\" rel=\"noreferrer noopener\" title=\"https:\/\/youtu.be\/McC5g18A-_A\">Jak uczymy historii, wiedzy o spo\u0142ecze\u0144stwie, historii sztuki, plastyki w Si\u00f3demce &#8211; film<\/a><\/p>\n\n\n\n<hr class=\"wp-block-separator has-text-color has-background\" style=\"background-color:#235787;color:#235787\"\/>\n\n\n\n<h3 class=\"has-text-align-center\">Geografia<\/h3>\n\n\n\n<div class=\"wp-block-image\"><figure class=\"aligncenter size-large\"><img loading=\"lazy\" width=\"80\" height=\"80\" src=\"https:\/\/vii-lo.krakow.pl\/wp-content\/uploads\/2021\/04\/Geografia.jpg\" alt=\"Geografia icon\" class=\"wp-image-1303\"\/><\/figure><\/div>\n\n\n\n<p class=\"has-text-align-center\"><a href=\"https:\/\/youtu.be\/GUDcfypVkJo\" target=\"_blank\" rel=\"noreferrer noopener\" title=\"https:\/\/youtu.be\/GUDcfypVkJo\">Zapraszamy do wsp\u00f3lnego poznawania \u015bwiata &#8211; film<\/a><\/p>\n\n\n\n<hr class=\"wp-block-separator has-text-color has-background\" style=\"background-color:#235787;color:#235787\"\/>\n\n\n\n<h3 class=\"has-text-align-center\">Biologia<\/h3>\n\n\n\n<div class=\"wp-block-image\"><figure class=\"aligncenter size-large\"><img loading=\"lazy\" width=\"80\" height=\"80\" src=\"https:\/\/vii-lo.krakow.pl\/wp-content\/uploads\/2021\/04\/Biologia.jpg\" alt=\"Biologia icon\" class=\"wp-image-1307\"\/><\/figure><\/div>\n\n\n\n<p class=\"has-text-align-center\"><a href=\"https:\/\/youtu.be\/tVRwpZsGw50\" target=\"_blank\" rel=\"noreferrer noopener\" title=\"https:\/\/youtu.be\/tVRwpZsGw50\">Zapraszamy na zaj\u0119cia z biologii &#8211; film<\/a><\/p>\n\n\n\n<hr class=\"wp-block-separator has-text-color has-background\" style=\"background-color:#235787;color:#235787\"\/>\n\n\n\n<h3 class=\"has-text-align-center\">Chemia<\/h3>\n\n\n\n<div class=\"wp-block-image\"><figure class=\"aligncenter size-large\"><img loading=\"lazy\" width=\"80\" height=\"80\" src=\"https:\/\/vii-lo.krakow.pl\/wp-content\/uploads\/2021\/04\/Chemia.jpg\" alt=\"Chemia icon\" class=\"wp-image-1308\"\/><\/figure><\/div>\n\n\n\n<p class=\"has-text-align-center\"><a href=\"https:\/\/youtu.be\/a469SJ6IBEo\" target=\"_blank\" rel=\"noreferrer noopener\" title=\"https:\/\/youtu.be\/a469SJ6IBEo\">Do\u015bwiadczenia chemiczne &#8211; film<\/a><\/p>\n\n\n\n<hr class=\"wp-block-separator has-text-color has-background\" style=\"background-color:#235787;color:#235787\"\/>\n\n\n\n<h3 class=\"has-text-align-center\">Fizyka<\/h3>\n\n\n\n<div class=\"wp-block-image\"><figure class=\"aligncenter size-large\"><img loading=\"lazy\" width=\"80\" height=\"80\" src=\"https:\/\/vii-lo.krakow.pl\/wp-content\/uploads\/2021\/04\/Fizyka.jpg\" alt=\"Fizyka icon\" class=\"wp-image-1317\"\/><\/figure><\/div>\n\n\n\n<p class=\"has-text-align-center\"><a href=\"https:\/\/youtu.be\/2gPvBVgLbFw\" target=\"_blank\" rel=\"noreferrer noopener\" title=\"https:\/\/youtu.be\/2gPvBVgLbFw\">Magnetyzm &#8211; film<\/a><\/p>\n\n\n\n<hr class=\"wp-block-separator has-text-color has-background\" style=\"background-color:#235787;color:#235787\"\/>\n\n\n\n<h3 class=\"has-text-align-center\">Matematyka<\/h3>\n\n\n\n<div class=\"wp-block-image\"><figure class=\"aligncenter size-large\"><img loading=\"lazy\" width=\"80\" height=\"80\" src=\"https:\/\/vii-lo.krakow.pl\/wp-content\/uploads\/2021\/04\/Matematyka.jpg\" alt=\"Matematyka icon\" class=\"wp-image-1314\"\/><\/figure><\/div>\n\n\n\n<p class=\"has-text-align-center\"><a href=\"https:\/\/youtu.be\/CAPtxpBqSeQ\" target=\"_blank\" rel=\"noreferrer noopener\" title=\"https:\/\/youtu.be\/CAPtxpBqSeQ\">Jak posadzi\u0107 siedem drzew w siedmiu rz\u0119dach, by w ka\u017cdym z rz\u0119d\u00f3w by\u0142y trzy drzewa? &#8211; film<\/a><\/p>\n\n\n\n<hr class=\"wp-block-separator has-text-color has-background\" style=\"background-color:#235787;color:#235787\"\/>\n\n\n\n<h3 class=\"has-text-align-center\">Informatyka<\/h3>\n\n\n\n<div class=\"wp-block-image\"><figure class=\"aligncenter size-large\"><img loading=\"lazy\" width=\"80\" height=\"80\" src=\"https:\/\/vii-lo.krakow.pl\/wp-content\/uploads\/2021\/04\/Informatyka.jpg\" alt=\"Informatyka icon\" class=\"wp-image-1318\"\/><\/figure><\/div>\n\n\n\n<p class=\"has-text-align-center\"><a href=\"https:\/\/youtu.be\/ZTUqTRwxKbE\" target=\"_blank\" rel=\"noreferrer noopener\" title=\"https:\/\/youtu.be\/ZTUqTRwxKbE\">Informatyka w Si\u00f3demce &#8211; film<\/a><\/p>\n\n\n\n<p class=\"has-text-align-center\"><a href=\"https:\/\/youtu.be\/PXAAh68dEXo\" target=\"_blank\" rel=\"noreferrer noopener\" title=\"https:\/\/youtu.be\/PXAAh68dEXo\">Informatyka &#8211; czy to tylko nauka o przetwarzaniu informacji? &#8211; film<\/a><\/p>\n\n\n\n<p class=\"has-text-align-center\"><a href=\"https:\/\/youtu.be\/brcgSTz3g9E\" target=\"_blank\" rel=\"noreferrer noopener\" title=\"https:\/\/youtu.be\/brcgSTz3g9E\">Urz\u0105dzenia cyfrowe i sieci &#8211; film<\/a><\/p>\n\n\n\n<hr class=\"wp-block-separator has-text-color has-background\" style=\"background-color:#235787;color:#235787\"\/>\n\n\n\n<h3 class=\"has-text-align-center\">Wychowanie fizyczne<\/h3>\n\n\n\n<div class=\"wp-block-image\"><figure class=\"aligncenter size-large\"><img loading=\"lazy\" width=\"80\" height=\"80\" src=\"https:\/\/vii-lo.krakow.pl\/wp-content\/uploads\/2021\/04\/Wychowanie-fizyczne.jpg\" alt=\"Wychowanie fizyczne icon\" class=\"wp-image-1320\"\/><\/figure><\/div>\n\n\n\n<p class=\"has-text-align-center\"><a href=\"https:\/\/youtu.be\/4X-m_D4qkwM\" target=\"_blank\" rel=\"noreferrer noopener\" title=\"https:\/\/youtu.be\/4X-m_D4qkwM\">Co robimy na lekcjach wychowania fizycznego? &#8211; film<\/a><\/p>\n\n\n\n<p class=\"has-text-align-center\"><a href=\"https:\/\/youtu.be\/JuXts4ZM_LU\" target=\"_blank\" rel=\"noreferrer noopener\" title=\"https:\/\/youtu.be\/JuXts4ZM_LU\">Taniec na otwarcie Centrum Sportu i Kultury VII LO w Krakowie &#8211; film<\/a><\/p>\n\n\n\n<hr class=\"wp-block-separator has-text-color has-background\" style=\"background-color:#235787;color:#235787\"\/>\n\n\n\n<h3 class=\"has-text-align-center\">Edukacja dla bezpiecze\u0144stwa<\/h3>\n\n\n\n<div class=\"wp-block-image\"><figure class=\"aligncenter size-large\"><img loading=\"lazy\" width=\"80\" height=\"80\" src=\"https:\/\/vii-lo.krakow.pl\/wp-content\/uploads\/2021\/04\/Edukacja-dla-bezpieczenstwa.jpg\" alt=\"Edukacja dla bezpiecze\u0144stwa icon\" class=\"wp-image-1319\"\/><\/figure><\/div>\n\n\n\n<p class=\"has-text-align-center\"><a href=\"https:\/\/youtu.be\/JBXefnyuGOc\" target=\"_blank\" rel=\"noreferrer noopener\" title=\"https:\/\/youtu.be\/JBXefnyuGOc\"><\/a><a href=\"https:\/\/youtu.be\/5mTMK_WaGQ8\" target=\"_blank\" rel=\"noreferrer noopener\" title=\"https:\/\/youtu.be\/5mTMK_WaGQ8\">W nieco humorystyczny spos\u00f3b pokazana potrzeba znajomo\u015bci zasad udzielania pierwszej pomocy &#8211; film<\/a><\/p>\n\n\n\n<hr class=\"wp-block-separator has-text-color has-background\" style=\"background-color:#235787;color:#235787\"\/>\n\n\n\n<h3 class=\"has-text-align-center\">Filozofia<\/h3>\n\n\n\n<div class=\"wp-block-image\"><figure class=\"aligncenter size-large\"><img loading=\"lazy\" width=\"80\" height=\"80\" src=\"https:\/\/vii-lo.krakow.pl\/wp-content\/uploads\/2021\/04\/Filozofia.jpg\" alt=\"Filozofia icon\" class=\"wp-image-1356\"\/><\/figure><\/div>\n\n\n\n<p class=\"has-text-align-center\"><a href=\"https:\/\/youtu.be\/KXsyAi9cNcM\" target=\"_blank\" rel=\"noreferrer noopener\" title=\"https:\/\/youtu.be\/KXsyAi9cNcM\"><em>Sapere auso<\/em> &#8211; d\u0105\u017cenie do m\u0105dro\u015bci &#8211; film<\/a><\/p>\n\n\n\n<hr class=\"wp-block-separator has-text-color has-background\" style=\"background-color:#235787;color:#235787\"\/>\n\n\n\n<h3 class=\"has-text-align-center\">Religia<\/h3>\n\n\n\n<div class=\"wp-block-image\"><figure class=\"aligncenter size-large\"><img loading=\"lazy\" width=\"80\" height=\"80\" src=\"https:\/\/vii-lo.krakow.pl\/wp-content\/uploads\/2021\/04\/Religia.jpg\" alt=\"Religia icon\" class=\"wp-image-1321\"\/><\/figure><\/div>\n\n\n\n<p class=\"has-text-align-center\"><a href=\"https:\/\/youtu.be\/mL38tFygpwo\" target=\"_blank\" rel=\"noreferrer noopener\" title=\"https:\/\/youtu.be\/mL38tFygpwo\">Jak wygl\u0105daj\u0105 lekcje religii opowiada Pan Piotr Piku\u0142a &#8211; film<\/a><\/p>\n\n\n\n<hr class=\"wp-block-separator has-text-color has-background\" style=\"background-color:#235787;color:#235787\"\/>\n\n\n\n<h3 class=\"has-text-align-center\">Biblioteka<\/h3>\n\n\n\n<div class=\"wp-block-image\"><figure class=\"aligncenter size-large\"><img loading=\"lazy\" width=\"80\" height=\"80\" src=\"https:\/\/vii-lo.krakow.pl\/wp-content\/uploads\/2021\/04\/Biblioteka.jpg\" alt=\"Biblioteka icon\" class=\"wp-image-1322\"\/><\/figure><\/div>\n\n\n\n<p class=\"has-text-align-center\"><a href=\"https:\/\/youtu.be\/LiNKB8FuNeE\" target=\"_blank\" rel=\"noreferrer noopener\" title=\"https:\/\/youtu.be\/LiNKB8FuNeE\">S\u0142\u00f3w kilka o bibliotece szkolnej &#8211; film<\/a><\/p>\n\n\n\n<hr class=\"wp-block-separator has-text-color has-background\" style=\"background-color:#235787;color:#235787\"\/>\n\n\n\n<h2 class=\"has-text-align-center\">Aktywno\u015bci i pasje uczniowskie<\/h2>\n\n\n\n<h3 class=\"has-text-align-center\">Samorz\u0105d Uczniowski<\/h3>\n\n\n\n<div class=\"wp-block-image\"><figure class=\"aligncenter size-large\"><img loading=\"lazy\" width=\"80\" height=\"80\" src=\"https:\/\/vii-lo.krakow.pl\/wp-content\/uploads\/2021\/04\/Samorzad-uczniowski.jpg\" alt=\"Samorz\u0105d uczniowski icon\" class=\"wp-image-1331\"\/><\/figure><\/div>\n\n\n\n<p class=\"has-text-align-center\"><a href=\"https:\/\/youtu.be\/evNf_vKFNa0\" target=\"_blank\" rel=\"noreferrer noopener\" title=\"https:\/\/youtu.be\/evNf_vKFNa0\">Dla kandydat\u00f3w od Samorz\u0105du Uczniowskiego &#8211; film<\/a><\/p>\n\n\n\n<p class=\"has-text-align-center\"><a href=\"https:\/\/vii-lo.krakow.pl\/?page_id=271\" target=\"_blank\" rel=\"noreferrer noopener\" title=\"https:\/\/vii-lo.krakow.pl\/?page_id=271\">Strona internetowa Samorz\u0105du Uczniowskiego<\/a><\/p>\n\n\n\n<h3 class=\"has-text-align-center\">Gazeta Uczniowska<\/h3>\n\n\n\n<div class=\"wp-block-image\"><figure class=\"aligncenter size-large\"><img loading=\"lazy\" width=\"80\" height=\"80\" src=\"https:\/\/vii-lo.krakow.pl\/wp-content\/uploads\/2021\/04\/Gazeta-uczniowska.jpg\" alt=\"Gazeta uczniowska icon\" class=\"wp-image-1326\"\/><\/figure><\/div>\n\n\n\n<p class=\"has-text-align-center\"><a href=\"https:\/\/youtu.be\/9GriRiR7-_0\" target=\"_blank\" rel=\"noreferrer noopener\" title=\"https:\/\/youtu.be\/9GriRiR7-_0\">Redakcja SpoZa opowiada o swojej pracy &#8211; film<\/a><\/p>\n\n\n\n<p class=\"has-text-align-center\"><a href=\"https:\/\/vii-lo.krakow.pl\/?page_id=885\" target=\"_blank\" rel=\"noreferrer noopener\" title=\"https:\/\/vii-lo.krakow.pl\/?page_id=885\">Strona internetowa Redakcji SpoZa<\/a><\/p>\n\n\n\n<hr class=\"wp-block-separator has-text-color has-background\" style=\"background-color:#235787;color:#235787\"\/>\n\n\n\n<h3 class=\"has-text-align-center\">Zesp\u00f3\u0142 Za(G)rzeczni i inni arty\u015bci<\/h3>\n\n\n\n<div class=\"wp-block-image\"><figure class=\"aligncenter size-large\"><img loading=\"lazy\" width=\"80\" height=\"80\" src=\"https:\/\/vii-lo.krakow.pl\/wp-content\/uploads\/2021\/04\/Zespol-muzyczny.jpg\" alt=\"Zesp\u00f3\u0142 muzyczny icon\" class=\"wp-image-1332\"\/><\/figure><\/div>\n\n\n\n<p class=\"has-text-align-center\"><a href=\"https:\/\/youtu.be\/jKTAHdCm8Yw\" target=\"_blank\" rel=\"noreferrer noopener\" title=\"https:\/\/youtu.be\/jKTAHdCm8Yw\">Attention &#8211; Za(G)rzeczni<\/a><\/p>\n\n\n\n<p class=\"has-text-align-center\"><a href=\"https:\/\/youtu.be\/AFHOjRKMnPw\" target=\"_blank\" rel=\"noreferrer noopener\" title=\"https:\/\/youtu.be\/AFHOjRKMnPw\">VHS &#8211; GR4ND &#8211; Tomek Firganek<\/a><\/p>\n\n\n\n<p class=\"has-text-align-center\"><a href=\"https:\/\/youtu.be\/GwHFNjpQe8c\" target=\"_blank\" rel=\"noreferrer noopener\" title=\"https:\/\/youtu.be\/GwHFNjpQe8c\">Beethoven Virus &#8211; Janek Zych<\/a><\/p>\n\n\n\n<p class=\"has-text-align-center\"><a href=\"https:\/\/youtu.be\/usmL3TA2aMY\" target=\"_blank\" rel=\"noreferrer noopener\" title=\"https:\/\/youtu.be\/usmL3TA2aMY\">Pocz\u0105tek &#8211; Za(G)rzeczni<\/a><\/p>\n\n\n\n<p class=\"has-text-align-center\"><a href=\"https:\/\/youtu.be\/leQsR-5w23k\" target=\"_blank\" rel=\"noreferrer noopener\" title=\"https:\/\/youtu.be\/leQsR-5w23k\">Speechless &#8211; Paulina Kosta\u015b<\/a><\/p>\n\n\n\n<p class=\"has-text-align-center\"><a href=\"https:\/\/youtu.be\/BILX8CVHj2g\" target=\"_blank\" rel=\"noreferrer noopener\" title=\"https:\/\/youtu.be\/BILX8CVHj2g\">When I was your Man &#8211; Zuzanna Partyka<\/a><\/p>\n\n\n\n<hr class=\"wp-block-separator has-text-color has-background\" style=\"background-color:#235787;color:#235787\"\/>\n\n\n\n<h3 class=\"has-text-align-center\">Sekcja wspinaczki<\/h3>\n\n\n\n<div class=\"wp-block-image\"><figure class=\"aligncenter size-large\"><img loading=\"lazy\" width=\"80\" height=\"80\" src=\"https:\/\/vii-lo.krakow.pl\/wp-content\/uploads\/2021\/04\/Wspinaczka.jpg\" alt=\"Wspinaczka icon\" class=\"wp-image-1337\"\/><\/figure><\/div>\n\n\n\n<p class=\"has-text-align-center\"><a href=\"https:\/\/youtu.be\/eDd0GRkrQCA\" target=\"_blank\" rel=\"noreferrer noopener\" title=\"https:\/\/youtu.be\/eDd0GRkrQCA\">Humorystyczny filmik sekcji wspinaczkowej &#8211; w ramach programu SKS<\/a><\/p>\n\n\n\n<p class=\"has-text-align-center\"><a href=\"https:\/\/vii-lo.krakow.pl\/?page_id=626\" target=\"_blank\" rel=\"noreferrer noopener\" title=\"https:\/\/vii-lo.krakow.pl\/?page_id=626\">Strona internetowa sekcji wspinaczkowej<\/a><\/p>\n\n\n\n<hr class=\"wp-block-separator has-text-color has-background\" style=\"background-color:#235787;color:#235787\"\/>\n\n\n\n<h3 class=\"has-text-align-center\">Sekcja siatk\u00f3wki<\/h3>\n\n\n\n<div class=\"wp-block-image\"><figure class=\"aligncenter size-large\"><img loading=\"lazy\" width=\"80\" height=\"80\" src=\"https:\/\/vii-lo.krakow.pl\/wp-content\/uploads\/2021\/04\/Siatkowka.jpg\" alt=\"Siatk\u00f3wka icon\" class=\"wp-image-1335\"\/><\/figure><\/div>\n\n\n\n<p class=\"has-text-align-center\"><a href=\"https:\/\/vii-lo.krakow.pl\/?page_id=628\" target=\"_blank\" rel=\"noreferrer noopener\" title=\"https:\/\/vii-lo.krakow.pl\/?page_id=628\">Strona internetowa sekcji siatk\u00f3wki dziewcz\u0105t i ch\u0142opc\u00f3w<\/a><\/p>\n","protected":false},"excerpt":{"rendered":"<p>Si\u00f3demka wita! Wirtualny spacer po szkole J\u0119zyk polski Dzielmy si\u0119 Tischnerem &#8211; film Jak uczymy j\u0119zyka polskiego w Si\u00f3demce &#8211; film I znowu film o&hellip;<\/p>\n","protected":false},"author":3,"featured_media":0,"parent":0,"menu_order":0,"comment_status":"closed","ping_status":"closed","template":"","meta":{"spay_email":""},"_links":{"self":[{"href":"https:\/\/vii-lo.krakow.pl\/index.php?rest_route=\/wp\/v2\/pages\/1261"}],"collection":[{"href":"https:\/\/vii-lo.krakow.pl\/index.php?rest_route=\/wp\/v2\/pages"}],"about":[{"href":"https:\/\/vii-lo.krakow.pl\/index.php?rest_route=\/wp\/v2\/types\/page"}],"author":[{"embeddable":true,"href":"https:\/\/vii-lo.krakow.pl\/index.php?rest_route=\/wp\/v2\/users\/3"}],"replies":[{"embeddable":true,"href":"https:\/\/vii-lo.krakow.pl\/index.php?rest_route=%2Fwp%2Fv2%2Fcomments&post=1261"}],"version-history":[{"count":36,"href":"https:\/\/vii-lo.krakow.pl\/index.php?rest_route=\/wp\/v2\/pages\/1261\/revisions"}],"predecessor-version":[{"id":2066,"href":"https:\/\/vii-lo.krakow.pl\/index.php?rest_route=\/wp\/v2\/pages\/1261\/revisions\/2066"}],"wp:attachment":[{"href":"https:\/\/vii-lo.krakow.pl\/index.php?rest_route=%2Fwp%2Fv2%2Fmedia&parent=1261"}],"curies":[{"name":"wp","href":"https:\/\/api.w.org\/{rel}","templated":true}]}}