{"id":130,"date":"2021-02-10T12:04:07","date_gmt":"2021-02-10T11:04:07","guid":{"rendered":"https:\/\/vii-lo.krakow.pl\/?page_id=130"},"modified":"2023-04-27T10:04:43","modified_gmt":"2023-04-27T08:04:43","slug":"przetargi","status":"publish","type":"page","link":"https:\/\/vii-lo.krakow.pl\/?page_id=130","title":{"rendered":"Umowy najmu"},"content":{"rendered":"\n<h3>Umowy najmu<\/h3>\n\n\n\n<p><a href=\"https:\/\/vii-lo.krakow.pl\/wp-content\/uploads\/2021\/02\/Wykaz-umow-najmu-pomieszczen-2019.pdf\">Wykaz um\u00f3w najmu pomieszcze\u0144 w 2019<\/a> (pdf, 326 KB) <\/p>\n\n\n\n<p><a href=\"https:\/\/vii-lo.krakow.pl\/wp-content\/uploads\/2021\/02\/Wykaz-umow-najmu-pomieszczen-2020.pdf\">Wykaz um\u00f3w najmu pomieszcze\u0144 w 2020<\/a> (pdf, 286 KB)<\/p>\n\n\n\n<p><a href=\"https:\/\/vii-lo.krakow.pl\/wp-content\/uploads\/2022\/05\/Wykaz-umow-najmu-za-rok-2021.pdf\">Wykaz um\u00f3w najmu pomieszcze\u0144 w 2021<\/a> (pdf, 67 KB)<\/p>\n\n\n\n<p><a href=\"https:\/\/vii-lo.krakow.pl\/wp-content\/uploads\/2022\/11\/Wykaz-umow-najmu-2022.pdf\">Wykaz um\u00f3w najmu pomieszcze\u0144 w 202<\/a><a href=\"https:\/\/vii-lo.krakow.pl\/wp-content\/uploads\/2022\/09\/Wykaz-umow-najmu-2022-1.pdf\">2<\/a> (pdf, 288 KB) <\/p>\n\n\n\n<p><a href=\"https:\/\/vii-lo.krakow.pl\/wp-content\/uploads\/2023\/04\/Umowy-2023-BIP.pdf\" target=\"_blank\" rel=\"noreferrer noopener\">Wykaz um\u00f3w najmu pomieszcze\u0144 w 2023<\/a> (pdf, 230 KB)<\/p>\n\n\n\n<p><a href=\"https:\/\/vii-lo.krakow.pl\/wp-content\/uploads\/2021\/06\/Procedura-wynajmu-pomieszczen.pdf\">Procedura wynajmu pomieszcze\u0144 w VII LO<\/a> (pdf, 102 KB)<\/p>\n\n\n\n<p><\/p>\n","protected":false},"excerpt":{"rendered":"<p>Umowy najmu Wykaz um\u00f3w najmu pomieszcze\u0144 w 2019 (pdf, 326 KB) Wykaz um\u00f3w najmu pomieszcze\u0144 w 2020 (pdf, 286 KB) Wykaz um\u00f3w najmu pomieszcze\u0144 w&hellip;<\/p>\n","protected":false},"author":3,"featured_media":0,"parent":0,"menu_order":0,"comment_status":"closed","ping_status":"closed","template":"","meta":{"spay_email":""},"_links":{"self":[{"href":"https:\/\/vii-lo.krakow.pl\/index.php?rest_route=\/wp\/v2\/pages\/130"}],"collection":[{"href":"https:\/\/vii-lo.krakow.pl\/index.php?rest_route=\/wp\/v2\/pages"}],"about":[{"href":"https:\/\/vii-lo.krakow.pl\/index.php?rest_route=\/wp\/v2\/types\/page"}],"author":[{"embeddable":true,"href":"https:\/\/vii-lo.krakow.pl\/index.php?rest_route=\/wp\/v2\/users\/3"}],"replies":[{"embeddable":true,"href":"https:\/\/vii-lo.krakow.pl\/index.php?rest_route=%2Fwp%2Fv2%2Fcomments&post=130"}],"version-history":[{"count":41,"href":"https:\/\/vii-lo.krakow.pl\/index.php?rest_route=\/wp\/v2\/pages\/130\/revisions"}],"predecessor-version":[{"id":3300,"href":"https:\/\/vii-lo.krakow.pl\/index.php?rest_route=\/wp\/v2\/pages\/130\/revisions\/3300"}],"wp:attachment":[{"href":"https:\/\/vii-lo.krakow.pl\/index.php?rest_route=%2Fwp%2Fv2%2Fmedia&parent=130"}],"curies":[{"name":"wp","href":"https:\/\/api.w.org\/{rel}","templated":true}]}}