{"id":1521,"date":"2021-07-02T12:27:58","date_gmt":"2021-07-02T10:27:58","guid":{"rendered":"https:\/\/vii-lo.krakow.pl\/?page_id=1521"},"modified":"2021-08-31T13:43:46","modified_gmt":"2021-08-31T11:43:46","slug":"listy-kandydatow","status":"publish","type":"page","link":"https:\/\/vii-lo.krakow.pl\/?page_id=1521","title":{"rendered":"Listy kandydat\u00f3w"},"content":{"rendered":"<p>Lista kandydat\u00f3w zakwalifikowanych do VII LO w Krakowie<\/p>\n<p>Lista kandydat\u00f3w niezakwalifikowanych do VII LO w Krakowie<\/p>\n<p>Lista kandydat\u00f3w przyj\u0119tych do VII LO w Krakowie<\/p>\n<p>Lista kandydat\u00f3w nieprzyj\u0119tych do VII LO w Krakowie<\/p>\n<p>Lista kandydat\u00f3w zakwalifikowanych w post\u0119powaniu uzupe\u0142niaj\u0105cym do VII LO w Krakowie<\/p>\n<p>Lista kandydat\u00f3w niezakwalifikowanych w post\u0119powaniu uzupe\u0142niaj\u0105cym do VII LO w Krakowie<\/p>\n<p>Lista kandydat\u00f3w przyj\u0119tych w post\u0119powaniu uzupe\u0142niaj\u0105cym do VII LO w Krakowie<\/p>\n<p>Lista kandydat\u00f3w nieprzyj\u0119tych w post\u0119powaniu uzupe\u0142niaj\u0105cym do VII LO w Krakowie<\/p>\n","protected":false},"excerpt":{"rendered":"<p>Lista kandydat\u00f3w zakwalifikowanych do VII LO w Krakowie Lista kandydat\u00f3w niezakwalifikowanych do VII LO w Krakowie Lista kandydat\u00f3w przyj\u0119tych do VII LO w Krakowie Lista&hellip;<\/p>\n","protected":false},"author":3,"featured_media":0,"parent":0,"menu_order":0,"comment_status":"closed","ping_status":"closed","template":"","meta":{"spay_email":""},"_links":{"self":[{"href":"https:\/\/vii-lo.krakow.pl\/index.php?rest_route=\/wp\/v2\/pages\/1521"}],"collection":[{"href":"https:\/\/vii-lo.krakow.pl\/index.php?rest_route=\/wp\/v2\/pages"}],"about":[{"href":"https:\/\/vii-lo.krakow.pl\/index.php?rest_route=\/wp\/v2\/types\/page"}],"author":[{"embeddable":true,"href":"https:\/\/vii-lo.krakow.pl\/index.php?rest_route=\/wp\/v2\/users\/3"}],"replies":[{"embeddable":true,"href":"https:\/\/vii-lo.krakow.pl\/index.php?rest_route=%2Fwp%2Fv2%2Fcomments&post=1521"}],"version-history":[{"count":15,"href":"https:\/\/vii-lo.krakow.pl\/index.php?rest_route=\/wp\/v2\/pages\/1521\/revisions"}],"predecessor-version":[{"id":1608,"href":"https:\/\/vii-lo.krakow.pl\/index.php?rest_route=\/wp\/v2\/pages\/1521\/revisions\/1608"}],"wp:attachment":[{"href":"https:\/\/vii-lo.krakow.pl\/index.php?rest_route=%2Fwp%2Fv2%2Fmedia&parent=1521"}],"curies":[{"name":"wp","href":"https:\/\/api.w.org\/{rel}","templated":true}]}}