{"id":153,"date":"2021-02-12T12:09:39","date_gmt":"2021-02-12T11:09:39","guid":{"rendered":"https:\/\/vii-lo.krakow.pl\/?page_id=153"},"modified":"2026-02-27T15:14:09","modified_gmt":"2026-02-27T14:14:09","slug":"statut-vii-liceum-ogolnoksztalcacego-im-zofii-nalkowskiej-w-krakowie","status":"publish","type":"page","link":"https:\/\/vii-lo.krakow.pl\/?page_id=153","title":{"rendered":"Statut VII Liceum Og\u00f3lnokszta\u0142c\u0105cego im. Zofii Na\u0142kowskiej w Krakowie"},"content":{"rendered":"\n<p class=\"has-text-align-right\"><em>Aktualizacja 26.02.2026r.<\/em><\/p>\n\n\n\n<div class=\"wp-block-file\"><a href=\"https:\/\/vii-lo.krakow.pl\/wp-content\/uploads\/2026\/02\/S-T-A-T-U-T-ujedn_26.02.2026.pdf\" target=\"_blank\" rel=\"noreferrer noopener\">S T A T U T ujedn_26.02.2026<\/a><a href=\"https:\/\/vii-lo.krakow.pl\/wp-content\/uploads\/2026\/02\/S-T-A-T-U-T-ujedn_26.02.2026.pdf\" class=\"wp-block-file__button\" download>Pobierz<\/a><\/div>\n\n\n\n<p><\/p>\n","protected":false},"excerpt":{"rendered":"<p>Aktualizacja 26.02.2026r.<\/p>\n","protected":false},"author":2,"featured_media":0,"parent":0,"menu_order":0,"comment_status":"closed","ping_status":"closed","template":"","meta":{"spay_email":""},"_links":{"self":[{"href":"https:\/\/vii-lo.krakow.pl\/index.php?rest_route=\/wp\/v2\/pages\/153"}],"collection":[{"href":"https:\/\/vii-lo.krakow.pl\/index.php?rest_route=\/wp\/v2\/pages"}],"about":[{"href":"https:\/\/vii-lo.krakow.pl\/index.php?rest_route=\/wp\/v2\/types\/page"}],"author":[{"embeddable":true,"href":"https:\/\/vii-lo.krakow.pl\/index.php?rest_route=\/wp\/v2\/users\/2"}],"replies":[{"embeddable":true,"href":"https:\/\/vii-lo.krakow.pl\/index.php?rest_route=%2Fwp%2Fv2%2Fcomments&post=153"}],"version-history":[{"count":32,"href":"https:\/\/vii-lo.krakow.pl\/index.php?rest_route=\/wp\/v2\/pages\/153\/revisions"}],"predecessor-version":[{"id":6528,"href":"https:\/\/vii-lo.krakow.pl\/index.php?rest_route=\/wp\/v2\/pages\/153\/revisions\/6528"}],"wp:attachment":[{"href":"https:\/\/vii-lo.krakow.pl\/index.php?rest_route=%2Fwp%2Fv2%2Fmedia&parent=153"}],"curies":[{"name":"wp","href":"https:\/\/api.w.org\/{rel}","templated":true}]}}