{"id":1568,"date":"2021-08-20T11:58:31","date_gmt":"2021-08-20T09:58:31","guid":{"rendered":"https:\/\/vii-lo.krakow.pl\/?page_id=1568"},"modified":"2025-07-01T10:36:53","modified_gmt":"2025-07-01T08:36:53","slug":"podreczniki-2021-2022","status":"publish","type":"page","link":"https:\/\/vii-lo.krakow.pl\/?page_id=1568","title":{"rendered":"Podr\u0119czniki 2025\/2026"},"content":{"rendered":"\n<div class=\"wp-block-file\"><a href=\"https:\/\/vii-lo.krakow.pl\/wp-content\/uploads\/2025\/07\/Zestaw-podrecznikow-i-materialow-edukacyjnych-dla-klas-pierwszych-2025-2026.pdf\" target=\"_blank\" rel=\"noreferrer noopener\">Zestaw podr\u0119cznik\u00f3w i materia\u0142\u00f3w edukacyjnych dla klas pierwszych 2025-2026<\/a><a href=\"https:\/\/vii-lo.krakow.pl\/wp-content\/uploads\/2025\/07\/Zestaw-podrecznikow-i-materialow-edukacyjnych-dla-klas-pierwszych-2025-2026.pdf\" class=\"wp-block-file__button\" download>Pobierz<\/a><\/div>\n\n\n\n<div class=\"wp-block-file\"><a href=\"https:\/\/vii-lo.krakow.pl\/wp-content\/uploads\/2025\/07\/Zestaw-podrecznikow-i-materialow-edukacyjnych-dla-klasy-drugiej-trzeciej-i-czwartej-2025-2026.pdf\" target=\"_blank\" rel=\"noreferrer noopener\">Zestaw podr\u0119cznik\u00f3w i materia\u0142\u00f3w edukacyjnych dla klasy drugiej, trzeciej i czwartej 2025-2026<\/a><a href=\"https:\/\/vii-lo.krakow.pl\/wp-content\/uploads\/2025\/07\/Zestaw-podrecznikow-i-materialow-edukacyjnych-dla-klasy-drugiej-trzeciej-i-czwartej-2025-2026.pdf\" class=\"wp-block-file__button\" download>Pobierz<\/a><\/div>\n\n\n\n<div class=\"wp-block-file\"><a href=\"https:\/\/vii-lo.krakow.pl\/wp-content\/uploads\/2025\/07\/MATERIALY-CWICZENIOWE-2025-26.pdf\" target=\"_blank\" rel=\"noreferrer noopener\">MATERIA\u0141Y \u0106WICZENIOWE 2025-26<\/a><a href=\"https:\/\/vii-lo.krakow.pl\/wp-content\/uploads\/2025\/07\/MATERIALY-CWICZENIOWE-2025-26.pdf\" class=\"wp-block-file__button\" download>Pobierz<\/a><\/div>\n\n\n\n<p><\/p>\n\n\n\n<p><\/p>\n\n\n\n<p><\/p>\n\n\n\n<p><\/p>\n\n\n\n<p><\/p>\n\n\n\n<p><\/p>\n","protected":false},"excerpt":{"rendered":"","protected":false},"author":3,"featured_media":0,"parent":0,"menu_order":0,"comment_status":"closed","ping_status":"closed","template":"","meta":{"spay_email":""},"_links":{"self":[{"href":"https:\/\/vii-lo.krakow.pl\/index.php?rest_route=\/wp\/v2\/pages\/1568"}],"collection":[{"href":"https:\/\/vii-lo.krakow.pl\/index.php?rest_route=\/wp\/v2\/pages"}],"about":[{"href":"https:\/\/vii-lo.krakow.pl\/index.php?rest_route=\/wp\/v2\/types\/page"}],"author":[{"embeddable":true,"href":"https:\/\/vii-lo.krakow.pl\/index.php?rest_route=\/wp\/v2\/users\/3"}],"replies":[{"embeddable":true,"href":"https:\/\/vii-lo.krakow.pl\/index.php?rest_route=%2Fwp%2Fv2%2Fcomments&post=1568"}],"version-history":[{"count":24,"href":"https:\/\/vii-lo.krakow.pl\/index.php?rest_route=\/wp\/v2\/pages\/1568\/revisions"}],"predecessor-version":[{"id":5836,"href":"https:\/\/vii-lo.krakow.pl\/index.php?rest_route=\/wp\/v2\/pages\/1568\/revisions\/5836"}],"wp:attachment":[{"href":"https:\/\/vii-lo.krakow.pl\/index.php?rest_route=%2Fwp%2Fv2%2Fmedia&parent=1568"}],"curies":[{"name":"wp","href":"https:\/\/api.w.org\/{rel}","templated":true}]}}