{"id":1819,"date":"2021-11-07T11:20:38","date_gmt":"2021-11-07T10:20:38","guid":{"rendered":"https:\/\/vii-lo.krakow.pl\/?page_id=1819"},"modified":"2025-09-18T07:10:52","modified_gmt":"2025-09-18T05:10:52","slug":"sekcja-koszykowki","status":"publish","type":"page","link":"https:\/\/vii-lo.krakow.pl\/?page_id=1819","title":{"rendered":"Sekcja koszyk\u00f3wki"},"content":{"rendered":"\n<p>Je\u017celi interesuje Ci\u0119 koszyk\u00f3wka i chcesz rozwija\u0107 swoje umiej\u0119tno\u015bci w tej dziedzinie, zapraszamy na zaj\u0119cia pozalekcyjne. Zr\u00f3\u017cnicowany charakter zaj\u0119\u0107 sprawia, \u017ce miejsce dla siebie znajd\u0105 zar\u00f3wno zawodniczki i zawodnicy trenuj\u0105cy w klubach, jak i osoby b\u0119d\u0105ce na pocz\u0105tku swojej przygody z koszyk\u00f3wk\u0105.<\/p>\n\n\n\n<hr class=\"wp-block-separator has-text-color has-background\" style=\"background-color:#235787;color:#235787\"\/>\n\n\n\n<h3 class=\"has-text-align-center\">Sekcja koszyk\u00f3wki 2025\/2026<\/h3>\n\n\n\n<p class=\"has-text-align-center\">czwartek 14:45-16:15 (dziewcz\u0119ta)<br>poniedzia\u0142ek 16:30-18:00 (ch\u0142opcy)<\/p>\n\n\n\n<p class=\"has-text-align-center\">Centrum Sportu i Kultury VII LO w Krakowie<\/p>\n\n\n\n<p class=\"has-text-align-center\">Prowadz\u0105cy: mgr Marcin Klatka<\/p>\n","protected":false},"excerpt":{"rendered":"<p>Je\u017celi interesuje Ci\u0119 koszyk\u00f3wka i chcesz rozwija\u0107 swoje umiej\u0119tno\u015bci w tej dziedzinie, zapraszamy na zaj\u0119cia pozalekcyjne. Zr\u00f3\u017cnicowany charakter zaj\u0119\u0107 sprawia, \u017ce miejsce dla siebie znajd\u0105&hellip;<\/p>\n","protected":false},"author":3,"featured_media":0,"parent":0,"menu_order":0,"comment_status":"closed","ping_status":"closed","template":"","meta":{"spay_email":""},"_links":{"self":[{"href":"https:\/\/vii-lo.krakow.pl\/index.php?rest_route=\/wp\/v2\/pages\/1819"}],"collection":[{"href":"https:\/\/vii-lo.krakow.pl\/index.php?rest_route=\/wp\/v2\/pages"}],"about":[{"href":"https:\/\/vii-lo.krakow.pl\/index.php?rest_route=\/wp\/v2\/types\/page"}],"author":[{"embeddable":true,"href":"https:\/\/vii-lo.krakow.pl\/index.php?rest_route=\/wp\/v2\/users\/3"}],"replies":[{"embeddable":true,"href":"https:\/\/vii-lo.krakow.pl\/index.php?rest_route=%2Fwp%2Fv2%2Fcomments&post=1819"}],"version-history":[{"count":9,"href":"https:\/\/vii-lo.krakow.pl\/index.php?rest_route=\/wp\/v2\/pages\/1819\/revisions"}],"predecessor-version":[{"id":5944,"href":"https:\/\/vii-lo.krakow.pl\/index.php?rest_route=\/wp\/v2\/pages\/1819\/revisions\/5944"}],"wp:attachment":[{"href":"https:\/\/vii-lo.krakow.pl\/index.php?rest_route=%2Fwp%2Fv2%2Fmedia&parent=1819"}],"curies":[{"name":"wp","href":"https:\/\/api.w.org\/{rel}","templated":true}]}}