{"id":2199,"date":"2022-05-25T11:27:25","date_gmt":"2022-05-25T09:27:25","guid":{"rendered":"https:\/\/vii-lo.krakow.pl\/?page_id=2199"},"modified":"2025-06-05T11:22:28","modified_gmt":"2025-06-05T09:22:28","slug":"duplikaty-swiadectw-i-legitymacji","status":"publish","type":"page","link":"https:\/\/vii-lo.krakow.pl\/?page_id=2199","title":{"rendered":"\u015awiadectwa i legitymacje (duplikaty, odbi\u00f3r)"},"content":{"rendered":"<p><a href=\"https:\/\/vii-lo.krakow.pl\/wp-content\/uploads\/2022\/05\/Procedura-wydawania-duplikatow-swiadectw-i-legitymacji.pdf\">Procedura wydawania duplikat\u00f3w \u015bwiadectw i legitymacji szkolnej <\/a>(pdf, 971 KB)<\/p>\n\n\n<div style=\"height:100px\" aria-hidden=\"true\" class=\"wp-block-spacer\"><\/div>\n\n\n\n<div class=\"wp-block-file\"><a href=\"https:\/\/vii-lo.krakow.pl\/wp-content\/uploads\/2025\/06\/Podanie-duplikat-swiad.-2025.pdf\">Podanie o wydanie duplikatu \u015bwiadectwa<\/a><a href=\"https:\/\/vii-lo.krakow.pl\/wp-content\/uploads\/2025\/06\/Podanie-duplikat-swiad.-2025.pdf\" class=\"wp-block-file__button\" download>Pobierz<\/a><\/div>\n\n\n\n<p>Na podaniu o wydanie duplikatu \u015bwiadectwa nale\u017cy z\u0142o\u017cy\u0107 podpis r\u00f3wnie\u017c pod informacj\u0105 o przetwarzaniu danych osobowych (druga strona dokumentu)!<\/p>\n\n\n\n<div style=\"height:100px\" aria-hidden=\"true\" class=\"wp-block-spacer\"><\/div>\n\n\n\n<div class=\"wp-block-file\"><a href=\"https:\/\/vii-lo.krakow.pl\/wp-content\/uploads\/2025\/06\/Podanie-duplikat-leg.-2025.pdf\">Podanie o wydanie duplikatu legitymacji<\/a><a href=\"https:\/\/vii-lo.krakow.pl\/wp-content\/uploads\/2025\/06\/Podanie-duplikat-leg.-2025.pdf\" class=\"wp-block-file__button\" download>Pobierz<\/a><\/div>\n\n\n\n<div class=\"wp-block-file\"><a href=\"https:\/\/vii-lo.krakow.pl\/wp-content\/uploads\/2025\/06\/Podanie-leg.zm_.danych-2025.pdf\">Podanie o wydanie legitymacji szkolnej z powodu zmiany danych<\/a><a href=\"https:\/\/vii-lo.krakow.pl\/wp-content\/uploads\/2025\/06\/Podanie-leg.zm_.danych-2025.pdf\" class=\"wp-block-file__button\" download>Pobierz<\/a><\/div>\n\n\n\n<div class=\"wp-block-file\"><a href=\"https:\/\/vii-lo.krakow.pl\/wp-content\/uploads\/2025\/06\/Podanie-nowy-kod-QR-2025.pdf\">Podanie o wydanie nowej mLegitymacji<\/a><a href=\"https:\/\/vii-lo.krakow.pl\/wp-content\/uploads\/2025\/06\/Podanie-nowy-kod-QR-2025.pdf\" class=\"wp-block-file__button\" download>Pobierz<\/a><\/div>\n\n\n\n<div style=\"height:100px\" aria-hidden=\"true\" class=\"wp-block-spacer\"><\/div>\n\n\n\n<p>\u015awiadectwo maturalne odbiera wy\u0142\u0105cznie absolwent. Je\u015bli odbi\u00f3r osobisty jest niemo\u017cliwy, absolwent powinien z\u0142o\u017cy\u0107 wcze\u015bniej w sekretariacie szko\u0142y upowa\u017cnienie podpisane przez absolwenta przed pracownikiem sekretariatu.<\/p>\n\n\n\n<div class=\"wp-block-file\"><a href=\"https:\/\/vii-lo.krakow.pl\/wp-content\/uploads\/2025\/06\/Upowaznienie-swiadectwa-2025.pdf\">Upowa\u017cnienie do odbioru dokument\u00f3w (\u015bwiadectwo, arkusz ocen, wyniki egzaminu)<\/a><a href=\"https:\/\/vii-lo.krakow.pl\/wp-content\/uploads\/2025\/06\/Upowaznienie-swiadectwa-2025.pdf\" class=\"wp-block-file__button\" download>Pobierz<\/a><\/div>\n","protected":false},"excerpt":{"rendered":"<p>Procedura wydawania duplikat\u00f3w \u015bwiadectw i legitymacji szkolnej (pdf, 971 KB) Na podaniu o wydanie duplikatu \u015bwiadectwa nale\u017cy z\u0142o\u017cy\u0107 podpis r\u00f3wnie\u017c pod informacj\u0105 o przetwarzaniu danych&hellip;<\/p>\n","protected":false},"author":4,"featured_media":0,"parent":0,"menu_order":0,"comment_status":"closed","ping_status":"closed","template":"","meta":{"spay_email":""},"_links":{"self":[{"href":"https:\/\/vii-lo.krakow.pl\/index.php?rest_route=\/wp\/v2\/pages\/2199"}],"collection":[{"href":"https:\/\/vii-lo.krakow.pl\/index.php?rest_route=\/wp\/v2\/pages"}],"about":[{"href":"https:\/\/vii-lo.krakow.pl\/index.php?rest_route=\/wp\/v2\/types\/page"}],"author":[{"embeddable":true,"href":"https:\/\/vii-lo.krakow.pl\/index.php?rest_route=\/wp\/v2\/users\/4"}],"replies":[{"embeddable":true,"href":"https:\/\/vii-lo.krakow.pl\/index.php?rest_route=%2Fwp%2Fv2%2Fcomments&post=2199"}],"version-history":[{"count":4,"href":"https:\/\/vii-lo.krakow.pl\/index.php?rest_route=\/wp\/v2\/pages\/2199\/revisions"}],"predecessor-version":[{"id":5657,"href":"https:\/\/vii-lo.krakow.pl\/index.php?rest_route=\/wp\/v2\/pages\/2199\/revisions\/5657"}],"wp:attachment":[{"href":"https:\/\/vii-lo.krakow.pl\/index.php?rest_route=%2Fwp%2Fv2%2Fmedia&parent=2199"}],"curies":[{"name":"wp","href":"https:\/\/api.w.org\/{rel}","templated":true}]}}