{"id":275,"date":"2021-02-16T19:10:28","date_gmt":"2021-02-16T18:10:28","guid":{"rendered":"https:\/\/vii-lo.krakow.pl\/?page_id=275"},"modified":"2026-03-30T11:51:55","modified_gmt":"2026-03-30T09:51:55","slug":"regulamin-samorzadu-uczniowskiego-vii-liceum-ogolnoksztalcacego-im-zofii-nalkowskiej-w-krakowie","status":"publish","type":"page","link":"https:\/\/vii-lo.krakow.pl\/?page_id=275","title":{"rendered":"Regulamin Samorz\u0105du Uczniowskiego VII Liceum Og\u00f3lnokszta\u0142c\u0105cego im. Zofii Na\u0142kowskiej w Krakowie"},"content":{"rendered":"\n<div class=\"wp-block-file aligncenter\"><object class=\"wp-block-file__embed\" data=\"https:\/\/vii-lo.krakow.pl\/wp-content\/uploads\/2026\/03\/Regulamin-SU.pdf\" type=\"application\/pdf\" style=\"width:100%;height:600px\" aria-label=\"Osadzone z Regulamin SU.\"><\/object><a href=\"https:\/\/vii-lo.krakow.pl\/wp-content\/uploads\/2026\/03\/Regulamin-SU.pdf\">Regulamin SU<\/a><a href=\"https:\/\/vii-lo.krakow.pl\/wp-content\/uploads\/2026\/03\/Regulamin-SU.pdf\" class=\"wp-block-file__button\" download>Pobierz<\/a><\/div>\n","protected":false},"excerpt":{"rendered":"","protected":false},"author":3,"featured_media":0,"parent":0,"menu_order":0,"comment_status":"closed","ping_status":"closed","template":"","meta":{"spay_email":""},"_links":{"self":[{"href":"https:\/\/vii-lo.krakow.pl\/index.php?rest_route=\/wp\/v2\/pages\/275"}],"collection":[{"href":"https:\/\/vii-lo.krakow.pl\/index.php?rest_route=\/wp\/v2\/pages"}],"about":[{"href":"https:\/\/vii-lo.krakow.pl\/index.php?rest_route=\/wp\/v2\/types\/page"}],"author":[{"embeddable":true,"href":"https:\/\/vii-lo.krakow.pl\/index.php?rest_route=\/wp\/v2\/users\/3"}],"replies":[{"embeddable":true,"href":"https:\/\/vii-lo.krakow.pl\/index.php?rest_route=%2Fwp%2Fv2%2Fcomments&post=275"}],"version-history":[{"count":21,"href":"https:\/\/vii-lo.krakow.pl\/index.php?rest_route=\/wp\/v2\/pages\/275\/revisions"}],"predecessor-version":[{"id":6568,"href":"https:\/\/vii-lo.krakow.pl\/index.php?rest_route=\/wp\/v2\/pages\/275\/revisions\/6568"}],"wp:attachment":[{"href":"https:\/\/vii-lo.krakow.pl\/index.php?rest_route=%2Fwp%2Fv2%2Fmedia&parent=275"}],"curies":[{"name":"wp","href":"https:\/\/api.w.org\/{rel}","templated":true}]}}