{"id":3126,"date":"2023-03-14T12:19:39","date_gmt":"2023-03-14T11:19:39","guid":{"rendered":"https:\/\/vii-lo.krakow.pl\/?page_id=3126"},"modified":"2023-03-14T12:30:05","modified_gmt":"2023-03-14T11:30:05","slug":"dsd-ii-w-vii-liceum","status":"publish","type":"page","link":"https:\/\/vii-lo.krakow.pl\/?page_id=3126","title":{"rendered":"DSD II w VII Liceum"},"content":{"rendered":"\n<div class=\"wp-block-columns\">\n<div class=\"wp-block-column\" style=\"flex-basis:25%\"><\/div>\n\n\n\n<div class=\"wp-block-column\" style=\"flex-basis:50%\">\n<div style=\"height:55px\" aria-hidden=\"true\" class=\"wp-block-spacer\"><\/div>\n\n\n\n<div class=\"wp-block-image\"><figure class=\"aligncenter size-medium\"><img loading=\"lazy\" width=\"300\" height=\"169\" src=\"https:\/\/vii-lo.krakow.pl\/wp-content\/uploads\/2021\/03\/Logo-DSD-300x169.jpg\" alt=\"Logo egzamin DSD II\" class=\"wp-image-1232\" srcset=\"https:\/\/vii-lo.krakow.pl\/wp-content\/uploads\/2021\/03\/Logo-DSD-300x169.jpg 300w, https:\/\/vii-lo.krakow.pl\/wp-content\/uploads\/2021\/03\/Logo-DSD-1024x576.jpg 1024w, https:\/\/vii-lo.krakow.pl\/wp-content\/uploads\/2021\/03\/Logo-DSD-768x432.jpg 768w, https:\/\/vii-lo.krakow.pl\/wp-content\/uploads\/2021\/03\/Logo-DSD.jpg 1280w\" sizes=\"(max-width: 300px) 100vw, 300px\" \/><\/figure><\/div>\n\n\n\n<div class=\"wp-block-buttons is-content-justification-center\">\n<div class=\"wp-block-button has-custom-width wp-block-button__width-50 has-custom-font-size is-style-fill has-normal-font-size\"><a class=\"wp-block-button__link\" href=\"https:\/\/vii-lo.krakow.pl\/?page_id=1229\" target=\"_blank\" rel=\"noreferrer noopener\">Informacje o egzaminie DSD II<\/a><\/div>\n<\/div>\n\n\n\n<div style=\"height:55px\" aria-hidden=\"true\" class=\"wp-block-spacer\"><\/div>\n\n\n\n<p class=\"has-text-align-center\">Film przygotowany przez klas\u0119 z programem DSD II:<\/p>\n\n\n\n<figure class=\"wp-block-embed is-type-video is-provider-youtube wp-block-embed-youtube wp-embed-aspect-16-9 wp-has-aspect-ratio\"><div class=\"wp-block-embed__wrapper\">\n<iframe loading=\"lazy\" title=\"Wirtualny Dzie\u0144 Otwarty VII LO w Krakowie 2021 - DSD\" width=\"843\" height=\"474\" src=\"https:\/\/www.youtube.com\/embed\/OVtGQJClmrs?feature=oembed\" frameborder=\"0\" allow=\"accelerometer; autoplay; clipboard-write; encrypted-media; gyroscope; picture-in-picture; web-share\" allowfullscreen><\/iframe>\n<\/div><\/figure>\n\n\n\n<hr class=\"wp-block-separator aligncenter\"\/>\n\n\n\n<p class=\"has-text-align-center\">Ob\u00f3z j\u0119zykowy dla uczni\u00f3w z programem DSD II (Koninki, wrzesie\u0144 2022):<\/p>\n\n\n\n<div class=\"wp-block-jetpack-slideshow aligncenter\" data-effect=\"slide\"><div class=\"wp-block-jetpack-slideshow_container swiper-container\"><ul class=\"wp-block-jetpack-slideshow_swiper-wrapper swiper-wrapper\"><li class=\"wp-block-jetpack-slideshow_slide swiper-slide\"><figure><img loading=\"lazy\" width=\"1024\" height=\"768\" alt=\"\" class=\"wp-block-jetpack-slideshow_image wp-image-3129\" data-id=\"3129\" src=\"https:\/\/vii-lo.krakow.pl\/wp-content\/uploads\/2023\/03\/20220923_161531-1024x768.jpg\" srcset=\"https:\/\/vii-lo.krakow.pl\/wp-content\/uploads\/2023\/03\/20220923_161531-1024x768.jpg 1024w, https:\/\/vii-lo.krakow.pl\/wp-content\/uploads\/2023\/03\/20220923_161531-300x225.jpg 300w, https:\/\/vii-lo.krakow.pl\/wp-content\/uploads\/2023\/03\/20220923_161531-768x576.jpg 768w, https:\/\/vii-lo.krakow.pl\/wp-content\/uploads\/2023\/03\/20220923_161531-1536x1152.jpg 1536w, https:\/\/vii-lo.krakow.pl\/wp-content\/uploads\/2023\/03\/20220923_161531-2048x1536.jpg 2048w\" sizes=\"(max-width: 1024px) 100vw, 1024px\" \/><\/figure><\/li><li class=\"wp-block-jetpack-slideshow_slide swiper-slide\"><figure><img loading=\"lazy\" width=\"1024\" height=\"768\" alt=\"\" class=\"wp-block-jetpack-slideshow_image wp-image-3128\" data-id=\"3128\" src=\"https:\/\/vii-lo.krakow.pl\/wp-content\/uploads\/2023\/03\/20220923_131932-1024x768.jpg\" srcset=\"https:\/\/vii-lo.krakow.pl\/wp-content\/uploads\/2023\/03\/20220923_131932-1024x768.jpg 1024w, https:\/\/vii-lo.krakow.pl\/wp-content\/uploads\/2023\/03\/20220923_131932-300x225.jpg 300w, https:\/\/vii-lo.krakow.pl\/wp-content\/uploads\/2023\/03\/20220923_131932-768x576.jpg 768w, https:\/\/vii-lo.krakow.pl\/wp-content\/uploads\/2023\/03\/20220923_131932-1536x1152.jpg 1536w, https:\/\/vii-lo.krakow.pl\/wp-content\/uploads\/2023\/03\/20220923_131932-2048x1536.jpg 2048w\" sizes=\"(max-width: 1024px) 100vw, 1024px\" \/><\/figure><\/li><li class=\"wp-block-jetpack-slideshow_slide swiper-slide\"><figure><img loading=\"lazy\" width=\"1024\" height=\"768\" alt=\"\" class=\"wp-block-jetpack-slideshow_image wp-image-3130\" data-id=\"3130\" src=\"https:\/\/vii-lo.krakow.pl\/wp-content\/uploads\/2023\/03\/20220924_130511-1024x768.jpg\" srcset=\"https:\/\/vii-lo.krakow.pl\/wp-content\/uploads\/2023\/03\/20220924_130511-1024x768.jpg 1024w, https:\/\/vii-lo.krakow.pl\/wp-content\/uploads\/2023\/03\/20220924_130511-300x225.jpg 300w, https:\/\/vii-lo.krakow.pl\/wp-content\/uploads\/2023\/03\/20220924_130511-768x576.jpg 768w, https:\/\/vii-lo.krakow.pl\/wp-content\/uploads\/2023\/03\/20220924_130511-1536x1152.jpg 1536w, https:\/\/vii-lo.krakow.pl\/wp-content\/uploads\/2023\/03\/20220924_130511-2048x1536.jpg 2048w\" sizes=\"(max-width: 1024px) 100vw, 1024px\" \/><\/figure><\/li><li class=\"wp-block-jetpack-slideshow_slide swiper-slide\"><figure><img loading=\"lazy\" width=\"1024\" height=\"768\" alt=\"\" class=\"wp-block-jetpack-slideshow_image wp-image-3131\" data-id=\"3131\" src=\"https:\/\/vii-lo.krakow.pl\/wp-content\/uploads\/2023\/03\/20220924_135936-1024x768.jpg\" srcset=\"https:\/\/vii-lo.krakow.pl\/wp-content\/uploads\/2023\/03\/20220924_135936-1024x768.jpg 1024w, https:\/\/vii-lo.krakow.pl\/wp-content\/uploads\/2023\/03\/20220924_135936-300x225.jpg 300w, https:\/\/vii-lo.krakow.pl\/wp-content\/uploads\/2023\/03\/20220924_135936-768x576.jpg 768w, https:\/\/vii-lo.krakow.pl\/wp-content\/uploads\/2023\/03\/20220924_135936-1536x1152.jpg 1536w, https:\/\/vii-lo.krakow.pl\/wp-content\/uploads\/2023\/03\/20220924_135936-2048x1536.jpg 2048w\" sizes=\"(max-width: 1024px) 100vw, 1024px\" \/><\/figure><\/li><li class=\"wp-block-jetpack-slideshow_slide swiper-slide\"><figure><img loading=\"lazy\" width=\"768\" height=\"1024\" alt=\"\" class=\"wp-block-jetpack-slideshow_image wp-image-3132\" data-id=\"3132\" src=\"https:\/\/vii-lo.krakow.pl\/wp-content\/uploads\/2023\/03\/20220924_140430-768x1024.jpg\" srcset=\"https:\/\/vii-lo.krakow.pl\/wp-content\/uploads\/2023\/03\/20220924_140430-768x1024.jpg 768w, https:\/\/vii-lo.krakow.pl\/wp-content\/uploads\/2023\/03\/20220924_140430-225x300.jpg 225w, https:\/\/vii-lo.krakow.pl\/wp-content\/uploads\/2023\/03\/20220924_140430-1152x1536.jpg 1152w, https:\/\/vii-lo.krakow.pl\/wp-content\/uploads\/2023\/03\/20220924_140430-1536x2048.jpg 1536w, https:\/\/vii-lo.krakow.pl\/wp-content\/uploads\/2023\/03\/20220924_140430-scaled.jpg 1920w\" sizes=\"(max-width: 768px) 100vw, 768px\" \/><\/figure><\/li><li class=\"wp-block-jetpack-slideshow_slide swiper-slide\"><figure><img loading=\"lazy\" width=\"768\" height=\"1024\" alt=\"\" class=\"wp-block-jetpack-slideshow_image wp-image-3133\" data-id=\"3133\" src=\"https:\/\/vii-lo.krakow.pl\/wp-content\/uploads\/2023\/03\/20220924_141317_HDR-768x1024.jpg\" srcset=\"https:\/\/vii-lo.krakow.pl\/wp-content\/uploads\/2023\/03\/20220924_141317_HDR-768x1024.jpg 768w, https:\/\/vii-lo.krakow.pl\/wp-content\/uploads\/2023\/03\/20220924_141317_HDR-225x300.jpg 225w, https:\/\/vii-lo.krakow.pl\/wp-content\/uploads\/2023\/03\/20220924_141317_HDR-1152x1536.jpg 1152w, https:\/\/vii-lo.krakow.pl\/wp-content\/uploads\/2023\/03\/20220924_141317_HDR-1536x2048.jpg 1536w, https:\/\/vii-lo.krakow.pl\/wp-content\/uploads\/2023\/03\/20220924_141317_HDR-scaled.jpg 1920w\" sizes=\"(max-width: 768px) 100vw, 768px\" \/><\/figure><\/li><li class=\"wp-block-jetpack-slideshow_slide swiper-slide\"><figure><img loading=\"lazy\" width=\"1024\" height=\"768\" alt=\"\" class=\"wp-block-jetpack-slideshow_image wp-image-3134\" data-id=\"3134\" src=\"https:\/\/vii-lo.krakow.pl\/wp-content\/uploads\/2023\/03\/20220924_141347_HDR-1024x768.jpg\" srcset=\"https:\/\/vii-lo.krakow.pl\/wp-content\/uploads\/2023\/03\/20220924_141347_HDR-1024x768.jpg 1024w, https:\/\/vii-lo.krakow.pl\/wp-content\/uploads\/2023\/03\/20220924_141347_HDR-300x225.jpg 300w, https:\/\/vii-lo.krakow.pl\/wp-content\/uploads\/2023\/03\/20220924_141347_HDR-768x576.jpg 768w, https:\/\/vii-lo.krakow.pl\/wp-content\/uploads\/2023\/03\/20220924_141347_HDR-1536x1152.jpg 1536w, https:\/\/vii-lo.krakow.pl\/wp-content\/uploads\/2023\/03\/20220924_141347_HDR-2048x1536.jpg 2048w\" sizes=\"(max-width: 1024px) 100vw, 1024px\" \/><\/figure><\/li><li class=\"wp-block-jetpack-slideshow_slide swiper-slide\"><figure><img loading=\"lazy\" width=\"1024\" height=\"768\" alt=\"\" class=\"wp-block-jetpack-slideshow_image wp-image-3135\" data-id=\"3135\" src=\"https:\/\/vii-lo.krakow.pl\/wp-content\/uploads\/2023\/03\/20220924_141409_HDR-1024x768.jpg\" srcset=\"https:\/\/vii-lo.krakow.pl\/wp-content\/uploads\/2023\/03\/20220924_141409_HDR-1024x768.jpg 1024w, https:\/\/vii-lo.krakow.pl\/wp-content\/uploads\/2023\/03\/20220924_141409_HDR-300x225.jpg 300w, https:\/\/vii-lo.krakow.pl\/wp-content\/uploads\/2023\/03\/20220924_141409_HDR-768x576.jpg 768w, https:\/\/vii-lo.krakow.pl\/wp-content\/uploads\/2023\/03\/20220924_141409_HDR-1536x1152.jpg 1536w, https:\/\/vii-lo.krakow.pl\/wp-content\/uploads\/2023\/03\/20220924_141409_HDR-2048x1536.jpg 2048w\" sizes=\"(max-width: 1024px) 100vw, 1024px\" \/><\/figure><\/li><li class=\"wp-block-jetpack-slideshow_slide swiper-slide\"><figure><img loading=\"lazy\" width=\"1024\" height=\"768\" alt=\"\" class=\"wp-block-jetpack-slideshow_image wp-image-3136\" data-id=\"3136\" src=\"https:\/\/vii-lo.krakow.pl\/wp-content\/uploads\/2023\/03\/20220924_141509_HDR-1024x768.jpg\" srcset=\"https:\/\/vii-lo.krakow.pl\/wp-content\/uploads\/2023\/03\/20220924_141509_HDR-1024x768.jpg 1024w, https:\/\/vii-lo.krakow.pl\/wp-content\/uploads\/2023\/03\/20220924_141509_HDR-300x225.jpg 300w, https:\/\/vii-lo.krakow.pl\/wp-content\/uploads\/2023\/03\/20220924_141509_HDR-768x576.jpg 768w, https:\/\/vii-lo.krakow.pl\/wp-content\/uploads\/2023\/03\/20220924_141509_HDR-1536x1152.jpg 1536w, https:\/\/vii-lo.krakow.pl\/wp-content\/uploads\/2023\/03\/20220924_141509_HDR-2048x1536.jpg 2048w\" sizes=\"(max-width: 1024px) 100vw, 1024px\" \/><\/figure><\/li><li class=\"wp-block-jetpack-slideshow_slide swiper-slide\"><figure><img loading=\"lazy\" width=\"1024\" height=\"768\" alt=\"\" class=\"wp-block-jetpack-slideshow_image wp-image-3137\" data-id=\"3137\" src=\"https:\/\/vii-lo.krakow.pl\/wp-content\/uploads\/2023\/03\/20220924_142353-1024x768.jpg\" srcset=\"https:\/\/vii-lo.krakow.pl\/wp-content\/uploads\/2023\/03\/20220924_142353-1024x768.jpg 1024w, https:\/\/vii-lo.krakow.pl\/wp-content\/uploads\/2023\/03\/20220924_142353-300x225.jpg 300w, https:\/\/vii-lo.krakow.pl\/wp-content\/uploads\/2023\/03\/20220924_142353-768x576.jpg 768w, https:\/\/vii-lo.krakow.pl\/wp-content\/uploads\/2023\/03\/20220924_142353-1536x1152.jpg 1536w, https:\/\/vii-lo.krakow.pl\/wp-content\/uploads\/2023\/03\/20220924_142353-2048x1536.jpg 2048w\" sizes=\"(max-width: 1024px) 100vw, 1024px\" \/><\/figure><\/li><li class=\"wp-block-jetpack-slideshow_slide swiper-slide\"><figure><img loading=\"lazy\" width=\"768\" height=\"1024\" alt=\"\" class=\"wp-block-jetpack-slideshow_image wp-image-3152\" data-id=\"3152\" src=\"https:\/\/vii-lo.krakow.pl\/wp-content\/uploads\/2023\/03\/20220924_141319_HDR-768x1024.jpg\" srcset=\"https:\/\/vii-lo.krakow.pl\/wp-content\/uploads\/2023\/03\/20220924_141319_HDR-768x1024.jpg 768w, https:\/\/vii-lo.krakow.pl\/wp-content\/uploads\/2023\/03\/20220924_141319_HDR-225x300.jpg 225w, https:\/\/vii-lo.krakow.pl\/wp-content\/uploads\/2023\/03\/20220924_141319_HDR-1152x1536.jpg 1152w, https:\/\/vii-lo.krakow.pl\/wp-content\/uploads\/2023\/03\/20220924_141319_HDR-1536x2048.jpg 1536w, https:\/\/vii-lo.krakow.pl\/wp-content\/uploads\/2023\/03\/20220924_141319_HDR-scaled.jpg 1920w\" sizes=\"(max-width: 768px) 100vw, 768px\" \/><\/figure><\/li><li class=\"wp-block-jetpack-slideshow_slide swiper-slide\"><figure><img loading=\"lazy\" width=\"768\" height=\"1024\" alt=\"\" class=\"wp-block-jetpack-slideshow_image wp-image-3153\" data-id=\"3153\" src=\"https:\/\/vii-lo.krakow.pl\/wp-content\/uploads\/2023\/03\/20220924_141334_HDR-768x1024.jpg\" srcset=\"https:\/\/vii-lo.krakow.pl\/wp-content\/uploads\/2023\/03\/20220924_141334_HDR-768x1024.jpg 768w, https:\/\/vii-lo.krakow.pl\/wp-content\/uploads\/2023\/03\/20220924_141334_HDR-225x300.jpg 225w, https:\/\/vii-lo.krakow.pl\/wp-content\/uploads\/2023\/03\/20220924_141334_HDR-1152x1536.jpg 1152w, https:\/\/vii-lo.krakow.pl\/wp-content\/uploads\/2023\/03\/20220924_141334_HDR-1536x2048.jpg 1536w, https:\/\/vii-lo.krakow.pl\/wp-content\/uploads\/2023\/03\/20220924_141334_HDR-scaled.jpg 1920w\" sizes=\"(max-width: 768px) 100vw, 768px\" \/><\/figure><\/li><li class=\"wp-block-jetpack-slideshow_slide swiper-slide\"><figure><img loading=\"lazy\" width=\"1024\" height=\"768\" alt=\"\" class=\"wp-block-jetpack-slideshow_image wp-image-3154\" data-id=\"3154\" src=\"https:\/\/vii-lo.krakow.pl\/wp-content\/uploads\/2023\/03\/20220924_141347_HDR-1-1024x768.jpg\" srcset=\"https:\/\/vii-lo.krakow.pl\/wp-content\/uploads\/2023\/03\/20220924_141347_HDR-1-1024x768.jpg 1024w, https:\/\/vii-lo.krakow.pl\/wp-content\/uploads\/2023\/03\/20220924_141347_HDR-1-300x225.jpg 300w, https:\/\/vii-lo.krakow.pl\/wp-content\/uploads\/2023\/03\/20220924_141347_HDR-1-768x576.jpg 768w, https:\/\/vii-lo.krakow.pl\/wp-content\/uploads\/2023\/03\/20220924_141347_HDR-1-1536x1152.jpg 1536w, https:\/\/vii-lo.krakow.pl\/wp-content\/uploads\/2023\/03\/20220924_141347_HDR-1-2048x1536.jpg 2048w\" sizes=\"(max-width: 1024px) 100vw, 1024px\" \/><\/figure><\/li><li class=\"wp-block-jetpack-slideshow_slide swiper-slide\"><figure><img loading=\"lazy\" width=\"1024\" height=\"768\" alt=\"\" class=\"wp-block-jetpack-slideshow_image wp-image-3155\" data-id=\"3155\" src=\"https:\/\/vii-lo.krakow.pl\/wp-content\/uploads\/2023\/03\/20220924_141409_HDR-1-1024x768.jpg\" srcset=\"https:\/\/vii-lo.krakow.pl\/wp-content\/uploads\/2023\/03\/20220924_141409_HDR-1-1024x768.jpg 1024w, https:\/\/vii-lo.krakow.pl\/wp-content\/uploads\/2023\/03\/20220924_141409_HDR-1-300x225.jpg 300w, https:\/\/vii-lo.krakow.pl\/wp-content\/uploads\/2023\/03\/20220924_141409_HDR-1-768x576.jpg 768w, https:\/\/vii-lo.krakow.pl\/wp-content\/uploads\/2023\/03\/20220924_141409_HDR-1-1536x1152.jpg 1536w, https:\/\/vii-lo.krakow.pl\/wp-content\/uploads\/2023\/03\/20220924_141409_HDR-1-2048x1536.jpg 2048w\" sizes=\"(max-width: 1024px) 100vw, 1024px\" \/><\/figure><\/li><li class=\"wp-block-jetpack-slideshow_slide swiper-slide\"><figure><img loading=\"lazy\" width=\"1024\" height=\"768\" alt=\"\" class=\"wp-block-jetpack-slideshow_image wp-image-3156\" data-id=\"3156\" src=\"https:\/\/vii-lo.krakow.pl\/wp-content\/uploads\/2023\/03\/20220924_141420_HDR-1024x768.jpg\" srcset=\"https:\/\/vii-lo.krakow.pl\/wp-content\/uploads\/2023\/03\/20220924_141420_HDR-1024x768.jpg 1024w, https:\/\/vii-lo.krakow.pl\/wp-content\/uploads\/2023\/03\/20220924_141420_HDR-300x225.jpg 300w, https:\/\/vii-lo.krakow.pl\/wp-content\/uploads\/2023\/03\/20220924_141420_HDR-768x576.jpg 768w, https:\/\/vii-lo.krakow.pl\/wp-content\/uploads\/2023\/03\/20220924_141420_HDR-1536x1152.jpg 1536w, https:\/\/vii-lo.krakow.pl\/wp-content\/uploads\/2023\/03\/20220924_141420_HDR-2048x1536.jpg 2048w\" sizes=\"(max-width: 1024px) 100vw, 1024px\" \/><\/figure><\/li><li class=\"wp-block-jetpack-slideshow_slide swiper-slide\"><figure><img loading=\"lazy\" width=\"1024\" height=\"768\" alt=\"\" class=\"wp-block-jetpack-slideshow_image wp-image-3157\" data-id=\"3157\" src=\"https:\/\/vii-lo.krakow.pl\/wp-content\/uploads\/2023\/03\/20220924_141509_HDR-1-1024x768.jpg\" srcset=\"https:\/\/vii-lo.krakow.pl\/wp-content\/uploads\/2023\/03\/20220924_141509_HDR-1-1024x768.jpg 1024w, https:\/\/vii-lo.krakow.pl\/wp-content\/uploads\/2023\/03\/20220924_141509_HDR-1-300x225.jpg 300w, https:\/\/vii-lo.krakow.pl\/wp-content\/uploads\/2023\/03\/20220924_141509_HDR-1-768x576.jpg 768w, https:\/\/vii-lo.krakow.pl\/wp-content\/uploads\/2023\/03\/20220924_141509_HDR-1-1536x1152.jpg 1536w, https:\/\/vii-lo.krakow.pl\/wp-content\/uploads\/2023\/03\/20220924_141509_HDR-1-2048x1536.jpg 2048w\" sizes=\"(max-width: 1024px) 100vw, 1024px\" \/><\/figure><\/li><li class=\"wp-block-jetpack-slideshow_slide swiper-slide\"><figure><img loading=\"lazy\" width=\"1024\" height=\"768\" alt=\"\" class=\"wp-block-jetpack-slideshow_image wp-image-3158\" data-id=\"3158\" src=\"https:\/\/vii-lo.krakow.pl\/wp-content\/uploads\/2023\/03\/20220924_141525_HDR-1024x768.jpg\" srcset=\"https:\/\/vii-lo.krakow.pl\/wp-content\/uploads\/2023\/03\/20220924_141525_HDR-1024x768.jpg 1024w, https:\/\/vii-lo.krakow.pl\/wp-content\/uploads\/2023\/03\/20220924_141525_HDR-300x225.jpg 300w, https:\/\/vii-lo.krakow.pl\/wp-content\/uploads\/2023\/03\/20220924_141525_HDR-768x576.jpg 768w, https:\/\/vii-lo.krakow.pl\/wp-content\/uploads\/2023\/03\/20220924_141525_HDR-1536x1152.jpg 1536w, https:\/\/vii-lo.krakow.pl\/wp-content\/uploads\/2023\/03\/20220924_141525_HDR-2048x1536.jpg 2048w\" sizes=\"(max-width: 1024px) 100vw, 1024px\" \/><\/figure><\/li><\/ul><a class=\"wp-block-jetpack-slideshow_button-prev swiper-button-prev swiper-button-white\" role=\"button\"><\/a><a class=\"wp-block-jetpack-slideshow_button-next swiper-button-next swiper-button-white\" role=\"button\"><\/a><a aria-label=\"Pause Slideshow\" class=\"wp-block-jetpack-slideshow_button-pause\" role=\"button\"><\/a><div class=\"wp-block-jetpack-slideshow_pagination swiper-pagination swiper-pagination-white\"><\/div><\/div><\/div>\n\n\n\n<hr class=\"wp-block-separator aligncenter\"\/>\n\n\n\n<p class=\"has-text-align-center\">Grupa uczni\u00f3w klasy IVD z programem DSD II po szcz\u0119\u015bliwie zdanym egzaminie ustnym (stycze\u0144 2022):<\/p>\n\n\n\n<div class=\"wp-block-image\"><figure class=\"alignright size-full\"><img loading=\"lazy\" width=\"2560\" height=\"1920\" src=\"https:\/\/vii-lo.krakow.pl\/wp-content\/uploads\/2023\/03\/Egzamin-scaled.jpg\" alt=\"\" class=\"wp-image-3165\" srcset=\"https:\/\/vii-lo.krakow.pl\/wp-content\/uploads\/2023\/03\/Egzamin-scaled.jpg 2560w, https:\/\/vii-lo.krakow.pl\/wp-content\/uploads\/2023\/03\/Egzamin-300x225.jpg 300w, https:\/\/vii-lo.krakow.pl\/wp-content\/uploads\/2023\/03\/Egzamin-1024x768.jpg 1024w, https:\/\/vii-lo.krakow.pl\/wp-content\/uploads\/2023\/03\/Egzamin-768x576.jpg 768w, https:\/\/vii-lo.krakow.pl\/wp-content\/uploads\/2023\/03\/Egzamin-1536x1152.jpg 1536w, https:\/\/vii-lo.krakow.pl\/wp-content\/uploads\/2023\/03\/Egzamin-2048x1536.jpg 2048w\" sizes=\"(max-width: 2560px) 100vw, 2560px\" \/><\/figure><\/div>\n<\/div>\n\n\n\n<div class=\"wp-block-column\" style=\"flex-basis:25%\"><\/div>\n<\/div>\n\n\n\n<div class=\"wp-block-columns\">\n<div class=\"wp-block-column\" style=\"flex-basis:100%\"><\/div>\n<\/div>\n","protected":false},"excerpt":{"rendered":"<p>Film przygotowany przez klas\u0119 z programem DSD II: Ob\u00f3z j\u0119zykowy dla uczni\u00f3w z programem DSD II (Koninki, wrzesie\u0144 2022): Grupa uczni\u00f3w klasy IVD z programem&hellip;<\/p>\n","protected":false},"author":10,"featured_media":0,"parent":0,"menu_order":0,"comment_status":"closed","ping_status":"closed","template":"","meta":{"spay_email":""},"_links":{"self":[{"href":"https:\/\/vii-lo.krakow.pl\/index.php?rest_route=\/wp\/v2\/pages\/3126"}],"collection":[{"href":"https:\/\/vii-lo.krakow.pl\/index.php?rest_route=\/wp\/v2\/pages"}],"about":[{"href":"https:\/\/vii-lo.krakow.pl\/index.php?rest_route=\/wp\/v2\/types\/page"}],"author":[{"embeddable":true,"href":"https:\/\/vii-lo.krakow.pl\/index.php?rest_route=\/wp\/v2\/users\/10"}],"replies":[{"embeddable":true,"href":"https:\/\/vii-lo.krakow.pl\/index.php?rest_route=%2Fwp%2Fv2%2Fcomments&post=3126"}],"version-history":[{"count":36,"href":"https:\/\/vii-lo.krakow.pl\/index.php?rest_route=\/wp\/v2\/pages\/3126\/revisions"}],"predecessor-version":[{"id":3186,"href":"https:\/\/vii-lo.krakow.pl\/index.php?rest_route=\/wp\/v2\/pages\/3126\/revisions\/3186"}],"wp:attachment":[{"href":"https:\/\/vii-lo.krakow.pl\/index.php?rest_route=%2Fwp%2Fv2%2Fmedia&parent=3126"}],"curies":[{"name":"wp","href":"https:\/\/api.w.org\/{rel}","templated":true}]}}