{"id":3237,"date":"2023-03-21T18:06:09","date_gmt":"2023-03-21T17:06:09","guid":{"rendered":"https:\/\/vii-lo.krakow.pl\/?page_id=3237"},"modified":"2025-03-18T07:38:34","modified_gmt":"2025-03-18T06:38:34","slug":"jezyki-obce-w-vii-lo","status":"publish","type":"page","link":"https:\/\/vii-lo.krakow.pl\/?page_id=3237","title":{"rendered":"J\u0119zyki obce w oddzia\u0142ach"},"content":{"rendered":"\n<figure class=\"wp-block-table\"><table><tbody><tr><td><strong>Klasy A, B, C, E, F, G:<\/strong> <br>Pierwszym j\u0119zykiem obcym &#8211; nauczanym jako kontynuacja nauki ze szko\u0142y podstawowej &#8211; jest j\u0119zyk angielski (w klasach A i G j\u0119zyk angielski jest r\u00f3wnie\u017c jednym z trzech przedmiot\u00f3w rozszerzonych). <br>Na pocz\u0105tku roku szkolnego nauczyciele j\u0119zyka angielskiego przeprowadzaj\u0105 testy, na podstawie kt\u00f3rych klasy dzielone s\u0105 na grupy mniej i bardziej zaawansowane (wewn\u0105trz danego oddzia\u0142u). <br>Jako drugi j\u0119zyk obcy mo\u017cna wybra\u0107 jeden spo\u015br\u00f3d j\u0119zyk\u00f3w: <br>niemiecki, francuski, rosyjski (mog\u0105 by\u0107 od podstaw),       \u0142aci\u0144ski (od podstaw),       hiszpa\u0144ski (wy\u0142\u0105cznie jako kontynuacja ze szko\u0142y podstawowej). <br>Drugi j\u0119zyk obcy nauczany jest w grupach mi\u0119dzyoddzia\u0142owych. <br><strong>Podkre\u015blamy, \u017ce j\u0119zyk hiszpa\u0144ski nauczany jest w VII LO tylko jako kontynuacja ze szko\u0142y podstawowej, nawet je\u015bli krakowski elektroniczny system rekrutacyjny pozwoli technicznie na wyb\u00f3r j\u0119zyka hiszpa\u0144skiego kandydatom, kt\u00f3rzy nie uczyli si\u0119 wcze\u015bniej tego j\u0119zyka.<\/strong><br><br><strong>Klasa D<\/strong> (tylko j\u0119zyk angielski i j\u0119zyk niemiecki):<br>Klasa ta jest podzielona na dwie grupy. W pierwszej grupie pierwszym j\u0119zykiem obcym jest j\u0119zyk angielski \u2013 jako kontynuacja ze szko\u0142y podstawowej i przedmiot rozszerzony, a drugim j\u0119zykiem obcym \u2013 j\u0119zyk niemiecki, tak\u017ce tylko jako kontynuacja ze szko\u0142y podstawowej. <br>W drugiej grupie pierwszym j\u0119zykiem obcym jest j\u0119zyk niemiecki \u2013 jako kontynuacja ze szko\u0142y podstawowej i przedmiot rozszerzony, a drugim j\u0119zykiem obcym \u2013 j\u0119zyk angielski (jako kontynuacja ze szko\u0142y podstawowej). <br>W tej grupie nauka obejmuje przygotowanie do egzaminu DSD2.\u00a0 <br><strong>Podkre\u015blamy, \u017ce w klasie D j\u0119zyk niemiecki jest obowi\u0105zkowy, punktowany w procesie rekrutacji oraz nauczany jako kontynuacja ze szko\u0142y podstawowej tak\u017ce w grupie, w kt\u00f3rej pierwszym j\u0119zykiem obcym jest j\u0119zyk angielski a j\u0119zyk niemiecki jest drugim j\u0119zykiem obcym.  <\/strong><br><\/td><\/tr><\/tbody><\/table><\/figure>\n\n\n\n<figure class=\"wp-block-table\"><table><tbody><tr><td><\/td><\/tr><\/tbody><\/table><\/figure>\n","protected":false},"excerpt":{"rendered":"<p>Klasy A, B, C, E, F, G: Pierwszym j\u0119zykiem obcym &#8211; nauczanym jako kontynuacja nauki ze szko\u0142y podstawowej &#8211; jest j\u0119zyk angielski (w klasach A&hellip;<\/p>\n","protected":false},"author":6,"featured_media":0,"parent":0,"menu_order":0,"comment_status":"closed","ping_status":"closed","template":"","meta":{"spay_email":""},"_links":{"self":[{"href":"https:\/\/vii-lo.krakow.pl\/index.php?rest_route=\/wp\/v2\/pages\/3237"}],"collection":[{"href":"https:\/\/vii-lo.krakow.pl\/index.php?rest_route=\/wp\/v2\/pages"}],"about":[{"href":"https:\/\/vii-lo.krakow.pl\/index.php?rest_route=\/wp\/v2\/types\/page"}],"author":[{"embeddable":true,"href":"https:\/\/vii-lo.krakow.pl\/index.php?rest_route=\/wp\/v2\/users\/6"}],"replies":[{"embeddable":true,"href":"https:\/\/vii-lo.krakow.pl\/index.php?rest_route=%2Fwp%2Fv2%2Fcomments&post=3237"}],"version-history":[{"count":15,"href":"https:\/\/vii-lo.krakow.pl\/index.php?rest_route=\/wp\/v2\/pages\/3237\/revisions"}],"predecessor-version":[{"id":5280,"href":"https:\/\/vii-lo.krakow.pl\/index.php?rest_route=\/wp\/v2\/pages\/3237\/revisions\/5280"}],"wp:attachment":[{"href":"https:\/\/vii-lo.krakow.pl\/index.php?rest_route=%2Fwp%2Fv2%2Fmedia&parent=3237"}],"curies":[{"name":"wp","href":"https:\/\/api.w.org\/{rel}","templated":true}]}}