{"id":3306,"date":"2023-04-30T15:05:01","date_gmt":"2023-04-30T13:05:01","guid":{"rendered":"https:\/\/vii-lo.krakow.pl\/?page_id=3306"},"modified":"2023-05-02T09:19:20","modified_gmt":"2023-05-02T07:19:20","slug":"skladanie-wnioskow-rekrutacyjnych-na-rok-szkolny-2023-2034","status":"publish","type":"page","link":"https:\/\/vii-lo.krakow.pl\/?page_id=3306","title":{"rendered":"Sk\u0142adanie wniosk\u00f3w rekrutacyjnych na rok szkolny 2023\/2034"},"content":{"rendered":"\n<p><a href=\"https:\/\/vii-lo.krakow.pl\/wp-content\/uploads\/2023\/04\/SKLADANIE-WNIOSKOW.pdf\">Wersja PDF<\/a><\/p>\n\n\n\n<p class=\"has-text-align-center\">REKRUTACJA DO KLASY PIERWSZEJ NA ROK SZKOLNY 2023\/2024<\/p>\n\n\n\n<p class=\"has-text-align-center\">SK\u0141ADANIE WNIOSK\u00d3W<\/p>\n\n\n\n<p>Rekrutacja absolwent\u00f3w szko\u0142y podstawowej do szk\u00f3\u0142 prowadzonych przez Miasto Krak\u00f3w odb\u0119dzie si\u0119 z wykorzystaniem informatycznego systemu rekrutacyjnego, dost\u0119pnego na stronie:  <a href=\"https:\/\/krakow.e-omikron.pl\/\" rel=\"nofollow\">https:\/\/krakow.e-omikron.pl\/<\/a> <\/p>\n\n\n\n<p>W systemie krakowskim nie ma ograniczenia co do liczby wybieranych szk\u00f3\u0142 (mo\u017cna wskaza\u0107 wi\u0119cej ni\u017c trzy szko\u0142y), jak r\u00f3wnie\u017c co do liczby oddzia\u0142\u00f3w w ramach danej szko\u0142y. <\/p>\n\n\n\n<p>Wnioski rekrutacyjne do szk\u00f3\u0142 prowadzonych przez Miasto Krak\u00f3w nale\u017cy z\u0142o\u017cy\u0107 w szkole pierwszego wyboru.<\/p>\n\n\n\n<p>I. Post\u0119powanie rekrutacyjne. <\/p>\n\n\n\n<p>Kandydaci do VII Liceum Og\u00f3lnokszta\u0142c\u0105cego im. Zofii Na\u0142kowskiej w Krakowie jako szko\u0142y pierwszego wyboru ko\u0144cz\u0105cy szko\u0142\u0119 podstawow\u0105 sk\u0142adaj\u0105 wygenerowany w systemie Omikron wniosek o przyj\u0119cie w dniach <strong>od 15 maja 2023 r. do 19 czerwca 2023 r. <\/strong>poprzez: <\/p>\n\n\n\n<p>1. dostarczenie do sekretariatu Liceum <strong>w godzinach 9.00 &#8211; 14.00 <\/strong>wydrukowanego z systemu Omikron wype\u0142nionego wniosku podpisanego przez co najmniej jednego rodzica \/ prawnego opiekuna kandydata, <\/p>\n\n\n\n<p>lub <\/p>\n\n\n\n<p>2. podpisanie za pomoc\u0105 Profilu Zaufanego przez co najmniej jednego rodzica \/ prawnego opiekuna kandydata wniosku wype\u0142nionego w systemie Omikron. <\/p>\n\n\n\n<p><strong>Przy wype\u0142nianiu wniosk\u00f3w w systemie Omikron prosimy pami\u0119ta\u0107, \u017ce w naszym liceum<\/strong> <strong>j\u0119zyk hiszpa\u0144ski nauczany jest tylko jako kontynuacja nauki ze szko\u0142y podstawowej, nawet<\/strong> <strong>je\u015bli system Omikron technicznie pozwoli wskaza\u0107 j\u0119zyk hiszpa\u0144ski osobom, kt\u00f3re wcze\u015bniej<\/strong> <strong>nie uczy\u0142y si\u0119 tego j\u0119zyka.<\/strong> <\/p>\n\n\n\n<p><strong>Natomiast w klasie D j\u0119zyk niemiecki jest obowi\u0105zkowy, punktowany w procesie<\/strong> <strong>rekrutacji oraz nauczany jako kontynuacja ze szko\u0142y podstawowej tak\u017ce w grupie<\/strong> <strong>rekrutacyjnej D1, w kt\u00f3rej j\u0119zyk niemiecki jest drugim j\u0119zykiem nauczania.<\/strong> <\/p>\n\n\n\n<p>W terminie <strong>od 23 czerwca 2023 r. do 10 lipca 2023 r. <\/strong>nale\u017cy do\u0142\u0105czy\u0107 kopie dokument\u00f3w: <\/p>\n\n\n\n<p>a) \u015bwiadectwa uko\u0144czenia szko\u0142y podstawowej, <\/p>\n\n\n\n<p>b) za\u015bwiadczenia o wyniku egzaminu \u00f3smoklasisty. <\/p>\n\n\n\n<p>Za\u015bwiadczenia o wyniku egzaminu \u00f3smoklasisty b\u0119d\u0105 do odebrania w macierzystej szkole podstawowej od 6 lipca 2023 r. (3 lipca wyniki egzaminu zostan\u0105 og\u0142oszone, ale dopiero 6 lipca wydawane b\u0119d\u0105 za\u015bwiadczenia, kt\u00f3rych kopi\u0119 dostarcza si\u0119 do liceum). <\/p>\n\n\n\n<p>Kopi\u0119 \u015bwiadectwa uko\u0144czenia szko\u0142y podstawowej mo\u017cna z\u0142o\u017cy\u0107 w liceum razem z kopi\u0105 za\u015bwiadczenia o wyniku egzaminu \u00f3smoklasisty w dniach 6 &#8211; 10 lipca, ale <strong>mo\u017cna <\/strong>j\u0105 te\u017c z\u0142o\u017cy\u0107 osobno wcze\u015bniej &#8211; od momentu wydawania \u015bwiadectw, czyli <strong>od 23 czerwca 2023 r<\/strong>.. <\/p>\n\n\n\n<p>Zwracamy uwag\u0119, \u017ce dane wprowadzane do systemu Omikron s\u0105 widoczne dla kandydat\u00f3w i ich rodzic\u00f3w\/prawnych opiekun\u00f3w, dlatego w przypadku dostrze\u017conych pomy\u0142ek lub nie\u015bcis\u0142o\u015bci prosimy o kontakt w celu poprawienia danych lub wyja\u015bnienia niejasno\u015bci. <\/p>\n\n\n\n<p>W terminie od 23 czerwca 2023 r. do 10 lipca 2023 r. kandydat mo\u017ce z\u0142o\u017cy\u0107 nowy wniosek, w tym zmieni\u0107 wniosek o przyj\u0119cie, z uwagi na zamian\u0119 przez kandydata szk\u00f3\u0142, do kt\u00f3rych kandyduje. <\/p>\n\n\n\n<p>Listy kandydat\u00f3w zakwalifikowanych do szk\u00f3\u0142 zostan\u0105 opublikowane <strong>19 lipca 2023 r<\/strong>. (do godz. 12.00). <\/p>\n\n\n\n<p>Potwierdzenie woli podj\u0119cia nauki przez kandydat\u00f3w zakwalifikowanych do VII LO poprzez dostarczenie orygina\u0142u \u015bwiadectwa uko\u0144czenia szko\u0142y podstawowej i orygina\u0142u za\u015bwiadczenia o wynikach egzaminu \u00f3smoklasisty b\u0119dzie mia\u0142o miejsce <strong>od 19 lipca 2023 do 26 lipca 2023 r.<\/strong> w godzinach pracy komisji rekrutacyjnej (komunikat o godzinach pracy komisji pojawi si\u0119 na naszej stronie internetowej). <\/p>\n\n\n\n<p><strong>Listy kandydat\u00f3w przyj\u0119tych do szk\u00f3\u0142 zostan\u0105 opublikowane 27 lipca 2023 r.<\/strong> <strong>(do godz. 12.00).<\/strong><\/p>\n\n\n\n<p>II. Post\u0119powanie uzupe\u0142niaj\u0105ce. <\/p>\n\n\n\n<p>W przypadku wolnych miejsc po etapie post\u0119powania rekrutacyjnego w szkole ponadpodstawowej rozpoczyna si\u0119 post\u0119powanie uzupe\u0142niaj\u0105ce (<strong>od 28 lipca 2023 r<\/strong>.). <\/p>\n\n\n\n<p><strong>Post\u0119powanie uzupe\u0142niaj\u0105ce do szk\u00f3\u0142 prowadzonych przez Miasto Krak\u00f3w odbywa\u0107 si\u0119<\/strong> <strong>b\u0119dzie z wykorzystaniem systemu informatycznego Omikron i przebiega\u0107 b\u0119dzie<\/strong> <strong>na podstawie nowych wniosk\u00f3w z\u0142o\u017conych poprzez system Omikron (nie na podstawie<\/strong> <strong>poda\u0144 do dyrektora szko\u0142y) a kryterium zakwalifikowania kandydata pozostaj\u0105 punkty<\/strong> <strong>rekrutacyjne.<\/strong> <\/p>\n\n\n\n<p>Szczeg\u00f3\u0142owe informacje o post\u0119powaniu uzupe\u0142niaj\u0105cym w naszym liceum pojawi\u0105 si\u0119 na naszej stronie internetowej.<\/p>\n\n\n\n<p>&#8211;<\/p>\n\n\n\n<p><strong>Najwa\u017cniejsze informacje dotycz\u0105ce rekrutacji do klasy pierwszej na rok szkolny<\/strong> <strong>2023\/2024:<\/strong><\/p>\n\n\n\n<p>Harmonogram rekrutacji: <\/p>\n\n\n\n<p><a href=\"https:\/\/kuratorium.krakow.pl\/zarzadzenie-nr-5-23-malopolskiego-kuratora-oswiaty-z-dnia-26-stycznia-2023-r-terminy-postepowania-rekrutacyjnego-i-postepowania-uzupelniajacego-na-rok-szkolny-2023-2024\/\" rel=\"nofollow\">https:\/\/kuratorium.krakow.pl\/zarzadzenie-nr-5-23-malopolskiego-kuratora-oswiaty-z-dnia-26-stycznia-2023-r-terminy-postepowania-rekrutacyjnego-i-postepowania-uzupelniajacego-na-rok-szkolny-2023-2024\/<\/a><\/p>\n\n\n\n<p>Punktowane konkursy i zawody: <\/p>\n\n\n\n<p><a href=\"https:\/\/kuratorium.krakow.pl\/przeliczanie-na-punkty-szczegolnych-osiagniec-wymienionych-na-swiadectwie-ukonczenia-szkoly-podstawowej-postepowanie-rekrutacyjne-do-klas-pierwszych-publicznych-szkol-ponadpodstawowych-na-rok-szkoln\/\" rel=\"nofollow\" title=\"https:\/\/kuratorium.krakow.pl\/przeliczanie-na-punkty-szczegolnych-osiagniec-wymienionych-na-swiadectwie-ukonczenia-szkoly-podstawowej-postepowanie-rekrutacyjne-do-klas-pierwszych-publicznych-szkol-ponadpodstawowych-na-rok-szkoln\/\">https:\/\/kuratorium.krakow.pl\/przeliczanie-na-punkty-szczegolnych-osiagniec-wymienionychna-swiadectwie-ukonczenia-szkoly-podstawowej-postepowanie-rekrutacyjne-do-klaspierwszych-publicznych-szkol-ponadpodstawowych-na-rok-szkoln\/<\/a> <\/p>\n\n\n\n<p>Rozporz\u0105dzenie Ministra Edukacji i Nauki z dnia 18 listopada 2022 r. w sprawie przeprowadzania post\u0119powania rekrutacyjnego oraz post\u0119powania uzupe\u0142niaj\u0105cego do publicznych przedszkoli, szk\u00f3\u0142, plac\u00f3wek i centr\u00f3w (Dz. U. poz. 2431): <\/p>\n\n\n\n<p><a href=\"https:\/\/kuratorium.krakow.pl\/wp-content\/uploads\/2022\/11\/rozporzadzenie-mein-rekrutacja-2022.pdf\" rel=\"nofollow\">https:\/\/kuratorium.krakow.pl\/wp-content\/uploads\/2022\/11\/rozporzadzenie-mein-rekrutacja-2022.pdf<\/a><\/p>\n","protected":false},"excerpt":{"rendered":"<p>Wersja PDF REKRUTACJA DO KLASY PIERWSZEJ NA ROK SZKOLNY 2023\/2024 SK\u0141ADANIE WNIOSK\u00d3W Rekrutacja absolwent\u00f3w szko\u0142y podstawowej do szk\u00f3\u0142 prowadzonych przez Miasto Krak\u00f3w odb\u0119dzie si\u0119 z&hellip;<\/p>\n","protected":false},"author":6,"featured_media":0,"parent":0,"menu_order":0,"comment_status":"closed","ping_status":"closed","template":"","meta":{"spay_email":""},"_links":{"self":[{"href":"https:\/\/vii-lo.krakow.pl\/index.php?rest_route=\/wp\/v2\/pages\/3306"}],"collection":[{"href":"https:\/\/vii-lo.krakow.pl\/index.php?rest_route=\/wp\/v2\/pages"}],"about":[{"href":"https:\/\/vii-lo.krakow.pl\/index.php?rest_route=\/wp\/v2\/types\/page"}],"author":[{"embeddable":true,"href":"https:\/\/vii-lo.krakow.pl\/index.php?rest_route=\/wp\/v2\/users\/6"}],"replies":[{"embeddable":true,"href":"https:\/\/vii-lo.krakow.pl\/index.php?rest_route=%2Fwp%2Fv2%2Fcomments&post=3306"}],"version-history":[{"count":12,"href":"https:\/\/vii-lo.krakow.pl\/index.php?rest_route=\/wp\/v2\/pages\/3306\/revisions"}],"predecessor-version":[{"id":3320,"href":"https:\/\/vii-lo.krakow.pl\/index.php?rest_route=\/wp\/v2\/pages\/3306\/revisions\/3320"}],"wp:attachment":[{"href":"https:\/\/vii-lo.krakow.pl\/index.php?rest_route=%2Fwp%2Fv2%2Fmedia&parent=3306"}],"curies":[{"name":"wp","href":"https:\/\/api.w.org\/{rel}","templated":true}]}}