{"id":3467,"date":"2023-07-11T15:12:38","date_gmt":"2023-07-11T13:12:38","guid":{"rendered":"https:\/\/vii-lo.krakow.pl\/?page_id=3467"},"modified":"2025-07-02T12:12:57","modified_gmt":"2025-07-02T10:12:57","slug":"przyjmowanie-oryginalow-dokumentow-po-publikacji-list-kwalifikacyjnych-do-liceum","status":"publish","type":"page","link":"https:\/\/vii-lo.krakow.pl\/?page_id=3467","title":{"rendered":"Potwierdzanie woli przyj\u0119cia 2025"},"content":{"rendered":"<p><a href=\"https:\/\/vii-lo.krakow.pl\/wp-content\/uploads\/2025\/07\/Przyjmowanie-oryginalow-dokumentow-16-18-lipca-2025.pdf\">Wersja PDF<\/a><\/p>\n<p>Szanowni Pa\u0144stwo!<\/p>\n<p>Zgodnie z tegorocznym harmonogramem rekrutacji w dniu <strong>16 lipca 2025 r. (\u015broda) do godz. 12.00<\/strong> podane zostan\u0105 do publicznej wiadomo\u015bci listy kandydat\u00f3w zakwalifikowanych i kandydat\u00f3w niezakwalifikowanych do szko\u0142y ponadpodstawowej.<\/p>\n<p><strong>Informacja o zakwalifikowaniu kandydata do szko\u0142y (oddzia\u0142u) dost\u0119pna b\u0119dzie r\u00f3wnie\u017c w systemie rekrutacyjnym Omikron.<\/strong><\/p>\n<p>Potwierdzanie woli przyj\u0119cia do VII LO w Krakowie poprzez dostarczenie <u>orygina\u0142u \u015bwiadectwa uko\u0144czenia szko\u0142y podstawowej oraz orygina\u0142u za\u015bwiadczenia o wynikach egzaminu \u00f3smoklasisty<\/u> odb\u0119dzie si\u0119 w dniach <strong>16 lipca 2025 r. (\u015broda) do 18 lipca 2025 r.<\/strong><strong> (pi\u0105tek).<\/strong><\/p>\n<p>Kandydat\u00f3w zakwalifikowanych do VII LO w Krakowie prosimy r\u00f3wnie\u017c o dostarczenie dw\u00f3ch zdj\u0119\u0107 legitymacyjnych (podpisanych na odwrocie), karty zdrowia oraz kopii aktu urodzenia (do wgl\u0105du).<\/p>\n<p>Godziny pracy Komisji Rekrutacyjnej VII LO w Krakowie:<\/p>\n<table>\n<tbody>\n<tr>\n<td width=\"189\">16 lipca (\u015broda)<\/td>\n<td width=\"123\">14.00 \u2013 17.00<\/td>\n<\/tr>\n<tr>\n<td width=\"189\">17 lipca (czwartek)<\/td>\n<td width=\"123\">10.00 \u2013 14.00<\/td>\n<\/tr>\n<tr>\n<td width=\"189\">18 lipca (pi\u0105tek)<\/td>\n<td width=\"123\">12.00 \u2013 15.00<\/td>\n<\/tr>\n<\/tbody>\n<\/table>\n<p>Listy kandydat\u00f3w przyj\u0119tych i kandydat\u00f3w nieprzyj\u0119tych do szko\u0142y ponadpodstawowej zostan\u0105 og\u0142oszone w dniu <strong>21 lipca 2025 r. do godz. 12.00.<\/strong><\/p>\n<p><u>W przypadku wolnych miejsc<\/u> po tym etapie rekrutacji od dnia 22 lipca 2025 r. odb\u0119dzie si\u0119 post\u0119powanie uzupe\u0142niaj\u0105ce.<\/p>\n<p><strong>Przypominamy, \u017ce post\u0119powanie uzupe\u0142niaj\u0105ce do szk\u00f3\u0142 prowadzonych przez Miasto Krak\u00f3w odbywa\u0107 si\u0119 b\u0119dzie z wykorzystaniem systemu informatycznego Omikron i przebiega\u0107 b\u0119dzie na podstawie nowych wniosk\u00f3w z\u0142o\u017conych poprzez system Omikron (nie na podstawie poda\u0144 do dyrektora szko\u0142y) a kryterium zakwalifikowania kandydata<\/strong> <strong>pozostaj\u0105 punkty rekrutacyjne. <\/strong><\/p>\n","protected":false},"excerpt":{"rendered":"<p>Wersja PDF Szanowni Pa\u0144stwo! Zgodnie z tegorocznym harmonogramem rekrutacji w dniu 16 lipca 2025 r. (\u015broda) do godz. 12.00 podane zostan\u0105 do publicznej wiadomo\u015bci listy&hellip;<\/p>\n","protected":false},"author":6,"featured_media":0,"parent":0,"menu_order":0,"comment_status":"closed","ping_status":"closed","template":"","meta":{"spay_email":""},"_links":{"self":[{"href":"https:\/\/vii-lo.krakow.pl\/index.php?rest_route=\/wp\/v2\/pages\/3467"}],"collection":[{"href":"https:\/\/vii-lo.krakow.pl\/index.php?rest_route=\/wp\/v2\/pages"}],"about":[{"href":"https:\/\/vii-lo.krakow.pl\/index.php?rest_route=\/wp\/v2\/types\/page"}],"author":[{"embeddable":true,"href":"https:\/\/vii-lo.krakow.pl\/index.php?rest_route=\/wp\/v2\/users\/6"}],"replies":[{"embeddable":true,"href":"https:\/\/vii-lo.krakow.pl\/index.php?rest_route=%2Fwp%2Fv2%2Fcomments&post=3467"}],"version-history":[{"count":11,"href":"https:\/\/vii-lo.krakow.pl\/index.php?rest_route=\/wp\/v2\/pages\/3467\/revisions"}],"predecessor-version":[{"id":5842,"href":"https:\/\/vii-lo.krakow.pl\/index.php?rest_route=\/wp\/v2\/pages\/3467\/revisions\/5842"}],"wp:attachment":[{"href":"https:\/\/vii-lo.krakow.pl\/index.php?rest_route=%2Fwp%2Fv2%2Fmedia&parent=3467"}],"curies":[{"name":"wp","href":"https:\/\/api.w.org\/{rel}","templated":true}]}}