{"id":3505,"date":"2023-09-05T16:01:51","date_gmt":"2023-09-05T14:01:51","guid":{"rendered":"https:\/\/vii-lo.krakow.pl\/?page_id=3505"},"modified":"2023-09-05T16:04:37","modified_gmt":"2023-09-05T14:04:37","slug":"zasady-zmian-grup-jezykowych-w-vii-liceum-ogolnoksztalcacym-im-zofii-nalkowskiej-w-krakowie","status":"publish","type":"page","link":"https:\/\/vii-lo.krakow.pl\/?page_id=3505","title":{"rendered":"Zasady zmian grup j\u0119zykowych w VII Liceum Og\u00f3lnokszta\u0142c\u0105cym im. Zofii Na\u0142kowskiej w Krakowie"},"content":{"rendered":"\n<div style=\"height:50px\" aria-hidden=\"true\" class=\"wp-block-spacer\"><\/div>\n\n\n\n<div class=\"wp-block-file\"><a href=\"https:\/\/vii-lo.krakow.pl\/wp-content\/uploads\/2023\/09\/zasady-zmian-grup-jezykowych_6x.pdf\">Zasady zmian grup j\u0119zykowych w VII Liceum Og\u00f3lnokszta\u0142c\u0105cym im. Zofii Na\u0142kowskiej w Krakowie<\/a><a href=\"https:\/\/vii-lo.krakow.pl\/wp-content\/uploads\/2023\/09\/zasady-zmian-grup-jezykowych_6x.pdf\" class=\"wp-block-file__button\" download>Pobierz<\/a><\/div>\n","protected":false},"excerpt":{"rendered":"","protected":false},"author":9,"featured_media":0,"parent":0,"menu_order":0,"comment_status":"closed","ping_status":"closed","template":"","meta":{"spay_email":""},"_links":{"self":[{"href":"https:\/\/vii-lo.krakow.pl\/index.php?rest_route=\/wp\/v2\/pages\/3505"}],"collection":[{"href":"https:\/\/vii-lo.krakow.pl\/index.php?rest_route=\/wp\/v2\/pages"}],"about":[{"href":"https:\/\/vii-lo.krakow.pl\/index.php?rest_route=\/wp\/v2\/types\/page"}],"author":[{"embeddable":true,"href":"https:\/\/vii-lo.krakow.pl\/index.php?rest_route=\/wp\/v2\/users\/9"}],"replies":[{"embeddable":true,"href":"https:\/\/vii-lo.krakow.pl\/index.php?rest_route=%2Fwp%2Fv2%2Fcomments&post=3505"}],"version-history":[{"count":5,"href":"https:\/\/vii-lo.krakow.pl\/index.php?rest_route=\/wp\/v2\/pages\/3505\/revisions"}],"predecessor-version":[{"id":3515,"href":"https:\/\/vii-lo.krakow.pl\/index.php?rest_route=\/wp\/v2\/pages\/3505\/revisions\/3515"}],"wp:attachment":[{"href":"https:\/\/vii-lo.krakow.pl\/index.php?rest_route=%2Fwp%2Fv2%2Fmedia&parent=3505"}],"curies":[{"name":"wp","href":"https:\/\/api.w.org\/{rel}","templated":true}]}}