{"id":3689,"date":"2023-10-31T10:23:19","date_gmt":"2023-10-31T09:23:19","guid":{"rendered":"https:\/\/vii-lo.krakow.pl\/?page_id=3689"},"modified":"2025-09-16T11:24:14","modified_gmt":"2025-09-16T09:24:14","slug":"opieka-stomatologiczna","status":"publish","type":"page","link":"https:\/\/vii-lo.krakow.pl\/?page_id=3689","title":{"rendered":"OPIEKA STOMATOLOGICZNA"},"content":{"rendered":"\n<p>Pragniemy poinformowa\u0107, \u017ce opiek\u0119 stomatologiczn\u0105 nad uczniami VII Liceum Og\u00f3lnokszta\u0142c\u0105cego w Krakowie na podstawie porozumienia z Gmin\u0105 Miejsk\u0105 Krak\u00f3w sprawuje <strong>gabinet stomatologiczny \u201eStomatologia Szkolna\u201d w Zespole Szkolno \u2013 Przedszkolnym nr 6 w Krakowie, ul. Dietla 70, 31 \u2013 039 Krak\u00f3w.<\/strong><\/p>\n\n\n\n<p><strong>Wszystkie \u015bwiadczenia udzielane w gabinecie s\u0105 refundowane przez NFZ.<\/strong><\/p>\n\n\n\n<p>Serdecznie zapraszamy uczni\u00f3w na przegl\u0105dy, wizyty profilaktyczne oraz leczenie.<\/p>\n\n\n\n<p><strong>Zainteresowanych rodzic\u00f3w uprzejmie prosimy o wydrukowanie i wype\u0142nienie zgody na leczenie stomatologiczne dzieci.<\/strong>  <a href=\"https:\/\/vii-lo.krakow.pl\/wp-content\/uploads\/2024\/09\/Stomatolog-zgoda_2024.pdf\">ZGODA<\/a> <\/p>\n\n\n\n<p>W gabinecie przyjmuje :<\/p>\n\n\n\n<p>lek. dentysta Katarzyna Kowalik-Piekaj<\/p>\n\n\n\n<p>oraz asystentka stomatologiczna Kateryna Lisovets.<\/p>\n\n\n\n<p>Telefon: 604-325-519              <\/p>\n","protected":false},"excerpt":{"rendered":"<p>Pragniemy poinformowa\u0107, \u017ce opiek\u0119 stomatologiczn\u0105 nad uczniami VII Liceum Og\u00f3lnokszta\u0142c\u0105cego w Krakowie na podstawie porozumienia z Gmin\u0105 Miejsk\u0105 Krak\u00f3w sprawuje gabinet stomatologiczny \u201eStomatologia Szkolna\u201d w&hellip;<\/p>\n","protected":false},"author":6,"featured_media":0,"parent":0,"menu_order":0,"comment_status":"closed","ping_status":"closed","template":"","meta":{"spay_email":""},"_links":{"self":[{"href":"https:\/\/vii-lo.krakow.pl\/index.php?rest_route=\/wp\/v2\/pages\/3689"}],"collection":[{"href":"https:\/\/vii-lo.krakow.pl\/index.php?rest_route=\/wp\/v2\/pages"}],"about":[{"href":"https:\/\/vii-lo.krakow.pl\/index.php?rest_route=\/wp\/v2\/types\/page"}],"author":[{"embeddable":true,"href":"https:\/\/vii-lo.krakow.pl\/index.php?rest_route=\/wp\/v2\/users\/6"}],"replies":[{"embeddable":true,"href":"https:\/\/vii-lo.krakow.pl\/index.php?rest_route=%2Fwp%2Fv2%2Fcomments&post=3689"}],"version-history":[{"count":6,"href":"https:\/\/vii-lo.krakow.pl\/index.php?rest_route=\/wp\/v2\/pages\/3689\/revisions"}],"predecessor-version":[{"id":5935,"href":"https:\/\/vii-lo.krakow.pl\/index.php?rest_route=\/wp\/v2\/pages\/3689\/revisions\/5935"}],"wp:attachment":[{"href":"https:\/\/vii-lo.krakow.pl\/index.php?rest_route=%2Fwp%2Fv2%2Fmedia&parent=3689"}],"curies":[{"name":"wp","href":"https:\/\/api.w.org\/{rel}","templated":true}]}}