{"id":4220,"date":"2024-03-06T16:00:49","date_gmt":"2024-03-06T15:00:49","guid":{"rendered":"https:\/\/vii-lo.krakow.pl\/?page_id=4220"},"modified":"2026-04-17T15:25:24","modified_gmt":"2026-04-17T13:25:24","slug":"dzien-otwarty-2024","status":"publish","type":"page","link":"https:\/\/vii-lo.krakow.pl\/?page_id=4220","title":{"rendered":"Dzie\u0144 Otwartych Drzwi 2026"},"content":{"rendered":"\n<p class=\"has-text-align-center\"><a href=\"https:\/\/vii-lo.krakow.pl\/wp-content\/uploads\/2026\/04\/Harmonogram-Dnia-Otwartego-2026.pdf\">Wersja PDF<\/a>                                                            <\/p>\n\n\n\n<p class=\"has-text-align-center\"><a href=\"https:\/\/vii-lo.krakow.pl\/wp-content\/uploads\/2026\/04\/Harmonogram-Dnia-Otwartego-2026-kolor.pdf\">Wersja PDF &#8211; kolor<\/a><\/p>\n\n\n\n<p class=\"has-text-align-center\"><strong>Harmonogram<\/strong><br><strong><br>Dnia Otwartych Drzwi<br>VII Liceum Og\u00f3lnokszta\u0142c\u0105cego<br>im. Zofii Na\u0142kowskiej w Krakowie<\/strong><br><br>18 kwietnia 2026 r.<br>10.00-13.00<\/p>\n\n\n\n<figure class=\"wp-block-table is-style-stripes\"><table><tbody><tr><td><strong>MIEJSCE<\/strong><\/td><td><strong>ZAPLANOWANE WYDARZENIE<\/strong><\/td><\/tr><tr><td>aula szkolna<\/td><td>10:00-10:15 powitanie go\u015bci przez Pana Dyrektora Wojciecha Zag\u00f3rnego<br>10:15-10:30 koncert ch\u00f3ru szkolnego<br>10:30-10:45 koncert zespo\u0142u szkolnego <br>od godziny 11:00 ta\u0144ce i zabawy integracyjne<\/td><\/tr><tr><td>biblioteka<br>i czytelnia<\/td><td><strong>NAUCZYCIELE BIBLIOTEKI <\/strong>\u2013 Wystawa ,,Archiwalne Kroniki Szkolne&#8221;<\/td><\/tr><tr><td>hala Centrum Sportu<br>i Kultury (hala sportowa)<\/td><td><strong>NAUCZYCIELE WYCHOWANIA FIZYCZNEGO<\/strong><br>10:00-13:00 trening sekcji wspinaczkowej<br>10:00-13:00 prezentacja przedsi\u0119wzi\u0119\u0107 sportowych i osi\u0105gni\u0119\u0107 uczniowskich<br>11:00-12:30 trening sekcji siatkarskich i mecz pokazowy<\/td><\/tr><tr><td>ma\u0142a sala gimnastyczna lub boisko szkolne (zale\u017cnie od pogody)<\/td><td>10:00-12:30 konkurs strza\u0142\u00f3w na bramk\u0119<\/td><\/tr><tr><td>sala fitness<\/td><td>Pokazowa taneczna lekcja wychowania fizycznego, WF na weso\u0142o<\/td><\/tr><tr><td>si\u0142ownia<\/td><td>10.00-13.00 \u0107wiczenia si\u0142owe z ci\u0119\u017carami, trening na ergometrze wio\u015blarskim \u2013 podstawy, technika; mo\u017cliwo\u015b\u0107 sprawdzenia swoich umiej\u0119tno\u015bci&nbsp;<\/td><\/tr><tr><td>sala A1<\/td><td><strong>NAUCZYCIELE GEOGRAFII <\/strong>\u2013 wystawa ,,W\u015br\u00f3d minera\u0142\u00f3w i ska\u0142\u201d, wystawa o \u015bwiecie przypraw, gry i ciekawostki geograficzne, wystawa ,,W krainie wulkan\u00f3w\u201d<\/td><\/tr><tr><td>sala A2<\/td><td>Prezentacja przedmiotu <strong>biznes i zarz\u0105dzanie<\/strong><\/td><\/tr><tr><td>sala A3<\/td><td>Stoisko Szkolnej Rady Wolontariatu<\/td><\/tr><tr><td>sala A4<\/td><td><strong>NAUCZYCIELE J\u0118ZYKA POLSKIEGO <\/strong>\u2013 prezentacja programu Nowe Horyzonty Edukacji Filmowej, ko\u0142a filmowego, projekt\u00f3w i prac uczni\u00f3w, spotkanie z bohaterami lektur szkolnych<\/td><\/tr><tr><td>sala A5<\/td><td><strong>NAUCZYCIELE J\u0118ZYKA NIEMIECKIEGO <\/strong>\u2013 zabawy i \u0142ama\u0144ce j\u0119zykowe, prezentacja programu DSD II, informacje o wymianach ze szko\u0142ami w Bonn i Otterndorf<\/td><\/tr><tr><td>sala A6<\/td><td><strong>NAUCZYCIELE J\u0118ZYKA ANGIELSKIEGO <\/strong>\u2013 przegl\u0105d podr\u0119cznik\u00f3w<br>do nauki przedmiotu, fragment testu poziomuj\u0105cego, quiz kulturowy, zabawy j\u0119zykowe<\/td><\/tr><tr><td>sala A7<\/td><td><strong>NAUCZYCIELE J\u0118ZYKA FRANCUSKIEGO <\/strong>\u2013 konkurs na \u0142ama\u0144ce j\u0119zykowe i konkurs muzyczny \u2013 muzyka francuska, wystawa prac uczni\u00f3w<\/td><\/tr><tr><td>sala A8<\/td><td><strong>NAUCZYCIELE J\u0118ZYKA POLSKIEGO <\/strong>\u2013  quiz na temat sztuki, prezentacja podr\u0119cznik\u00f3w do nauki j. polskiego<\/td><\/tr><tr><td>sala B1<\/td><td><strong>NAUCZYCIELE HISTORII <\/strong>\u2013 prezentacja postaci gen. Stanis\u0142awa Maczka<\/td><\/tr><tr><td>sala B2<\/td><td><em><strong>Historia magistra vitae<\/strong><\/em><strong>, czyli jak uczymy (si\u0119) historii w Si\u00f3demce<\/strong><br>(p. Katarzyna \u0141ysak-Pi\u0142ka)<\/td><\/tr><tr><td>sala B3<\/td><td>Mo\u017cliwo\u015b\u0107 zadawania pyta\u0144 dotycz\u0105cych rekrutacji (wicedyrektor Dariusz Szlagor)<\/td><\/tr><tr><td>sala B4<\/td><td><strong>NAUCZYCIELE MATEMATYKI <\/strong>\u2013&nbsp;k\u0105cik \u0142amig\u0142\u00f3wek logicznych i kostki Rubika<\/td><\/tr><tr><td>sala B5<\/td><td><strong>NAUCZYCIELE MATEMATYKI <\/strong>\u2013 k\u0105cik wie\u017c Hanoi oraz gier strategicznych<\/td><\/tr><tr><td>sala B6<\/td><td><strong>NAUCZYCIELE INFORMATYKI <\/strong>\u2013 prezentacja prac uczni\u00f3w<\/td><\/tr><tr><td>sala B8<\/td><td>Prezentacja zaj\u0119\u0107 z rysunku architektonicznego<\/td><\/tr><tr><td>sala B11<\/td><td><strong>NAUCZYCIELE CHEMII <\/strong>\u2013 pokaz do\u015bwiadcze\u0144 chemicznych<\/td><\/tr><tr><td>sala B13<\/td><td><strong>NAUCZYCIELE FIZYKI <\/strong>\u2013 pokazy do\u015bwiadcze\u0144 z fizyki<\/td><\/tr><tr><td>sala B14<\/td><td><strong>NAUCZYCIELE BIOLOGII <\/strong>\u2013 prezentacja do\u015bwiadcze\u0144, obserwacje mikroskopowe, prezentacja modeli (anatomia cz\u0142owieka), quiz biologiczny<\/td><\/tr><tr><td>gabinet pomocy psychologiczno-pedagogicznej<\/td><td><strong>NAUCZYCIELE SPECJALI\u015aCI <\/strong>\u2013<strong> <\/strong>mo\u017cliwo\u015b\u0107 zadawania pyta\u0144 o formy<br>i zasady udzielania uczniom liceum pomocy psychologiczno-pedagogicznej<\/td><\/tr><\/tbody><\/table><\/figure>\n\n\n\n<p>W ci\u0105gu ca\u0142ego Dnia Otwartych Drzwi na go\u015bci b\u0119d\u0105 czeka\u0142y r\u00f3wnie\u017c:<\/p>\n\n\n\n<ul><li>loteria fantowa<\/li><li>stoisko Samorz\u0105du Uczniowskiego<\/li><\/ul>\n","protected":false},"excerpt":{"rendered":"<p>Wersja PDF Wersja PDF &#8211; kolor HarmonogramDnia Otwartych DrzwiVII Liceum Og\u00f3lnokszta\u0142c\u0105cegoim. Zofii Na\u0142kowskiej w Krakowie 18 kwietnia 2026 r.10.00-13.00 MIEJSCE ZAPLANOWANE WYDARZENIE aula szkolna 10:00-10:15&hellip;<\/p>\n","protected":false},"author":10,"featured_media":0,"parent":0,"menu_order":0,"comment_status":"closed","ping_status":"closed","template":"","meta":{"spay_email":""},"_links":{"self":[{"href":"https:\/\/vii-lo.krakow.pl\/index.php?rest_route=\/wp\/v2\/pages\/4220"}],"collection":[{"href":"https:\/\/vii-lo.krakow.pl\/index.php?rest_route=\/wp\/v2\/pages"}],"about":[{"href":"https:\/\/vii-lo.krakow.pl\/index.php?rest_route=\/wp\/v2\/types\/page"}],"author":[{"embeddable":true,"href":"https:\/\/vii-lo.krakow.pl\/index.php?rest_route=\/wp\/v2\/users\/10"}],"replies":[{"embeddable":true,"href":"https:\/\/vii-lo.krakow.pl\/index.php?rest_route=%2Fwp%2Fv2%2Fcomments&post=4220"}],"version-history":[{"count":39,"href":"https:\/\/vii-lo.krakow.pl\/index.php?rest_route=\/wp\/v2\/pages\/4220\/revisions"}],"predecessor-version":[{"id":6640,"href":"https:\/\/vii-lo.krakow.pl\/index.php?rest_route=\/wp\/v2\/pages\/4220\/revisions\/6640"}],"wp:attachment":[{"href":"https:\/\/vii-lo.krakow.pl\/index.php?rest_route=%2Fwp%2Fv2%2Fmedia&parent=4220"}],"curies":[{"name":"wp","href":"https:\/\/api.w.org\/{rel}","templated":true}]}}