{"id":4674,"date":"2024-09-19T13:30:51","date_gmt":"2024-09-19T11:30:51","guid":{"rendered":"https:\/\/vii-lo.krakow.pl\/?page_id=4674"},"modified":"2025-11-20T15:58:55","modified_gmt":"2025-11-20T14:58:55","slug":"niezbedne-informacje","status":"publish","type":"page","link":"https:\/\/vii-lo.krakow.pl\/?page_id=4674","title":{"rendered":"Niezb\u0119dne informacje"},"content":{"rendered":"\n<p>Aktualizacja: listopad 2025<\/p>\n\n\n\n<p><\/p>\n\n\n\n<p class=\"has-text-align-center has-medium-font-size\">Godziny przyj\u0119\u0107 dla Rodzic\u00f3w<\/p>\n\n\n\n<figure class=\"wp-block-table aligncenter is-style-stripes\"><table><tbody><tr><td class=\"has-text-align-center\" data-align=\"center\">Dyrektor Liceum<br><strong>Wojciech Zag\u00f3rny<\/strong><br><br>\u015broda: 13:00-15:00<\/td><td class=\"has-text-align-center\" data-align=\"center\">Wicedyrektor Liceum<br><strong>Robert Wilk<\/strong><br><br>wtorek: 12:00-14:00<\/td><td class=\"has-text-align-center\" data-align=\"center\">Wicedyrektor Liceum<br><strong>Dariusz Szlagor<\/strong><br><br>czwartek: 13:00-15:00<\/td><\/tr><\/tbody><\/table><\/figure>\n\n\n\n<p class=\"has-text-align-center has-medium-font-size\">Sekretariat Liceum<\/p>\n\n\n\n<figure class=\"wp-block-table aligncenter is-style-stripes\"><table><tbody><tr><td class=\"has-text-align-center\" data-align=\"center\">Sekretarz Szko\u0142y<br><strong>Agnieszka Sukta-Ga\u0142czyk<\/strong><br><br>Referat uczniowski<br><strong>Marta Korzeniowska<\/strong><br><br>tel. 887 203 432<br><br>poniedzia\u0142ek-pi\u0105tek: 8:00-15:00<br>czwartek: bez przyjmowania stron <\/td><\/tr><\/tbody><\/table><\/figure>\n\n\n\n<p class=\"has-text-align-center has-medium-font-size\">Pomoc psychologiczno-pedagogiczna<\/p>\n\n\n\n<figure class=\"wp-block-table aligncenter is-style-stripes\"><table><tbody><tr><td class=\"has-text-align-center\" data-align=\"center\"><strong>Monika Sobczak<\/strong><br>psycholog<br><br>poniedzia\u0142ek: 10:00-15:00<br>\u015broda: 10:00-16:30<br>czwartek: 11:00-17:30<\/td><td class=\"has-text-align-center\" data-align=\"center\"><strong>Szymon Rozmus<\/strong><br>terapeuta pedagogiczny<br><br>zaj\u0119cia wed\u0142ug<br>indywidualnego harmonogramu<\/td><td class=\"has-text-align-center\" data-align=\"center\"><strong>Askaniusz Garlicki<\/strong><br>pedagog specjalny <br><br>\u015broda: 7:00-13:00<br>czwartek: 7:00-17:00<br> pi\u0105tek: 7:00-13:00 <\/td><td class=\"has-text-align-center\" data-align=\"center\"><strong>Wiktoria Szuba<\/strong><br>pedagog<br><br>poniedzia\u0142ek: 7:30-14:30<br>wtorek:  7:30-14:30<br>\u015broda: 7:30-14:30<br>czwartek: 11:00-17:00<br> pi\u0105tek: 7:30-13:30<\/td><td class=\"has-text-align-center\" data-align=\"center\"><strong>Klaudia Nazimek<\/strong><br>pedagog specjalny<br><br>poniedzia\u0142ek:<br> 7:00-15:00<\/td><\/tr><\/tbody><\/table><\/figure>\n\n\n\n<p class=\"has-text-align-center has-medium-font-size\">Doradztwo zawodowe<\/p>\n\n\n\n<figure class=\"wp-block-table aligncenter is-style-stripes\"><table><tbody><tr><td class=\"has-text-align-center\" data-align=\"center\"><strong>Katarzyna Sierodzka-Wo\u017aniak<\/strong><\/td><\/tr><\/tbody><\/table><\/figure>\n\n\n\n<p class=\"has-text-align-center has-medium-font-size\">Biblioteka<\/p>\n\n\n\n<figure class=\"wp-block-table aligncenter is-style-stripes\"><table><tbody><tr><td class=\"has-text-align-center\" data-align=\"center\"><strong>Ma\u0142gorzata Urbaniak<br>Magdalena Bator<\/strong><br><br>poniedzia\u0142ek-czwartek: 8:15-16:00<br>pi\u0105tek: 8:15-15:00<strong>&nbsp;<\/strong><\/td><\/tr><\/tbody><\/table><\/figure>\n\n\n\n<p class=\"has-text-align-center has-medium-font-size\">Ksi\u0119gowo\u015b\u0107<\/p>\n\n\n\n<figure class=\"wp-block-table aligncenter is-style-stripes\"><table><tbody><tr><td class=\"has-text-align-center\" data-align=\"center\">G\u0142\u00f3wna ksi\u0119gowa, sprawy Rady Rodzic\u00f3w<br><strong>Lucyna Kwa\u015bniewicz<\/strong><br><br>Specjalista ds. p\u0142ac<br><strong>Katarzyna Pisarska<\/strong><br><br>poniedzia\u0142ek-pi\u0105tek: 7:00-15:00<\/td><\/tr><\/tbody><\/table><\/figure>\n\n\n\n<p class=\"has-text-align-center has-medium-font-size\">Kierownik gospodarczy<\/p>\n\n\n\n<figure class=\"wp-block-table aligncenter is-style-stripes\"><table><tbody><tr><td class=\"has-text-align-center\" data-align=\"center\"><strong>&nbsp;Krzysztof Krzyworzeka<\/strong><br><br> poniedzia\u0142ek-pi\u0105tek: 8:00-16:00 <\/td><\/tr><\/tbody><\/table><\/figure>\n\n\n\n<p class=\"has-text-align-center has-medium-font-size\">Gabinet medyczny<\/p>\n\n\n\n<p class=\"has-text-align-center\">obs\u0142uguje: NZOZ <strong>\u201e<\/strong>Profilaktyka i Terapia<strong><strong>\u201d<\/strong><\/strong><\/p>\n\n\n\n<figure class=\"wp-block-table aligncenter is-style-stripes\"><table><tbody><tr><td class=\"has-text-align-center\" data-align=\"center\">piel\u0119gniarka mgr Dorota Jakubczyk<br><br>poniedzia\u0142ek-\u015broda: 8:00-15:35<br>czwartek-pi\u0105tek: 10:00-15:00<\/td><\/tr><\/tbody><\/table><\/figure>\n\n\n\n<p class=\"has-text-align-center has-medium-font-size\">Sto\u0142\u00f3wka <strong>\u201eSi\u00f3dme Niebo\u201d<\/strong><\/p>\n\n\n\n<p class=\"has-text-align-center\">obs\u0142uguje: Przedsi\u0119biorstwo \u201eKocpol\u201d, tel. 509 960 400<\/p>\n\n\n\n<p class=\"has-text-align-center\">obiady (karnety), lunch, ciep\u0142e i zimne napoje, przysmaki drobne<\/p>\n\n\n\n<p class=\"has-text-align-center\">poniedzia\u0142ek-pi\u0105tek: 8:00-15:30<\/p>\n\n\n\n<p><\/p>\n\n\n\n<p class=\"has-text-align-center has-medium-font-size\">1,5% podatku na rzecz VII Liceum Og\u00f3lnokszta\u0142c\u0105cego w Krakowie<\/p>\n\n\n\n<p class=\"has-text-align-center\">Fundacja O\u015bwiatowa im. ks. Stanis\u0142awa Konarskiego nr KRS: 0000007646<br>W deklaracji PIT prosimy wskaza\u0107 cel, na kt\u00f3ry Fundacja ma przeznaczy\u0107 pieni\u0105dze:<br>\u201eFundusz wsp\u00f3\u0142dzia\u0142ania. VII Liceum Og\u00f3lnokszta\u0142c\u0105ce w Krakowie\u201d<\/p>\n\n\n\n<p><\/p>\n\n\n\n<p class=\"has-text-align-center has-medium-font-size\">Ko\u0142a zainteresowa\u0144<\/p>\n\n\n\n<p class=\"has-text-align-center\">Ko\u0142a olimpijskie i przedmiotowe, zaj\u0119cia rysunku architektonicznego i inne wed\u0142ug potrzeb zg\u0142aszanych przez uczni\u00f3w do nauczycieli<\/p>\n\n\n\n<p><\/p>\n\n\n\n<p class=\"has-text-align-center has-medium-font-size\">Zaj\u0119cia sportowe (SKS)<\/p>\n\n\n\n<p class=\"has-text-align-center\">Koszyk\u00f3wka, siatk\u00f3wka, wspinaczka, samoobrona, fitness, p\u0142ywanie<\/p>\n\n\n\n<p><\/p>\n\n\n\n<p class=\"has-text-align-center has-medium-font-size\">Przedsi\u0119wzi\u0119cia cykliczne<\/p>\n\n\n\n<p class=\"has-text-align-center\">Sesje naukowe, spotkania z interesuj\u0105cymi lud\u017ami, Noworoczny Turniej Koszyk\u00f3wki Ch\u0142opc\u00f3w o Puchar Dyrektora Liceum, Dzie\u0144 Sportu, Dni J\u0119zyk\u00f3w Obcych, wolontariat, akcje charytatywne, wymiany mi\u0119dzynarodowe i inne inicjatywy<\/p>\n\n\n\n<p><\/p>\n\n\n\n<p class=\"has-text-align-center has-medium-font-size\">Wsp\u00f3\u0142praca z Poradni\u0105 Psychologiczno-Pedagogiczn\u0105 nr 1<\/p>\n\n\n\n<p class=\"has-text-align-center\">ul. Chmielowskiego 1<br>31-067 Krak\u00f3w<br><br>(12) 430 50 52<br>(12) 660 07 90<br>(12) 660 07 70<\/p>\n\n\n\n<p> <\/p>\n\n\n\n<p class=\"has-text-align-center has-medium-font-size\">Ubezpieczenie NNW uczni\u00f3w<\/p>\n\n\n\n<p class=\"has-text-align-center\">Rada Rodzic\u00f3w wybra\u0142a Towarzystwo Ubezpiecze\u0144 COMPENSA SA<br>(nr polisy i potwierdzenie o ubezpieczeniu wydaje sekretariat Liceum)<br>Zg\u0142aszanie ew. wypadku tel. +48 22 501 61 00, +48 801 120 000<\/p>\n\n\n\n<p><\/p>\n\n\n\n<p class=\"has-text-align-center has-medium-font-size\">Duplikaty<\/p>\n\n\n\n<p class=\"has-text-align-center\">Nr konta szko\u0142y do wp\u0142at za duplikaty (legitymacja 9 z\u0142, \u015bwiadectwo 26 z\u0142)<br>Bank PKO BP 30102049000000860230156473<\/p>\n\n\n\n<p><\/p>\n\n\n\n<p class=\"has-text-align-center has-medium-font-size\">Nr konta Rady Rodzic\u00f3w<\/p>\n\n\n\n<p class=\"has-text-align-center\">PEKAO SA 79 1240 4575 1111 0000 5457 5884<\/p>\n","protected":false},"excerpt":{"rendered":"<p>Aktualizacja: listopad 2025 Godziny przyj\u0119\u0107 dla Rodzic\u00f3w Dyrektor LiceumWojciech Zag\u00f3rny \u015broda: 13:00-15:00 Wicedyrektor LiceumRobert Wilk wtorek: 12:00-14:00 Wicedyrektor LiceumDariusz Szlagor czwartek: 13:00-15:00 Sekretariat Liceum Sekretarz&hellip;<\/p>\n","protected":false},"author":10,"featured_media":0,"parent":0,"menu_order":0,"comment_status":"closed","ping_status":"closed","template":"","meta":{"spay_email":""},"_links":{"self":[{"href":"https:\/\/vii-lo.krakow.pl\/index.php?rest_route=\/wp\/v2\/pages\/4674"}],"collection":[{"href":"https:\/\/vii-lo.krakow.pl\/index.php?rest_route=\/wp\/v2\/pages"}],"about":[{"href":"https:\/\/vii-lo.krakow.pl\/index.php?rest_route=\/wp\/v2\/types\/page"}],"author":[{"embeddable":true,"href":"https:\/\/vii-lo.krakow.pl\/index.php?rest_route=\/wp\/v2\/users\/10"}],"replies":[{"embeddable":true,"href":"https:\/\/vii-lo.krakow.pl\/index.php?rest_route=%2Fwp%2Fv2%2Fcomments&post=4674"}],"version-history":[{"count":19,"href":"https:\/\/vii-lo.krakow.pl\/index.php?rest_route=\/wp\/v2\/pages\/4674\/revisions"}],"predecessor-version":[{"id":6325,"href":"https:\/\/vii-lo.krakow.pl\/index.php?rest_route=\/wp\/v2\/pages\/4674\/revisions\/6325"}],"wp:attachment":[{"href":"https:\/\/vii-lo.krakow.pl\/index.php?rest_route=%2Fwp%2Fv2%2Fmedia&parent=4674"}],"curies":[{"name":"wp","href":"https:\/\/api.w.org\/{rel}","templated":true}]}}