{"id":5,"date":"2020-12-16T22:27:52","date_gmt":"2020-12-16T21:27:52","guid":{"rendered":"http:\/\/vii-lo.krakow.pl\/?page_id=5"},"modified":"2021-02-24T12:08:52","modified_gmt":"2021-02-24T11:08:52","slug":"vii-liceum-ogolnoksztalcace-im-zofii-nalkowskiej-w-krakowie","status":"publish","type":"page","link":"https:\/\/vii-lo.krakow.pl\/","title":{"rendered":"VII Liceum Og\u00f3lnokszta\u0142c\u0105ce im. Zofii Na\u0142kowskiej w Krakowie"},"content":{"rendered":"<div><\/div>\n","protected":false},"excerpt":{"rendered":"","protected":false},"author":3,"featured_media":0,"parent":0,"menu_order":0,"comment_status":"closed","ping_status":"closed","template":"","meta":{"spay_email":""},"_links":{"self":[{"href":"https:\/\/vii-lo.krakow.pl\/index.php?rest_route=\/wp\/v2\/pages\/5"}],"collection":[{"href":"https:\/\/vii-lo.krakow.pl\/index.php?rest_route=\/wp\/v2\/pages"}],"about":[{"href":"https:\/\/vii-lo.krakow.pl\/index.php?rest_route=\/wp\/v2\/types\/page"}],"author":[{"embeddable":true,"href":"https:\/\/vii-lo.krakow.pl\/index.php?rest_route=\/wp\/v2\/users\/3"}],"replies":[{"embeddable":true,"href":"https:\/\/vii-lo.krakow.pl\/index.php?rest_route=%2Fwp%2Fv2%2Fcomments&post=5"}],"version-history":[{"count":25,"href":"https:\/\/vii-lo.krakow.pl\/index.php?rest_route=\/wp\/v2\/pages\/5\/revisions"}],"predecessor-version":[{"id":663,"href":"https:\/\/vii-lo.krakow.pl\/index.php?rest_route=\/wp\/v2\/pages\/5\/revisions\/663"}],"wp:attachment":[{"href":"https:\/\/vii-lo.krakow.pl\/index.php?rest_route=%2Fwp%2Fv2%2Fmedia&parent=5"}],"curies":[{"name":"wp","href":"https:\/\/api.w.org\/{rel}","templated":true}]}}