{"id":500,"date":"2021-02-22T15:54:06","date_gmt":"2021-02-22T14:54:06","guid":{"rendered":"https:\/\/vii-lo.krakow.pl\/?page_id=500"},"modified":"2021-11-07T17:04:21","modified_gmt":"2021-11-07T16:04:21","slug":"covid-19","status":"publish","type":"page","link":"https:\/\/vii-lo.krakow.pl\/?page_id=500","title":{"rendered":"COVID-19"},"content":{"rendered":"<h3 style=\"text-align: center;\"><span class=\"content\"><span class=\"header\">ZARZ\u0104DZENIE nr 29\/2021<\/span><\/span><\/h3>\n<div style=\"text-align: center;\"><span class=\"content\">ZARZ\u0104DZENIE nr 29 Dyrektora Liceum z dnia 19 pa\u017adziernika 2021r. w sprawie organizacji pracy VII Liceum Og\u00f3lnokszta\u0142c\u0105cego im. Zofii Na\u0142kowskiej w Krakowie od dnia 19 pa\u017adziernika 2021 r.<br \/>\n<\/span><\/div>\n<div><\/div>\n<div style=\"text-align: left;\"><span class=\"content\"><span class=\"content\">Na podstawie:<br \/>\n1. Rozporz\u0105dzenia Ministra Edukacji i Sportu z 31 grudnia 2002 r. w sprawie bezpiecze\u0144stwa i higieny w publicznych i niepublicznych szko\u0142ach i plac\u00f3wkach (tekst jedn.: Dz. U. z 2020, poz. 1166);<br \/>\n2. Rozporz\u0105dzenia Ministra Edukacji Narodowej z 12 sierpnia 2020 r. w sprawie czasowego ograniczenia funkcjonowania jednostek systemu o\u015bwiaty w zwi\u0105zku z zapobieganiem, przeciwdzia\u0142aniem i zwalczaniem COVID \u2013 19 (Dz. U. z 2020 r., poz. 1389 z p\u00f3\u017an. zm.);<br \/>\n3. Rozporz\u0105dzenia Ministra Edukacji Narodowej z 12 sierpnia 2020 r. w sprawie szczeg\u00f3lnych rozwi\u0105za\u0144 w okresie czasowego ograniczenia funkcjonowania jednostek systemu o\u015bwiaty w zwi\u0105zku z zapobieganiem, przeciwdzia\u0142aniem i zwalczaniem COVID \u2013 19 (Dz. U. z 2020 r. poz. 1389, 1830, 1859, 1870, 1960, 2087 oraz z 2021 r. poz. 92, 202, 283, 366,448 i 502);<br \/>\n4. Rozporz\u0105dzenia Rady Ministr\u00f3w z dnia 9 pa\u017adziernika 2020 r. w sprawie ustanowienia okre\u015blonych ogranicze\u0144, nakaz\u00f3w i zakaz\u00f3w w zwi\u0105zku z wyst\u0105pieniem stanu epidemii (Dz. U. z 2020. poz. 1758 z p\u00f3\u017an. zm.);<\/span><\/span><\/div>\n<div style=\"text-align: left;\">zarz\u0105dzam, co nast\u0119puje:<\/div>\n<div style=\"text-align: center;\"><span class=\"content\"><br \/>\n\u00a7 1<\/span><\/div>\n<div style=\"text-align: left;\"><span class=\"content\">1. Od dnia 19 pa\u017adziernika 2021r. Liceum pracuje w trybie mieszanym (hybrydowym).<br \/>\n2. Decyzj\u0119 o czasowym zawieszeniu zaj\u0119\u0107 stacjonarnych podejmuje Dyrektor Liceum za zgod\u0105 organu prowadz\u0105cego i po uzyskaniu pozytywnej opinii Pa\u0144stwowego Powiatowego Inspektora Sanitarnego. O tym fakcie informuje komunikatem uczni\u00f3w, rodzic\u00f3w i nauczycieli.<br \/>\n3. Uczniowie realizuj\u0105cy nauk\u0119 na terenie szko\u0142y (stacjonarnie), rodzice, pracownicy Liceum i interesanci zobowi\u0105zani s\u0105 przestrzega\u0107 zasad okre\u015blonych przez &#8222;Procedury funkcjonowania VII Liceum Og\u00f3lnokszta\u0142c\u0105cego im. Zofii Na\u0142kowskiej w Krakowie zgodne z Wytycznymi G\u0142\u00f3wnego Inspektora Sanitarnego, Ministra Zdrowia i Ministra Edukacji i Nauki dla szk\u00f3\u0142 podstawowych i ponadpodstawowych (obowi\u0105zuj\u0105 od 1wrze\u015bnia 2021r.)&#8221;.<br \/>\n4. Pomoc pedagogiczno &#8211; psychologiczna dla uczni\u00f3w i rodzic\u00f3w mo\u017ce by\u0107 realizowana w Liceum przestrzegaj\u0105c instrukcje bezpiecze\u0144stwa i zasady umieszczone na tablicach og\u0142osze\u0144 przy wej\u015bciu do szko\u0142y.<br \/>\n5. Korzystanie z zasob\u00f3w biblioteki liceum wymaga przestrzegania instrukcji bezpiecze\u0144stwa i zasad umieszczonych na tablicach og\u0142osze\u0144 przy wej\u015bciu do szko\u0142y oraz regulaminu biblioteki, z kt\u00f3rym ucze\u0144 musi zapozna\u0107 si\u0119 przed skorzystaniem z niej.<\/span><\/div>\n<div style=\"text-align: center;\"><span class=\"content\"><br \/>\n\u00a7 2<\/span><\/div>\n<div style=\"text-align: left;\"><span class=\"content\">Rodzice niepe\u0142noletnich uczni\u00f3w oraz pe\u0142noletni uczniowie zobowi\u0105zani s\u0105 do niezw\u0142ocznego powiadomienia wychowawcy klasy o zachorowaniu na Covid-19 ucznia. Pracownik szko\u0142y po powzi\u0119ciu tej informacji obowi\u0105zany jest do niezw\u0142ocznego powiadomienia o tym Dyrektora Liceum.<br \/>\n<\/span><\/div>\n<div><\/div>\n<div style=\"text-align: center;\"><span class=\"content\">\u00a7 3<\/span><\/div>\n<div style=\"text-align: left;\"><span class=\"content\">1. Wychowawca klasy \u2013 w szczeg\u00f3lno\u015bci w przypadku zaj\u0119\u0107 realizowanych zdalnie &#8211; wsp\u00f3\u0142pracuje z nauczycielami, pedagogiem i psychologiem oraz Dyrektorem Liceum w celu zapewnienia uczniom jego oddzia\u0142u:<br \/>\na) r\u00f3wnomiernego obci\u0105\u017cenia uczni\u00f3w w poszczeg\u00f3lnych dniach tygodnia,<br \/>\nb) zr\u00f3\u017cnicowania form realizacji zaj\u0119\u0107 w ka\u017cdym dniu,<br \/>\nc) uwzgl\u0119dnienia mo\u017cliwo\u015bci psychofizycznych uczni\u00f3w w zakresie ilo\u015bci wysi\u0142ku umys\u0142owego w ci\u0105gu dnia,<br \/>\nd) organizacji zr\u00f3\u017cnicowanego nauczania z u\u017cyciem monitor\u00f3w ekranowych i bez ich u\u017cycia,<br \/>\ne) rozwi\u0105zywania ogranicze\u0144 wynikaj\u0105cych ze specyfiki zaj\u0119\u0107.<br \/>\n2. Wychowawca przekazuje informacj\u0119 o problemach z realizacj\u0105 zaj\u0119\u0107 edukacyjnych w jego oddziale zgodnie z zasadami okre\u015blonymi niniejszym zarz\u0105dzeniem Dyrektorowi Liceum przez dziennik elektroniczny.<\/span><\/div>\n<div><\/div>\n<div style=\"text-align: center;\"><span class=\"content\">\u00a7 4<\/span><\/div>\n<div style=\"text-align: left;\"><span class=\"content\">Monitorowanie frekwencji i post\u0119p\u00f3w w nauce uczni\u00f3w oraz spos\u00f3b weryfikacji wiedzy i umiej\u0119tno\u015bci uczni\u00f3w, w tym r\u00f3wnie\u017c informowanie uczni\u00f3w i rodzic\u00f3w o post\u0119pach ucznia w nauce, a tak\u017ce uzyskanych przez niego ocenach, polega na bie\u017c\u0105cym udost\u0119pnianiu informacji w dzienniku elektronicznym i poprzez korespondencj\u0119 w module &#8222;wiadomo\u015bci&#8221; w tym dzienniku lub w formie konsultacji.<\/span><\/div>\n<div><\/div>\n<div style=\"text-align: center;\"><span class=\"content\">\u00a7 5<\/span><\/div>\n<div style=\"text-align: left;\"><span class=\"content\">1. Nauczyciele dokumentuj\u0105 realizacj\u0119 zaj\u0119\u0107 z klas\u0105, grup\u0105 lub w ramach nauczania indywidualnego poprzez wpisanie do dziennika elektronicznego frekwencji oraz tematu lekcji w dniu, w kt\u00f3rym odbywaj\u0105 si\u0119 dane zaj\u0119cia.<br \/>\n2. Nauczyciele sprawdzaj\u0105 obecno\u015b\u0107 uczni\u00f3w na ka\u017cdych zaj\u0119ciach i wyniki wpisuj\u0105 do dziennika elektronicznego.<\/span><\/div>\n<div><\/div>\n<div style=\"text-align: center;\"><span class=\"content\">\u00a7 6<\/span><\/div>\n<div style=\"text-align: left;\"><span class=\"content\">Materia\u0142y edukacyjne i informacje na temat \u017ar\u00f3de\u0142 i materia\u0142\u00f3w niezb\u0119dnych do realizacji poszczeg\u00f3lnych zaj\u0119\u0107 nauczyciele mog\u0105 udost\u0119pnia\u0107 w postaci elektronicznej, przesy\u0142aj\u0105c je za po\u015brednictwem platformy Microsoft Office lub przez dziennik elektroniczny.<\/span><\/div>\n<div><\/div>\n<div style=\"text-align: center;\"><span class=\"content\">\u00a7 7<\/span><\/div>\n<div style=\"text-align: left;\"><span class=\"content\">Ocenianie wiadomo\u015bci i umiej\u0119tno\u015bci uczni\u00f3w odbywa si\u0119 zgodnie ze statutem Liceum.<\/span><\/div>\n<div><\/div>\n<div style=\"text-align: center;\"><span class=\"content\">\u00a7 8<\/span><\/div>\n<div style=\"text-align: left;\"><span class=\"content\">1. Ka\u017cdy ucze\u0144 lub jego rodzice maj\u0105 mo\u017cliwo\u015b\u0107 konsultacji indywidualnych z nauczycielem prowadz\u0105cym zaj\u0119cia w terminie i formie okre\u015blonej przez nauczyciela. Konsultacje te, mog\u0105 odbywa\u0107 si\u0119 na terenie szko\u0142y (w warunkach re\u017cimu sanitarnego), za po\u015brednictwem aplikacji Microsoft Teams, poprzez dziennik elektroniczny, lub telefonicznie &#8211; na wskazany przez nauczyciela numer telefonu.<br \/>\n2. W razie pilnej potrzeby osobistego kontaktu z dyrektorem liceum, konieczne jest wcze\u015bniejsze telefoniczne ustalenie terminu spotkania w sekretariacie liceum oraz przestrzeganie instrukcji bezpiecze\u0144stwa umieszczonych na tablicach og\u0142osze\u0144 przy wej\u015bciu do szko\u0142y. <\/span><\/div>\n<div><\/div>\n<div style=\"text-align: center;\"><span class=\"content\">\u00a7 9<\/span><\/div>\n<div style=\"text-align: left;\"><span class=\"content\">Ewentualne egzaminy b\u0119d\u0105 odbywa\u0107 si\u0119 zgodnie ze statutem szko\u0142y na terenie Liceum. <\/span><\/div>\n<div><\/div>\n<div style=\"text-align: center;\"><span class=\"content\">\u00a7 10<\/span><\/div>\n<div style=\"text-align: left;\"><span class=\"content\">Zarz\u0105dzenie wchodzi w \u017cycie z dniem podpisania.<br \/>\nDyrektor Liceum &#8211; Wojciech Zag\u00f3rny \u2013 19 pa\u017adziernika 2021r. <\/span><\/div>\n<div><\/div>\n<div style=\"text-align: left;\">\n<hr \/>\n<\/div>\n<h3><\/h3>\n<h3 style=\"text-align: center;\"><span class=\"header\">14.05.2021 Procedury funkcjonowania VII LO od 17 maja 2021r.<\/span><\/h3>\n<div><span class=\"content\"><span class=\"content\"><br \/>\nProcedury funkcjonowania VII Liceum Og\u00f3lnokszta\u0142c\u0105cego im. Zofii Na\u0142kowskiej w Krakowie w czasie pandemii Covid-19 zgodne z zaleceniami wskazanymi w Wytycznych G\u0142\u00f3wnego Inspektora Sanitarnego, Ministra Zdrowia i Ministra Edukacji i Nauki dla szk\u00f3\u0142 podstawowych i ponadpodstawowych (obowi\u0105zuj\u0105 od 17 maja 2021 r.).<\/span><\/span>1. W Liceum mog\u0105 przebywa\u0107 wy\u0142\u0105cznie osoby bez objaw\u00f3w infekcji dr\u00f3g oddechowych oraz gdy domownicy tych os\u00f3b nie przebywaj\u0105 w izolacji w warunkach domowych.2. Uczniowie i pracownicy Liceum wchodz\u0105cy do szko\u0142y zobowi\u0105zani s\u0105 do zdezynfekowania r\u0105k oraz do zas\u0142aniania nosa i ust w przestrzeni wsp\u00f3lnej szko\u0142y. Dezynfekowanie r\u0105k obowi\u0105zuje r\u00f3wnie\u017c przy wej\u015bciu do pracowni informatycznej, jadalni, biblioteki, toalety, sal sportowych i szatni.3. Rodzice\/prawni opiekunowie mog\u0105 przebywa\u0107 w przestrzeni wsp\u00f3lnej szko\u0142y po wcze\u015bniejszym uzgodnieniu z dyrektorem Liceum, zachowuj\u0105c dystans 1,5 m od innych rodzic\u00f3w i pracownik\u00f3w szko\u0142y, przy czym powinni przestrzega\u0107 wszelkich \u015brodk\u00f3w ostro\u017cno\u015bci (m.in. os\u0142ona ust i nosa, dezynfekcja r\u0105k lub u\u017cywanie r\u0119kawiczek ochronnych).4. Rodzice maj\u0105 obowi\u0105zek zaopatrzy\u0107 swoje dziecko w maseczki do zastosowania w przestrzeni publicznej (zgodnie z aktualnymi przepisami prawa) oraz w przestrzeni wsp\u00f3lnej szko\u0142y, gdy nie ma mo\u017cliwo\u015bci zachowania dystansu (rekomendowane maseczki chirurgiczne).5. Interesanci mog\u0105 przebywa\u0107 na terenie szko\u0142y wy\u0142\u0105cznie w cz\u0119\u015bci administracyjnej po wcze\u015bniejszym telefonicznym uzgodnieniu z dyrektorem Liceum, a w szczeg\u00f3lnych przypadkach &#8211; za indywidualn\u0105 zgod\u0105 dyrektora Liceum &#8211; w innych cz\u0119\u015bciach budynku Liceum. Na czas za\u0142atwienia sprawy obowi\u0105zuje ich zakrywanie nosa i ust oraz dezynfekcja r\u0105k lub u\u017cywanie r\u0119kawiczek ochronnych.<\/p>\n<p>6. Na terenie Liceum uczniowie i pracownicy s\u0105 zobowi\u0105zani do:<br \/>\n&#8211; cz\u0119stego mycia r\u0105k (zgodnie z zamieszczon\u0105 w umywalni instrukcj\u0105 i z wykorzystaniem zapewnionych przez szko\u0142\u0119 \u015brodk\u00f3w) oraz ich dezynfekowania, szczeg\u00f3lnie po przyj\u015bciu do szko\u0142y, przed jedzeniem, po powrocie ze \u015bwie\u017cego powietrza, po skorzystaniu z toalety itp.;<br \/>\n&#8211; ochrony podczas kichania i kaszlu;<br \/>\n&#8211; unikania dotykania oczu, nosa i ust.<\/p>\n<p>7. Na terenie budynku Liceum (w przestrzeni wsp\u00f3lnej) &#8211; poza salami lekcyjnymi i jadalni\u0105 (w czasie spo\u017cywania posi\u0142ku) oraz poza szkolnymi terenami rekreacyjno-sportowymi uczniowie i pracownicy szko\u0142y zobowi\u0105zani s\u0105 do zakrywania nosa i ust (wykorzystuj\u0105c maseczki).<\/p>\n<p>8. Wchodz\u0105cy do gabinet\u00f3w szkolnych s\u0105 zobowi\u0105zani do zas\u0142aniania nosa i ust, a nast\u0119pnie stosowania si\u0119 do polece\u0144 pracownik\u00f3w szko\u0142y.<\/p>\n<p>9. Korzystanie z jadalni, biblioteki, sal sportowych, szatni, gabinetu profilaktycznego jest mo\u017cliwe jedynie zgodnie z zasadami ustalonymi przez dyrektora Liceum.<\/p>\n<p>10. Uczniowie w czasie przerw mog\u0105 przebywa\u0107 na \u015bwie\u017cym powietrzu jedynie w szkolnym patio i ogrodzie.<\/p>\n<p>11. Podczas pobytu w szkole nale\u017cy zachowywa\u0107 dystans spo\u0142eczny 1,5m oraz unika\u0107 gromadzenia si\u0119 w wi\u0119ksze grupy os\u00f3b, bliskiego kontaktu z innymi osobami, np. witania i \u017cegnania si\u0119 poprzez u\u015bcisk d\u0142oni itp. Podczas przemieszczania si\u0119 w budynku obowi\u0105zuje ruch prawostronny.<\/p>\n<p>12. Podczas pobytu w szkole uczniowie mog\u0105 posiada\u0107 w\u0142asn\u0105 wod\u0119 do picia przyniesion\u0105 w ma\u0142ych butelkach (\u017ar\u00f3d\u0142o wody pitnej w jadalni zosta\u0142o wy\u0142\u0105czone).<\/p>\n<p>13. Uczniowie powinni zabiera\u0107 ze sob\u0105 do szko\u0142y jedynie niezb\u0119dne przedmioty, a podczas zaj\u0119\u0107 zobowi\u0105zani s\u0105 u\u017cywa\u0107 wy\u0142\u0105cznie w\u0142asne przybory szkolne i podr\u0119czniki.<\/p>\n<p>14. W przypadku korzystania z kredy lub pisak\u00f3w do tablicy podczas zaj\u0119\u0107 nale\u017cy u\u017cywa\u0107 r\u0119kawiczek ochronnych (b\u0119d\u0105cych na wyposa\u017ceniu sali), a po zako\u0144czeniu zdezynfekowa\u0107 r\u0119ce.<\/p>\n<p>15. Uczniowie &#8211; dy\u017curni (ustaleni przez wychowawc\u0119 na dany tydzie\u0144) podczas ka\u017cdej przerwy, a w razie potrzeby tak\u017ce podczas zaj\u0119\u0107 s\u0105 zobowi\u0105zani wietrzy\u0107 sale lekcyjne.<\/p>\n<p>16. Organizowanie wycieczek klasowych na terenie i poza teren miasta Krakowa jest dopuszczalne wy\u0142\u0105cznie na podstawie indywidualnej zgody dyrektora Liceum. Organizuj\u0105c je, nale\u017cy zachowa\u0107 obowi\u0105zuj\u0105ce przepisy prawa i zasady bezpiecze\u0144stwa.<\/p>\n<p>17.Organizowanie w szkole zaj\u0119\u0107 pozalekcyjnych mo\u017ce odbywa\u0107 si\u0119 wy\u0142\u0105cznie na podstawie zgody dyrektora Liceum z zachowaniem obowi\u0105zuj\u0105cych przepis\u00f3w prawa w tym zakresie i zasad bezpiecze\u0144stwa.<\/p>\n<p>18. W przypadku ucznia przewlekle chorego dyrektor Liceum mo\u017ce podj\u0105\u0107 decyzj\u0119 o czasowym zwolnieniu z zaj\u0119\u0107 stacjonarnych realizowanych w klasie w systemie klasowo-lekcyjnym po uwzgl\u0119dnieniu opinii lekarza sprawuj\u0105cego opiek\u0119 zdrowotn\u0105 nad uczniem. Ucze\u0144 jest w\u00f3wczas zobowi\u0105zany do nauki samodzielnie zgodnie z wytycznymi nauczycieli oraz do udzia\u0142u w konsultacjach, a tak\u017ce sprawdzianach (ustnych i pisemnych) na terenie szko\u0142y z cz\u0119stotliwo\u015bci\u0105 i w terminach ustalonych z nauczycielami przedmiot\u00f3w realizowanych w klasie.<\/p>\n<p>19. Uczniowie obj\u0119ci nauczaniem indywidualnym realizuj\u0105 zaj\u0119cia zdalnie lub w domu, w kontakcie z nauczycielem. Decyzj\u0119 w tym zakresie podejmuje dyrektor Liceum na podstawie opinii lekarza sprawuj\u0105cego opiek\u0119 zdrowotn\u0105 nad uczniem.<\/p>\n<p>20. Rodzice niepe\u0142noletnich uczni\u00f3w oraz pe\u0142noletni uczniowie zobowi\u0105zani s\u0105 do niezw\u0142ocznego powiadomienia wychowawcy klasy o podejrzeniu lub stwierdzeniu infekcji dr\u00f3g oddechowych u ucznia szko\u0142y lub o obj\u0119ciu domownik\u00f3w ucznia kwarantann\u0105. Pracownik szko\u0142y po powzi\u0119ciu informacji o podejrzeniu lub stwierdzeniu infekcji dr\u00f3g oddechowych u ucznia lub obj\u0119ciu domownik\u00f3w ucznia kwarantann\u0105 obowi\u0105zany jest do niezw\u0142ocznego powiadomienia o tym fakcie Dyrektora Liceum.<\/p>\n<p>21. Pracownik szko\u0142y zobowi\u0105zany jest do niezw\u0142ocznego powiadomienia Dyrektora Liceum o podejrzeniu u siebie infekcji dr\u00f3g oddechowych lub o obj\u0119ciu domownik\u00f3w pracownika kwarantann\u0105.<\/p>\n<p>22. Je\u017celi ucze\u0144 zg\u0142osi pracownikowi szko\u0142y z\u0142e samopoczucie lub pracownik szko\u0142y zaobserwuje u ucznia objawy wskazuj\u0105ce na infekcj\u0119 dr\u00f3g oddechowych, w tym w szczeg\u00f3lno\u015bci gor\u0105czk\u0119, kaszel, ucze\u0144 zostaje natychmiast odizolowany w pomieszczeniu zwanym izolatorium. Rodzice ucznia zostaj\u0105 niezw\u0142ocznie powiadomieni o konieczno\u015bci pilnego odebrania ucznia ze szko\u0142y w\u0142asnym \u015brodkiem transportu i skorzystania z porady lekarza.<\/p>\n<p>23. W izolatorium ucze\u0144 mo\u017ce przebywa\u0107 jedynie pod opiek\u0105 nauczyciela wyznaczonego przez dyrektora Liceum (np. ratownika medycznego). Opiekun jest zobowi\u0105zany zachowa\u0107 dystans spo\u0142eczny wynosz\u0105cy minimum 2m, zakry\u0107 usta i nos maseczk\u0105, u\u017cywa\u0107 r\u0119kawiczek ochronnych.<\/p>\n<p>24. W przypadku podejrzenia u ucznia lub pracownika szko\u0142y infekcji dr\u00f3g oddechowych uczniowie i pracownicy szko\u0142y mog\u0105 mie\u0107 mierzon\u0105 temperatur\u0119 przy pomocy termometru bezdotykowego lub tradycyjnego przez piel\u0119gniark\u0119 szko\u0142y lub inn\u0105 osob\u0119 ustalon\u0105 przez Dyrektora Liceum. Za gor\u0105czk\u0119 uznaje si\u0119 temperatur\u0119 cia\u0142a 38\u00b0C oraz wy\u017csz\u0105. Osoba, kt\u00f3ra ma tak\u0105 temperatur\u0119 cia\u0142a, nie mo\u017ce uczestniczy\u0107 w zaj\u0119ciach i tym samym przebywa\u0107 w\u015br\u00f3d innych uczni\u00f3w.<\/p>\n<p>25. Ucze\u0144 (a w przypadku niepe\u0142noletniego ucznia \u2013 jego rodzic) lub pracownik Liceum, kt\u00f3ry mia\u0142 kontakt z osob\u0105 zaka\u017con\u0105 koronawirusem, jest zobowi\u0105zany bezzw\u0142ocznie, telefonicznie powiadomi\u0107 Powiatow\u0105 Stacj\u0119 Sanitarno-Epidemiologiczn\u0105, a nast\u0119pnie post\u0119powa\u0107 zgodnie z zaleceniami tej stacji.<\/p>\n<p>26. W sytuacji, gdy ucze\u0144 lub pracownik zachoruje na COVID-19, decyzja w sprawie kszta\u0142cenia w formie mieszanej (hybrydowej) b\u0119dzie uzale\u017cniona od opinii organu prowadz\u0105cego i indywidualnej opinii Pa\u0144stwowego Powiatowego Inspektora Sanitarnego na podstawie przedstawionych przez dyrektora Liceum rozwi\u0105za\u0144 dotycz\u0105cych organizacji zaj\u0119\u0107 szkolnych. O podj\u0119tej decyzji w tej sprawie Dyrektor Liceum zawiadamia spo\u0142eczno\u015b\u0107 szko\u0142y za po\u015brednictwem dziennika elektronicznego i aplikacji Microsoft Teams.<\/p>\n<p>27. Rodzice uczni\u00f3w i pracownicy szko\u0142y mog\u0105 kontaktowa\u0107 si\u0119 ze szko\u0142\u0105 drog\u0105 telefoniczn\u0105 na nr sekretariatu Liceum: 12 637 42 91 w. 35.<\/p>\n<p>28. Dyrektor Liceum, mo\u017ce wprowadzi\u0107 zarz\u0105dzeniem dodatkowe obostrzenia lub \u015brodki wynikaj\u0105ce z potrzeby zapewnienia bezpiecze\u0144stwa w cz\u0119\u015bciach wsp\u00f3lnych szko\u0142y i podczas przerw.<\/p>\n<p style=\"text-align: right;\">13 maja 2021r. Wojciech Zag\u00f3rny<\/p>\n<\/div>\n","protected":false},"excerpt":{"rendered":"<p>ZARZ\u0104DZENIE nr 29\/2021 ZARZ\u0104DZENIE nr 29 Dyrektora Liceum z dnia 19 pa\u017adziernika 2021r. w sprawie organizacji pracy VII Liceum Og\u00f3lnokszta\u0142c\u0105cego im. Zofii Na\u0142kowskiej w Krakowie&hellip;<\/p>\n","protected":false},"author":3,"featured_media":0,"parent":0,"menu_order":0,"comment_status":"closed","ping_status":"closed","template":"","meta":{"spay_email":""},"_links":{"self":[{"href":"https:\/\/vii-lo.krakow.pl\/index.php?rest_route=\/wp\/v2\/pages\/500"}],"collection":[{"href":"https:\/\/vii-lo.krakow.pl\/index.php?rest_route=\/wp\/v2\/pages"}],"about":[{"href":"https:\/\/vii-lo.krakow.pl\/index.php?rest_route=\/wp\/v2\/types\/page"}],"author":[{"embeddable":true,"href":"https:\/\/vii-lo.krakow.pl\/index.php?rest_route=\/wp\/v2\/users\/3"}],"replies":[{"embeddable":true,"href":"https:\/\/vii-lo.krakow.pl\/index.php?rest_route=%2Fwp%2Fv2%2Fcomments&post=500"}],"version-history":[{"count":15,"href":"https:\/\/vii-lo.krakow.pl\/index.php?rest_route=\/wp\/v2\/pages\/500\/revisions"}],"predecessor-version":[{"id":1843,"href":"https:\/\/vii-lo.krakow.pl\/index.php?rest_route=\/wp\/v2\/pages\/500\/revisions\/1843"}],"wp:attachment":[{"href":"https:\/\/vii-lo.krakow.pl\/index.php?rest_route=%2Fwp%2Fv2%2Fmedia&parent=500"}],"curies":[{"name":"wp","href":"https:\/\/api.w.org\/{rel}","templated":true}]}}