{"id":5945,"date":"2025-09-18T07:16:28","date_gmt":"2025-09-18T05:16:28","guid":{"rendered":"https:\/\/vii-lo.krakow.pl\/?page_id=5945"},"modified":"2025-09-18T07:16:54","modified_gmt":"2025-09-18T05:16:54","slug":"sekcja-plywania","status":"publish","type":"page","link":"https:\/\/vii-lo.krakow.pl\/?page_id=5945","title":{"rendered":"Sekcja p\u0142ywania"},"content":{"rendered":"\r\n<h3 class=\"has-text-align-center\" style=\"text-align: center;\">Sekcja p\u0142ywania2025\/2026<\/h3>\r\n<p style=\"text-align: center;\">\r\n\r\n<\/p>\r\n<p class=\"has-text-align-center\" style=\"text-align: center;\">wtorek 6:15-7:00 (dziewcz\u0119ta + ch\u0142opcy)<br \/>7:05-7:50 (dziewcz\u0119ta + ch\u0142opcy)<br \/>czwartek 6:15-7:00 (dziewcz\u0119ta + ch\u0142opcy)<br \/>7:05-7:50 (dziewcz\u0119ta + ch\u0142opcy)<\/p>\r\n<p style=\"text-align: center;\">\r\n\r\n<\/p>\r\n<p class=\"has-text-align-center\" style=\"text-align: center;\">Basen SP nr 5<\/p>\r\n<p style=\"text-align: center;\">\r\n\r\n<\/p>\r\n<p class=\"has-text-align-center\" style=\"text-align: center;\">Prowadz\u0105cy: mgr Pawe\u0142 Baranowski<\/p>\r\n","protected":false},"excerpt":{"rendered":"<p>Sekcja p\u0142ywania2025\/2026 wtorek 6:15-7:00 (dziewcz\u0119ta + ch\u0142opcy)7:05-7:50 (dziewcz\u0119ta + ch\u0142opcy)czwartek 6:15-7:00 (dziewcz\u0119ta + ch\u0142opcy)7:05-7:50 (dziewcz\u0119ta + ch\u0142opcy) Basen SP nr 5 Prowadz\u0105cy: mgr Pawe\u0142 Baranowski<\/p>\n","protected":false},"author":3,"featured_media":0,"parent":0,"menu_order":0,"comment_status":"closed","ping_status":"closed","template":"","meta":{"spay_email":""},"_links":{"self":[{"href":"https:\/\/vii-lo.krakow.pl\/index.php?rest_route=\/wp\/v2\/pages\/5945"}],"collection":[{"href":"https:\/\/vii-lo.krakow.pl\/index.php?rest_route=\/wp\/v2\/pages"}],"about":[{"href":"https:\/\/vii-lo.krakow.pl\/index.php?rest_route=\/wp\/v2\/types\/page"}],"author":[{"embeddable":true,"href":"https:\/\/vii-lo.krakow.pl\/index.php?rest_route=\/wp\/v2\/users\/3"}],"replies":[{"embeddable":true,"href":"https:\/\/vii-lo.krakow.pl\/index.php?rest_route=%2Fwp%2Fv2%2Fcomments&post=5945"}],"version-history":[{"count":2,"href":"https:\/\/vii-lo.krakow.pl\/index.php?rest_route=\/wp\/v2\/pages\/5945\/revisions"}],"predecessor-version":[{"id":5947,"href":"https:\/\/vii-lo.krakow.pl\/index.php?rest_route=\/wp\/v2\/pages\/5945\/revisions\/5947"}],"wp:attachment":[{"href":"https:\/\/vii-lo.krakow.pl\/index.php?rest_route=%2Fwp%2Fv2%2Fmedia&parent=5945"}],"curies":[{"name":"wp","href":"https:\/\/api.w.org\/{rel}","templated":true}]}}