{"id":65,"date":"2021-01-25T18:24:51","date_gmt":"2021-01-25T17:24:51","guid":{"rendered":"http:\/\/vii-lo.krakow.pl\/?page_id=65"},"modified":"2022-03-14T14:05:07","modified_gmt":"2022-03-14T13:05:07","slug":"deklaracja-dostepnosci","status":"publish","type":"page","link":"https:\/\/vii-lo.krakow.pl\/?page_id=65","title":{"rendered":"Deklaracja dost\u0119pno\u015bci"},"content":{"rendered":"\n<p>Wz\u00f3r \u201eDeklaracji&nbsp;dost\u0119pno\u015bci\u201d zosta\u0142&nbsp;przygotowany w oparciu o przepisy obowi\u0105zuj\u0105cego prawa w szczeg\u00f3lno\u015bci:&nbsp;&nbsp;<\/p>\n\n\n\n<ol><li>Ustaw\u0119 z dnia 4 kwietnia 2019r. o dost\u0119pno\u015bci cyfrowej stron internetowych i aplikacji mobilnych podmiot\u00f3w publicznych,&nbsp;<\/li><li>Decyzj\u0119 wykonawcz\u0105 Komisji (UE) 2018\/1523 z dnia 11 pa\u017adziernika 2018r. ustanawiaj\u0105ca wz\u00f3r o\u015bwiadczenia w sprawie dost\u0119pno\u015bci zgodnie z dyrektyw\u0105 Parlamentu Europejskiego i Rady (UE) 2016\/2102 w sprawie dost\u0119pno\u015bci stron internetowych i mobilnych aplikacji organ\u00f3w sektora publicznego,&nbsp;<\/li><li>Warunkami technicznymi publikacji oraz struktura dokumentu elektronicznego &#8222;Deklaracji Dost\u0119pno\u015bci\u201d&nbsp;opublikowanymi przez Ministerstwo Cyfryzacji&nbsp;\u2013 ich najnowsz\u0105 wersj\u0105 \u2013 dokument jest aktualizowany przez Ministerstwo Cyfryzacji ostatnia wersja 1.4 uwzgl\u0119dnia zmiany z 15.11.2019r.&nbsp;<\/li><\/ol>\n\n\n\n<h3>Deklaracja dost\u0119pno\u015bci&nbsp;VII LO w Krakowie<\/h3>\n\n\n\n<p>VII Liceum Og\u00f3lnokszta\u0142c\u0105ce im. Zofii Na\u0142kowskiej w Krakowie&nbsp;zobowi\u0105zuje si\u0119 zapewni\u0107 dost\u0119pno\u015b\u0107 <a href=\"https:\/\/vii-lo.krakow.pl\/\" target=\"_blank\" rel=\"noreferrer noopener\" data-type=\"URL\" data-id=\"https:\/\/vii-lo.krakow.pl\/\">stron<\/a><a href=\"https:\/\/vii-lo.krakow.pl\/\" target=\"_blank\" rel=\"noreferrer noopener\" data-type=\"URL\" data-id=\"https:\/\/vii-lo.krakow.pl\/\">y internetowej<\/a>&nbsp;zgodnie z\u202fustaw\u0105 z dnia 4 kwietnia 2019\u202fr.&nbsp;&nbsp;<br>o dost\u0119pno\u015bci cyfrowej stron internetowych i aplikacji mobilnych podmiot\u00f3w publicznych.&nbsp;<\/p>\n\n\n\n<p>Niniejsze o\u015bwiadczenie w sprawie dost\u0119pno\u015bci ma zastosowanie do&nbsp;<a href=\"https:\/\/vii-lo.krakow.pl\/\" target=\"_blank\" rel=\"noreferrer noopener\" data-type=\"URL\" data-id=\"https:\/\/vii-lo.krakow.pl\/\">strony internetowej<\/a> VII Liceum Og\u00f3lnokszta\u0142c\u0105cego im. Zofii Na\u0142kowskiej w Krakowie.<\/p>\n\n\n\n<p>Data publikacji strony internetowej:\u00a016.12.2020 r.<br>Data ostatniej aktualizacji:\u00a014.03.2022 r.\u00a0<\/p>\n\n\n\n<h3>Status pod wzgl\u0119dem zgodno\u015bci z ustaw\u0105<\/h3>\n\n\n\n<p>Strona internetowa jest cz\u0119\u015bciowo zgodna z ustaw\u0105 z dnia 4 kwietnia 2019r. o dost\u0119pno\u015bci cyfrowej stron internetowych i aplikacji mobilnych podmiot\u00f3w publicznych z powodu niezgodno\u015bci lub wy\u0142\u0105cze\u0144 wymienionych poni\u017cej:<\/p>\n\n\n\n<ul><li>filmy nie posiadaj\u0105 napis\u00f3w dla os\u00f3b g\u0142uchych &#8211;&nbsp;poprawienie dost\u0119pno\u015bci strony nios\u0142oby za sob\u0105 nadmierne obci\u0105\u017cenia dla podmiotu publicznego.&nbsp;&nbsp;<\/li><\/ul>\n\n\n\n<h3>Data sporz\u0105dzenia Deklaracji i metoda oceny dost\u0119pno\u015bci cyfrowej<\/h3>\n\n\n\n<p>Niniejsze o\u015bwiadczenie sporz\u0105dzono dnia\u00a021 wrze\u015bnia 2020 r.\u00a0Deklaracj\u0119 sporz\u0105dzono na podstawie samooceny przeprowadzonej przez podmiot publiczny.<\/p>\n\n\n\n<h3>Skr\u00f3ty klawiaturowe<\/h3>\n\n\n\n<p>Na <a href=\"https:\/\/vii-lo.krakow.pl\/\" target=\"_blank\" rel=\"noreferrer noopener\" data-type=\"URL\" data-id=\"https:\/\/vii-lo.krakow.pl\/\">stronie&nbsp;internetowej<\/a> VII Liceum Og\u00f3lnokszta\u0142c\u0105cego im. Zofii Na\u0142kowskiej w Krakowie mo\u017cna&nbsp;cz\u0119\u015bciowo&nbsp;u\u017cywa\u0107 standardowych skr\u00f3t\u00f3w klawiaturowych przegl\u0105darki.<\/p>\n\n\n\n<h3>Informacje zwrotne i dane kontaktowe&nbsp;<\/h3>\n\n\n\n<p>W przypadku problem\u00f3w z dost\u0119pno\u015bci\u0105 strony internetowej prosimy o kontakt. Osob\u0105 kontaktow\u0105 jest&nbsp;<strong>Wojciech Zag\u00f3rny<\/strong>,&nbsp;<a href=\"mailto:liceum@vii-lo.krakow.pl\" target=\"_blank\" rel=\"noreferrer noopener\">liceum@vii-lo.krakow.pl<\/a>, tel. 12\u202f637 42 91<strong>.&nbsp;<\/strong>T\u0105 sam\u0105 drog\u0105 mo\u017cna sk\u0142ada\u0107 wnioski o udost\u0119pnienie informacji niedost\u0119pnej cyfrowo oraz sk\u0142ada\u0107 \u017c\u0105dania zapewnienia dost\u0119pno\u015bci cyfrowej.<\/p>\n\n\n\n<h3>Informacje na temat procedury&nbsp;<\/h3>\n\n\n\n<p>Ka\u017cdy ma prawo do wyst\u0105pienia z \u017c\u0105daniem zapewnienia dost\u0119pno\u015bci cyfrowej strony internetowej lub jakiego\u015b jej elementu. Mo\u017cna tak\u017ce za\u017c\u0105da\u0107 udost\u0119pnienia informacji za pomoc\u0105 alternatywnego sposobu dost\u0119pu, na przyk\u0142ad przez odczytanie niedost\u0119pnego cyfrowo dokumentu, opisanie zawarto\u015bci filmu bez&nbsp;audiodeskrypcji&nbsp;itp. \u017b\u0105danie powinno zawiera\u0107 dane osoby zg\u0142aszaj\u0105cej \u017c\u0105danie, wskazanie, o kt\u00f3r\u0105 stron\u0119 internetow\u0105 chodzi oraz spos\u00f3b kontaktu. Je\u017celi osoba \u017c\u0105daj\u0105ca zg\u0142asza potrzeb\u0119 otrzymania informacji za pomoc\u0105 alternatywnego sposobu dost\u0119pu, powinna tak\u017ce okre\u015bli\u0107 dogodny dla niej spos\u00f3b przedstawienia tej informacji. Podmiot publiczny powinien zrealizowa\u0107 \u017c\u0105danie niezw\u0142ocznie, nie p\u00f3\u017aniej ni\u017c w\u202fci\u0105gu 7 dni od dnia wyst\u0105pienia z \u017c\u0105daniem. Je\u017celi dotrzymanie tego terminu nie jest mo\u017cliwe, podmiot publiczny niezw\u0142ocznie informuje o tym wnosz\u0105cego \u017c\u0105danie, kiedy realizacja \u017c\u0105dania b\u0119dzie mo\u017cliwa, przy czym termin ten nie mo\u017ce by\u0107 d\u0142u\u017cszy ni\u017c 2 miesi\u0105ce od dnia wyst\u0105pienia z \u017c\u0105daniem. Je\u017celi zapewnienie dost\u0119pno\u015bci cyfrowej nie jest mo\u017cliwe, podmiot publiczny mo\u017ce zaproponowa\u0107 alternatywny spos\u00f3b dost\u0119pu do informacji. W\u202fprzypadku, gdy podmiot publiczny odm\u00f3wi realizacji \u017c\u0105dania zapewnienia dost\u0119pno\u015bci lub alternatywnego sposobu dost\u0119pu do informacji, wnosz\u0105cy \u017c\u0105danie mo\u017cne z\u0142o\u017cy\u0107 skarg\u0119 w\u202fsprawie zapewniana dost\u0119pno\u015bci cyfrowej strony internetowej lub jej elementu. Po wyczerpaniu wskazanej wy\u017cej procedury mo\u017cna tak\u017ce z\u0142o\u017cy\u0107 <a href=\"https:\/\/www.rpo.gov.pl\/pl\/content\/kontakt-przyjmujemy-sprawy-do-rpo\" target=\"_blank\" rel=\"noreferrer noopener\" data-type=\"URL\" data-id=\"https:\/\/www.rpo.gov.pl\/pl\/content\/kontakt-przyjmujemy-sprawy-do-rpo\">wniosek do Rzecznika Praw Obywatelskich<\/a>.<\/p>\n\n\n\n<h3>Dost\u0119pno\u015b\u0107 architektoniczna&nbsp;<\/h3>\n\n\n\n<p>Szczeg\u00f3\u0142owe informacje o dost\u0119pno\u015bci architektonicznej siedziby&nbsp;VII Liceum Og\u00f3lnokszta\u0142c\u0105cego im. Zofii Na\u0142kowskiej w Krakowie, znajdziecie&nbsp;Pa\u0144stwo na stronie <a href=\"https:\/\/www.bip.krakow.pl\/?bip_id=201&amp;mmi=18135\" target=\"_blank\" rel=\"noreferrer noopener\">dost\u0119pno\u015b\u0107 architektoniczna<\/a>.<\/p>\n\n\n\n<h2 style=\"font-size:29px\">Procedura obs\u0142ugi mieszka\u0144c\u00f3w ze szczeg\u00f3lnymi potrzebami<\/h2>\n\n\n\n<p><a href=\"https:\/\/vii-lo.krakow.pl\/wp-content\/uploads\/2021\/09\/Procedura-obslugi-mieszkancow-ze-szczegolnymi-potrzebami.pdf\" target=\"_blank\" rel=\"noreferrer noopener\" title=\"https:\/\/vii-lo.krakow.pl\/wp-content\/uploads\/2021\/09\/Procedura-obslugi-mieszkancow-ze-szczegolnymi-potrzebami.pdf\">Szczeg\u00f3\u0142owe informacje o sposobie obs\u0142ugi mieszka\u0144c\u00f3w ze szczeg\u00f3lnymi potrzebami.<\/a><\/p>\n","protected":false},"excerpt":{"rendered":"<p>Wz\u00f3r \u201eDeklaracji&nbsp;dost\u0119pno\u015bci\u201d zosta\u0142&nbsp;przygotowany w oparciu o przepisy obowi\u0105zuj\u0105cego prawa w szczeg\u00f3lno\u015bci:&nbsp;&nbsp; Ustaw\u0119 z dnia 4 kwietnia 2019r. o dost\u0119pno\u015bci cyfrowej stron internetowych i aplikacji mobilnych&hellip;<\/p>\n","protected":false},"author":3,"featured_media":0,"parent":0,"menu_order":0,"comment_status":"closed","ping_status":"closed","template":"","meta":{"spay_email":""},"_links":{"self":[{"href":"https:\/\/vii-lo.krakow.pl\/index.php?rest_route=\/wp\/v2\/pages\/65"}],"collection":[{"href":"https:\/\/vii-lo.krakow.pl\/index.php?rest_route=\/wp\/v2\/pages"}],"about":[{"href":"https:\/\/vii-lo.krakow.pl\/index.php?rest_route=\/wp\/v2\/types\/page"}],"author":[{"embeddable":true,"href":"https:\/\/vii-lo.krakow.pl\/index.php?rest_route=\/wp\/v2\/users\/3"}],"replies":[{"embeddable":true,"href":"https:\/\/vii-lo.krakow.pl\/index.php?rest_route=%2Fwp%2Fv2%2Fcomments&post=65"}],"version-history":[{"count":9,"href":"https:\/\/vii-lo.krakow.pl\/index.php?rest_route=\/wp\/v2\/pages\/65\/revisions"}],"predecessor-version":[{"id":2021,"href":"https:\/\/vii-lo.krakow.pl\/index.php?rest_route=\/wp\/v2\/pages\/65\/revisions\/2021"}],"wp:attachment":[{"href":"https:\/\/vii-lo.krakow.pl\/index.php?rest_route=%2Fwp%2Fv2%2Fmedia&parent=65"}],"curies":[{"name":"wp","href":"https:\/\/api.w.org\/{rel}","templated":true}]}}