{"id":665,"date":"2021-02-24T13:15:30","date_gmt":"2021-02-24T12:15:30","guid":{"rendered":"https:\/\/vii-lo.krakow.pl\/?page_id=665"},"modified":"2021-03-03T21:56:15","modified_gmt":"2021-03-03T20:56:15","slug":"o-nas","status":"publish","type":"page","link":"https:\/\/vii-lo.krakow.pl\/?page_id=665","title":{"rendered":"O bibliotece"},"content":{"rendered":"<h3>Wszystko, co chcieliby\u015bcie wiedzie\u0107 o bibliotece VII LO<\/h3>\n<p>Historia biblioteki spleciona jest z dziejami naszego Liceum, kt\u00f3re zosta\u0142o za\u0142o\u017cone w 1902 roku jako II Cesarsko-Kr\u00f3lewska Wy\u017csza Szko\u0142a Realna. O tym, \u017ce by\u0142a w tej szkole biblioteka \u015bwiadcz\u0105 oryginalne piecz\u0119cie na starych ksi\u0105\u017ckach. Ksi\u0105\u017cki te dotrwa\u0142y do naszych czas\u00f3w i pieczo\u0142owicie je przechowujemy. To s\u0105 nasze cymelia.<\/p>\n<h4>Co znajdziemy w naszej bibliotece?<\/h4>\n<ul>\n<li>ksi\u0105\u017cki \u2013 ksi\u0119gozbi\u00f3r liczy 20 tysi\u0119cy wolumin\u00f3w<\/li>\n<li>wydawnictwa elektroniczne<\/li>\n<li>czasopisma<\/li>\n<\/ul>\n<h4><img loading=\"lazy\" class=\"aligncenter wp-image-970 size-full\" src=\"https:\/\/vii-lo.krakow.pl\/wp-content\/uploads\/2021\/03\/Biblioteka-stare-ksiazki.jpg\" alt=\"Biblioteka - stare ksi\u0105\u017cki\" width=\"1280\" height=\"720\" srcset=\"https:\/\/vii-lo.krakow.pl\/wp-content\/uploads\/2021\/03\/Biblioteka-stare-ksiazki.jpg 1280w, https:\/\/vii-lo.krakow.pl\/wp-content\/uploads\/2021\/03\/Biblioteka-stare-ksiazki-300x169.jpg 300w, https:\/\/vii-lo.krakow.pl\/wp-content\/uploads\/2021\/03\/Biblioteka-stare-ksiazki-1024x576.jpg 1024w, https:\/\/vii-lo.krakow.pl\/wp-content\/uploads\/2021\/03\/Biblioteka-stare-ksiazki-768x432.jpg 768w\" sizes=\"(max-width: 1280px) 100vw, 1280px\" \/><\/h4>\n<h4>Czy biblioteka, to tylko wypo\u017cyczalnia?<\/h4>\n<p>Nie, nasza biblioteka jest du\u017ca i sk\u0142ada si\u0119 nie tylko z wypo\u017cyczalni, ale tak\u017ce czytelni. Znajduj\u0105 si\u0119 one obok siebie, ale w odr\u0119bnych pomieszczeniach. Do czytelni wchodzi si\u0119 przez wypo\u017cyczalni\u0119.<\/p>\n<h4>Jakie zbiory zgromadzono w wypo\u017cyczalni?<\/h4>\n<p>W wypo\u017cyczalni mamy kilka tysi\u0119cy ksi\u0105\u017cek, a tak\u017ce p\u0142yty DVD i CD. Jest tutaj wolny dost\u0119p do p\u00f3\u0142ek i mo\u017cna samodzielnie wybiera\u0107 ksi\u0105\u017cki z dzia\u0142u literatury popularnej. Mo\u017cna tu tak\u017ce zapozna\u0107 si\u0119 z nowo\u015bciami oraz ksi\u0105\u017ckami zakupionymi w ramach Narodowego Programu Rozwoju Czytelnictwa. Tytu\u0142y zaproponowali uczniowie.<\/p>\n<p>Znajdziecie tutaj:<\/p>\n<ul>\n<li>literatur\u0119 popularn\u0105: powie\u015bci m\u0142odzie\u017cowe, przygodowe, fantastyczno-naukowe,<\/li>\n<li>fantasy, krymina\u0142y, horrory,<\/li>\n<li>literatur\u0119 popularnonaukow\u0105 z zakresu historii, biologii, chemii, fizyki, matematyki, o\u015bwiaty i wychowania,<\/li>\n<li>opracowania literackie,<\/li>\n<li>klasyk\u0119 literatury polskiej i obcej,<\/li>\n<li>powie\u015bci w j\u0119zyku angielskim,<\/li>\n<li>lektury,<\/li>\n<li>podr\u0119czniki,<\/li>\n<li>p\u0142yty CD i DVD zawieraj\u0105ce adaptacje lektur szkolnych, filmy fabularne i dokumentalne, materia\u0142y do godzin wychowawczych, zagadnienia z r\u00f3\u017cnych dziedzin wiedzy.<\/li>\n<\/ul>\n<h4>Czy do czytelni mo\u017cna przyj\u015b\u0107 tak\u017ce po lekcjach?<\/h4>\n<p>Przed lekcjami i po lekcjach, na przerwie, podczas godzin wf lub religii, gdy w nich nie uczestniczycie. Mo\u017cna tutaj korzysta\u0107 z w\u0142asnych materia\u0142\u00f3w lub z ksi\u0119gozbioru wypo\u017cyczalni albo czytelni, a tak\u017ce z\u00a0komputer\u00f3w z dost\u0119pem do Internetu. Mo\u017cna organizowa\u0107 konkursy, zebrania, spotkania. Jedynym warunkiem jest wpisanie si\u0119 do Ksi\u0119gi odwiedzin czytelni oraz wcze\u015bniejsze uzgodnienie terminu zebra\u0144. W czytelni znajduje si\u0119 ponad 10 tysi\u0119cy ksi\u0105\u017cek, w tym bogaty ksi\u0119gozbi\u00f3r podr\u0119czny oraz literatura popularnonaukowa.<\/p>\n<p>Znajdziecie tutaj:<\/p>\n<ul>\n<li>encyklopedie, leksykony, s\u0142owniki<\/li>\n<li>kompendia wiedzy z historii, geografii, biologii, fizyki, matematyki, historii literatury<\/li>\n<li>albumy sztuki<\/li>\n<li>literatur\u0119 popularnonaukow\u0105 z dziedziny filozofii, psychologii, religioznawstwa, historii sztuki, historii filmu i teatru, socjologii, ekonomii, biografie, pami\u0119tniki i\u00a0wspomnienia<\/li>\n<li>poezj\u0119 polsk\u0105 i obc\u0105<\/li>\n<li>literatur\u0119 w j\u0119zyku niemieckim<\/li>\n<\/ul>\n<h4>Jak zapisa\u0107 si\u0119 do biblioteki?<\/h4>\n<p>Nie trzeba tego robi\u0107 indywidualnie, poniewa\u017c ka\u017cdemu uczniowi naszej szko\u0142y, na pocz\u0105tku klasy pierwszej, zak\u0142adamy w systemie <a href=\"https:\/\/m000877.molnet.mol.pl\/\" target=\"_blank\" rel=\"nofollow noopener\">MOL NET+<\/a> konto czytelnicze ze szkolnym e-mailem. Na ten e-mail wysy\u0142ane s\u0105 powiadomienia z biblioteki. Umo\u017cliwia on tak\u017ce logowanie si\u0119 na konto on-line. Wszyscy uczniowie otrzymuj\u0105 r\u00f3wnie\u017c elektroniczn\u0105 kart\u0119 biblioteczn\u0105. Je\u017celi jednak ucze\u0144 zosta\u0142 przyj\u0119ty do szko\u0142y w trakcie roku szkolnego, powinien zg\u0142osi\u0107 si\u0119 do biblioteki z pro\u015bb\u0105 o\u00a0za\u0142o\u017cenie konta. Robimy to bez zb\u0119dnej zw\u0142oki, od razu.<\/p>\n<p><img loading=\"lazy\" class=\"aligncenter wp-image-963 size-full\" src=\"https:\/\/vii-lo.krakow.pl\/wp-content\/uploads\/2021\/03\/Biblioteka-czytelnia-ksiazki.jpg\" alt=\"Biblioteka - czytelnia ksi\u0105\u017cki\" width=\"1275\" height=\"720\" srcset=\"https:\/\/vii-lo.krakow.pl\/wp-content\/uploads\/2021\/03\/Biblioteka-czytelnia-ksiazki.jpg 1275w, https:\/\/vii-lo.krakow.pl\/wp-content\/uploads\/2021\/03\/Biblioteka-czytelnia-ksiazki-300x169.jpg 300w, https:\/\/vii-lo.krakow.pl\/wp-content\/uploads\/2021\/03\/Biblioteka-czytelnia-ksiazki-1024x578.jpg 1024w, https:\/\/vii-lo.krakow.pl\/wp-content\/uploads\/2021\/03\/Biblioteka-czytelnia-ksiazki-768x434.jpg 768w\" sizes=\"(max-width: 1275px) 100vw, 1275px\" \/><\/p>\n<h4>Ile ksi\u0105\u017cek mo\u017cna wypo\u017cyczy\u0107 i kiedy nale\u017cy je odda\u0107?<\/h4>\n<p>Mo\u017cna mie\u0107 na koncie trzy ksi\u0105\u017cki; ka\u017cda powinna by\u0107 zwr\u00f3cona po dw\u00f3ch tygodniach. Je\u017celi jednak s\u0105 one potrzebne d\u0142u\u017cej, nale\u017cy poprosi\u0107 o przed\u0142u\u017cenie przychodz\u0105c do biblioteki, pisz\u0105c przez dziennik elektroniczny lub na e-mail, podany w powiadomieniu biblioteki przys\u0142anym na szkolny e-mail czytelnika. Komunikat ten brzmi: \u201eMin\u0119\u0142a data planowego oddania wypo\u017cyczonego zasobu. Prosimy o zwrot do biblioteki\u201d, obok umieszczone s\u0105 dane kontaktowe. Czytelnicy powinni regularnie sprawdza\u0107 sw\u00f3j szkolny e-mail. Wszystkie zasady obowi\u0105zuj\u0105ce w naszej bibliotece okre\u015blone s\u0105 w\u00a0regulaminach, kt\u00f3re znajdziecie w\u00a0oddzielnej zak\u0142adce.<\/p>\n<p><img loading=\"lazy\" class=\"aligncenter wp-image-964 size-full\" src=\"https:\/\/vii-lo.krakow.pl\/wp-content\/uploads\/2021\/03\/Biblioteka-karty-biblioteczne.jpg\" alt=\"Biblioteka - karty biblioteczne\" width=\"1280\" height=\"720\" srcset=\"https:\/\/vii-lo.krakow.pl\/wp-content\/uploads\/2021\/03\/Biblioteka-karty-biblioteczne.jpg 1280w, https:\/\/vii-lo.krakow.pl\/wp-content\/uploads\/2021\/03\/Biblioteka-karty-biblioteczne-300x169.jpg 300w, https:\/\/vii-lo.krakow.pl\/wp-content\/uploads\/2021\/03\/Biblioteka-karty-biblioteczne-1024x576.jpg 1024w, https:\/\/vii-lo.krakow.pl\/wp-content\/uploads\/2021\/03\/Biblioteka-karty-biblioteczne-768x432.jpg 768w\" sizes=\"(max-width: 1280px) 100vw, 1280px\" \/><\/p>\n<h4>Czy biblioteka jest skomputeryzowana?<\/h4>\n<p>Nasz biblioteka korzysta z komputerowego systemu <a href=\"https:\/\/m000877.molnet.mol.pl\/\" target=\"_blank\" rel=\"nofollow noopener\">MOL NET+<\/a>. Ca\u0142y ksi\u0119gozbi\u00f3r zosta\u0142 wprowadzony do tego programu, wi\u0119c prace zwi\u0105zane z wypo\u017cyczaniem, gromadzeniem, opracowaniem ksi\u0105\u017cek s\u0105 szybsze i zautomatyzowane. Natomiast czytelnicy mog\u0105 w \u0142atwy spos\u00f3b, korzystaj\u0105c z katalogu OPAC, wyszuka\u0107 potrzebne ksi\u0105\u017cki lub informacje, a tak\u017ce sprawdza\u0107 swoje konto biblioteczne on-line.<\/p>\n<h4>Kto prowadzi bibliotek\u0119?<\/h4>\n<p>mgr <strong>Ma\u0142gorzata Urbaniak<\/strong> <a href=\"mailto:m.urbaniak@vii-lo.krakow.pl\" target=\"_blank\" rel=\"noopener\">e-mail<\/a><\/p>\n<p>mgr <strong>Magdalena Bator<\/strong> <a href=\"mailto:m.bator@vii-lo.krakow.pl\" target=\"_blank\" rel=\"nofollow noopener\">e-mail<\/a><\/p>\n<p>Zapraszamy Was do biblioteki, ch\u0119tnie z Wami porozmawiamy, pomo\u017cemy zgromadzi\u0107 literatur\u0119 do olimpiad lub konkurs\u00f3w albo znajdziemy interesuj\u0105c\u0105 ksi\u0105\u017ck\u0119, dobr\u0105 na ka\u017cdy nastr\u00f3j i por\u0119 roku.<\/p>\n<p>&nbsp;<\/p>\n","protected":false},"excerpt":{"rendered":"<p>Wszystko, co chcieliby\u015bcie wiedzie\u0107 o bibliotece VII LO Historia biblioteki spleciona jest z dziejami naszego Liceum, kt\u00f3re zosta\u0142o za\u0142o\u017cone w 1902 roku jako II Cesarsko-Kr\u00f3lewska&hellip;<\/p>\n","protected":false},"author":3,"featured_media":0,"parent":0,"menu_order":0,"comment_status":"closed","ping_status":"closed","template":"","meta":{"spay_email":""},"_links":{"self":[{"href":"https:\/\/vii-lo.krakow.pl\/index.php?rest_route=\/wp\/v2\/pages\/665"}],"collection":[{"href":"https:\/\/vii-lo.krakow.pl\/index.php?rest_route=\/wp\/v2\/pages"}],"about":[{"href":"https:\/\/vii-lo.krakow.pl\/index.php?rest_route=\/wp\/v2\/types\/page"}],"author":[{"embeddable":true,"href":"https:\/\/vii-lo.krakow.pl\/index.php?rest_route=\/wp\/v2\/users\/3"}],"replies":[{"embeddable":true,"href":"https:\/\/vii-lo.krakow.pl\/index.php?rest_route=%2Fwp%2Fv2%2Fcomments&post=665"}],"version-history":[{"count":12,"href":"https:\/\/vii-lo.krakow.pl\/index.php?rest_route=\/wp\/v2\/pages\/665\/revisions"}],"predecessor-version":[{"id":972,"href":"https:\/\/vii-lo.krakow.pl\/index.php?rest_route=\/wp\/v2\/pages\/665\/revisions\/972"}],"wp:attachment":[{"href":"https:\/\/vii-lo.krakow.pl\/index.php?rest_route=%2Fwp%2Fv2%2Fmedia&parent=665"}],"curies":[{"name":"wp","href":"https:\/\/api.w.org\/{rel}","templated":true}]}}