{"id":683,"date":"2021-02-25T07:48:56","date_gmt":"2021-02-25T06:48:56","guid":{"rendered":"https:\/\/vii-lo.krakow.pl\/?page_id=683"},"modified":"2021-02-25T07:48:56","modified_gmt":"2021-02-25T06:48:56","slug":"regulamin-wypozyczalni","status":"publish","type":"page","link":"https:\/\/vii-lo.krakow.pl\/?page_id=683","title":{"rendered":"Regulamin wypo\u017cyczalni"},"content":{"rendered":"<h3 style=\"text-align: center;\"><strong>Regulamin wypo\u017cyczalni<\/strong><\/h3>\n<h3 style=\"text-align: center;\"><strong>Biblioteki VII Liceum Og\u00f3lnokszta\u0142c\u0105cego im. <\/strong><strong>Zofii Na\u0142kowskiej w Krakowie<\/strong><\/h3>\n<ol>\n<li>Ze zbior\u00f3w wypo\u017cyczalni korzysta\u0107 mog\u0105 nauczyciele, uczniowie, studenci-praktykanci na kart\u0119 nauczyciela prowadz\u0105cego praktyk\u0119, rodzice na kart\u0119 ucznia, pracownicy administracji i obs\u0142ugi szko\u0142y.<\/li>\n<li>Wypo\u017cyczalnia jest czynna w poniedzia\u0142ki, wtorki, \u015brody, czwartki od godz. 8:15 do 16:00, w pi\u0105tki od godz. 8:15 do 15:00.<\/li>\n<li>Jednorazowo wolno wypo\u017cyczy\u0107 trzy ksi\u0105\u017cki na okres dw\u00f3ch tygodni.<\/li>\n<li>Mo\u017cna uzyska\u0107 prolongat\u0119 na kolejne dwa tygodnie, je\u017celi ksi\u0105\u017cka nie zosta\u0142a zam\u00f3wiona przez innego czytelnika.<\/li>\n<li>Czytelnik mo\u017ce poprosi\u0107 o zarezerwowanie potrzebnych materia\u0142\u00f3w bibliotecznych, a\u00a0jego pro\u015bb\u0119 uwzgl\u0119dnia si\u0119 w kolejno\u015bci zam\u00f3wie\u0144.<\/li>\n<li>Uczniowie przygotowuj\u0105cy si\u0119 do konkurs\u00f3w i olimpiad mog\u0105 wypo\u017cyczy\u0107 jednorazowo wi\u0119ksz\u0105 liczb\u0119 ksi\u0105\u017cek na d\u0142u\u017cszy czas.<\/li>\n<li>Prasy, s\u0142ownik\u00f3w, encyklopedii oraz cenniejszych wydawnictw nie po\u017cycza si\u0119 do domu.<\/li>\n<li>Czytelnik nie jest upowa\u017cniony do wypo\u017cyczania ksi\u0105\u017cek na cudz\u0105 kart\u0119.<\/li>\n<li>Przed wypo\u017cyczeniem ksi\u0105\u017ck\u0119 nale\u017cy przegl\u0105dn\u0105\u0107 i zwr\u00f3ci\u0107 uwag\u0119 bibliotekarza na ewentualne uszkodzenia.<\/li>\n<li>Korzystaj\u0105cy z wypo\u017cyczalni zobowi\u0105zani s\u0105 do dba\u0142o\u015bci o wypo\u017cyczone materia\u0142y.<\/li>\n<li>Ksi\u0105\u017cki (inne dokumenty) zniszczone lub zgubione czytelnik winien odkupi\u0107, wzgl\u0119dnie ofiarowa\u0107 w zamian ksi\u0105\u017ck\u0119 (inny dokument) uznan\u0105 przez bibliotekarza za r\u00f3wnowarto\u015bciow\u0105.<\/li>\n<li>W przypadku zgubienia (zniszczenia) ksi\u0105\u017cki cennej i rzadkiej czytelnik zobowi\u0105zany jest odkupi\u0107 tak\u0105 sam\u0105 ksi\u0105\u017ck\u0119.<\/li>\n<li>Na dwa tygodnie przed ko\u0144cem roku szkolnego wszystkie wypo\u017cyczone ksi\u0105\u017cki (inne dokumenty) nale\u017cy obowi\u0105zkowo zwr\u00f3ci\u0107 do biblioteki.<\/li>\n<li>Uczniowie klas maturalnych zwracaj\u0105 wszystkie wypo\u017cyczone ksi\u0105\u017cki (inne dokumenty) najp\u00f3\u017aniej do 15 kwietnia.<\/li>\n<li>Po tym terminie z potrzebnych ksi\u0105\u017cek mog\u0105 korzysta\u0107 w czytelni.<\/li>\n<li>Czytelnicy zmieniaj\u0105cy szko\u0142\u0119 (pracownicy, uczniowie) zobowi\u0105zani s\u0105 do przedstawienia w sekretariacie za\u015bwiadczenia potwierdzaj\u0105cego zwrot materia\u0142\u00f3w wypo\u017cyczonych z biblioteki.<\/li>\n<li>Wszyscy czytelnicy winni zna\u0107 regulamin biblioteki.<\/li>\n<\/ol>\n","protected":false},"excerpt":{"rendered":"<p>Regulamin wypo\u017cyczalni Biblioteki VII Liceum Og\u00f3lnokszta\u0142c\u0105cego im. Zofii Na\u0142kowskiej w Krakowie Ze zbior\u00f3w wypo\u017cyczalni korzysta\u0107 mog\u0105 nauczyciele, uczniowie, studenci-praktykanci na kart\u0119 nauczyciela prowadz\u0105cego praktyk\u0119, rodzice&hellip;<\/p>\n","protected":false},"author":3,"featured_media":0,"parent":0,"menu_order":0,"comment_status":"closed","ping_status":"closed","template":"","meta":{"spay_email":""},"_links":{"self":[{"href":"https:\/\/vii-lo.krakow.pl\/index.php?rest_route=\/wp\/v2\/pages\/683"}],"collection":[{"href":"https:\/\/vii-lo.krakow.pl\/index.php?rest_route=\/wp\/v2\/pages"}],"about":[{"href":"https:\/\/vii-lo.krakow.pl\/index.php?rest_route=\/wp\/v2\/types\/page"}],"author":[{"embeddable":true,"href":"https:\/\/vii-lo.krakow.pl\/index.php?rest_route=\/wp\/v2\/users\/3"}],"replies":[{"embeddable":true,"href":"https:\/\/vii-lo.krakow.pl\/index.php?rest_route=%2Fwp%2Fv2%2Fcomments&post=683"}],"version-history":[{"count":1,"href":"https:\/\/vii-lo.krakow.pl\/index.php?rest_route=\/wp\/v2\/pages\/683\/revisions"}],"predecessor-version":[{"id":684,"href":"https:\/\/vii-lo.krakow.pl\/index.php?rest_route=\/wp\/v2\/pages\/683\/revisions\/684"}],"wp:attachment":[{"href":"https:\/\/vii-lo.krakow.pl\/index.php?rest_route=%2Fwp%2Fv2%2Fmedia&parent=683"}],"curies":[{"name":"wp","href":"https:\/\/api.w.org\/{rel}","templated":true}]}}