{"id":685,"date":"2021-02-25T07:56:52","date_gmt":"2021-02-25T06:56:52","guid":{"rendered":"https:\/\/vii-lo.krakow.pl\/?page_id=685"},"modified":"2021-02-25T07:56:52","modified_gmt":"2021-02-25T06:56:52","slug":"aneks-do-regulaminu-wypozyczalni","status":"publish","type":"page","link":"https:\/\/vii-lo.krakow.pl\/?page_id=685","title":{"rendered":"Aneks do Regulaminu wypo\u017cyczalni"},"content":{"rendered":"<h3 style=\"text-align: center;\">Aneks do Regulaminu wypo\u017cyczalni<\/h3>\n<h3 style=\"text-align: center;\"><strong>Biblioteki VII Liceum Og\u00f3lnokszta\u0142c\u0105cego im.<\/strong><strong>Zofii Na\u0142kowskiej w Krakowie<\/strong><\/h3>\n<p>Uczniowie VII Liceum Og\u00f3lnokszta\u0142c\u0105cego im. Zofii Na\u0142kowskiej w Krakowie maj\u0105 mo\u017cliwo\u015b\u0107 wypo\u017cyczania ksi\u0105\u017cek z biblioteki na okres wakacji, w nast\u0119puj\u0105cym trybie:<\/p>\n<ol>\n<li>Ksi\u0105\u017cki na wakacje wypo\u017cyczane s\u0105 w ostatnim tygodniu roku szkolnego.<\/li>\n<li>Wszystkie wcze\u015bniej wypo\u017cyczone ksi\u0105\u017cki nale\u017cy zwr\u00f3ci\u0107 do biblioteki zgodnie z\u00a0punktem 13 Regulaminu wypo\u017cyczalni Biblioteki VII Liceum Og\u00f3lnokszta\u0142c\u0105cego im.\u00a0Zofii Na\u0142kowskiej w Krakowie.<\/li>\n<li>Na wakacje mo\u017cna wypo\u017cyczy\u0107 maksymalnie 4 ksi\u0105\u017cki.<\/li>\n<li>W pierwszym tygodniu wrze\u015bnia nast\u0119pnego roku szkolnego ksi\u0105\u017cki nale\u017cy bezwzgl\u0119dnie zwr\u00f3ci\u0107 do biblioteki.<\/li>\n<li>W przypadku decyzji o zmianie szko\u0142y podczas wakacji, ksi\u0105\u017cki nale\u017cy obowi\u0105zkowo zdeponowa\u0107 w sekretariacie Liceum.<\/li>\n<li>Powy\u017csze zasady nie dotycz\u0105 uczni\u00f3w klas maturalnych.<\/li>\n<\/ol>\n","protected":false},"excerpt":{"rendered":"<p>Aneks do Regulaminu wypo\u017cyczalni Biblioteki VII Liceum Og\u00f3lnokszta\u0142c\u0105cego im.Zofii Na\u0142kowskiej w Krakowie Uczniowie VII Liceum Og\u00f3lnokszta\u0142c\u0105cego im. Zofii Na\u0142kowskiej w Krakowie maj\u0105 mo\u017cliwo\u015b\u0107 wypo\u017cyczania ksi\u0105\u017cek&hellip;<\/p>\n","protected":false},"author":3,"featured_media":0,"parent":0,"menu_order":0,"comment_status":"closed","ping_status":"closed","template":"","meta":{"spay_email":""},"_links":{"self":[{"href":"https:\/\/vii-lo.krakow.pl\/index.php?rest_route=\/wp\/v2\/pages\/685"}],"collection":[{"href":"https:\/\/vii-lo.krakow.pl\/index.php?rest_route=\/wp\/v2\/pages"}],"about":[{"href":"https:\/\/vii-lo.krakow.pl\/index.php?rest_route=\/wp\/v2\/types\/page"}],"author":[{"embeddable":true,"href":"https:\/\/vii-lo.krakow.pl\/index.php?rest_route=\/wp\/v2\/users\/3"}],"replies":[{"embeddable":true,"href":"https:\/\/vii-lo.krakow.pl\/index.php?rest_route=%2Fwp%2Fv2%2Fcomments&post=685"}],"version-history":[{"count":1,"href":"https:\/\/vii-lo.krakow.pl\/index.php?rest_route=\/wp\/v2\/pages\/685\/revisions"}],"predecessor-version":[{"id":686,"href":"https:\/\/vii-lo.krakow.pl\/index.php?rest_route=\/wp\/v2\/pages\/685\/revisions\/686"}],"wp:attachment":[{"href":"https:\/\/vii-lo.krakow.pl\/index.php?rest_route=%2Fwp%2Fv2%2Fmedia&parent=685"}],"curies":[{"name":"wp","href":"https:\/\/api.w.org\/{rel}","templated":true}]}}