{"id":687,"date":"2021-02-25T08:03:48","date_gmt":"2021-02-25T07:03:48","guid":{"rendered":"https:\/\/vii-lo.krakow.pl\/?page_id=687"},"modified":"2021-02-25T08:03:48","modified_gmt":"2021-02-25T07:03:48","slug":"regulamin-czytelni","status":"publish","type":"page","link":"https:\/\/vii-lo.krakow.pl\/?page_id=687","title":{"rendered":"Regulamin czytelni"},"content":{"rendered":"<h3 style=\"text-align: center;\"><strong>Regulamin czytelni <\/strong><\/h3>\n<h3 style=\"text-align: center;\"><strong>Biblioteki VII Liceum Og\u00f3lnokszta\u0142c\u0105cego im. <\/strong><strong>Zofii Na\u0142kowskiej w Krakowie<\/strong><\/h3>\n<ol>\n<li>Z czytelni korzysta\u0107 mog\u0105 nauczyciele uczniowie, studenci-praktykanci, rodzice, pracownicy administracji i obs\u0142ugi szko\u0142y.<\/li>\n<li>Czytelnia jest czynna w poniedzia\u0142ki, wtorki, \u015brody, czwartki od 8:15 do 16:00, w\u00a0pi\u0105tki od 8:15 do 15:00.<\/li>\n<li>Przed wej\u015bciem do czytelni teczki, torby, plecaki nale\u017cy zostawi\u0107 w wyznaczonym miejscu, a okrycia na wieszaku.<\/li>\n<li>Ka\u017cdy odwiedzaj\u0105cy wpisuje si\u0119 do Ksi\u0119gi odwiedzin czytelni.<\/li>\n<li>W czytelni pe\u0142ni dy\u017cur nauczyciel bibliotekarz do kt\u00f3rego mo\u017cna si\u0119 zwraca\u0107 po informacje.<\/li>\n<li>W czytelni dost\u0119p do zbior\u00f3w jest wolny; korzysta\u0107 tu mo\u017cna tak\u017ce ze zbior\u00f3w wypo\u017cyczalni oraz materia\u0142\u00f3w w\u0142asnych.<\/li>\n<li>Ksi\u0105\u017cki lub czasopisma po wykorzystaniu nale\u017cy od\u0142o\u017cy\u0107 na miejsce lub zwr\u00f3ci\u0107 do r\u0105k nauczyciela bibliotekarza.<\/li>\n<li>Ksi\u0119gozbi\u00f3r podr\u0119czny udost\u0119pniany jest wy\u0142\u0105cznie w czytelni.<\/li>\n<li>Wydawnictwa popularnonaukowe z czytelni mog\u0105 by\u0107 wypo\u017cyczone do domu pod koniec pracy biblioteki, pod warunkiem zwrotu nast\u0119pnego dnia o godz. 8:15.<\/li>\n<li>W czytelni nale\u017cy zachowa\u0107 cisz\u0119, nie mo\u017cna tu tak\u017ce spo\u017cywa\u0107 posi\u0142k\u00f3w.<\/li>\n<li>Ksi\u0105\u017cki, czasopisma i inne dokumenty biblioteczne nale\u017cy szanowa\u0107, jako dobro wsp\u00f3lne, a zauwa\u017cone uszkodzenia zg\u0142asza\u0107.<\/li>\n<li>Zasady korzystania z komputer\u00f3w w czytelni zawarte s\u0105 w odr\u0119bnym regulaminie.<\/li>\n<li>Wszyscy czytelnicy zobowi\u0105zani s\u0105 do przestrzegania regulaminu czytelni.<\/li>\n<\/ol>\n","protected":false},"excerpt":{"rendered":"<p>Regulamin czytelni Biblioteki VII Liceum Og\u00f3lnokszta\u0142c\u0105cego im. Zofii Na\u0142kowskiej w Krakowie Z czytelni korzysta\u0107 mog\u0105 nauczyciele uczniowie, studenci-praktykanci, rodzice, pracownicy administracji i obs\u0142ugi szko\u0142y. Czytelnia&hellip;<\/p>\n","protected":false},"author":3,"featured_media":0,"parent":0,"menu_order":0,"comment_status":"closed","ping_status":"closed","template":"","meta":{"spay_email":""},"_links":{"self":[{"href":"https:\/\/vii-lo.krakow.pl\/index.php?rest_route=\/wp\/v2\/pages\/687"}],"collection":[{"href":"https:\/\/vii-lo.krakow.pl\/index.php?rest_route=\/wp\/v2\/pages"}],"about":[{"href":"https:\/\/vii-lo.krakow.pl\/index.php?rest_route=\/wp\/v2\/types\/page"}],"author":[{"embeddable":true,"href":"https:\/\/vii-lo.krakow.pl\/index.php?rest_route=\/wp\/v2\/users\/3"}],"replies":[{"embeddable":true,"href":"https:\/\/vii-lo.krakow.pl\/index.php?rest_route=%2Fwp%2Fv2%2Fcomments&post=687"}],"version-history":[{"count":1,"href":"https:\/\/vii-lo.krakow.pl\/index.php?rest_route=\/wp\/v2\/pages\/687\/revisions"}],"predecessor-version":[{"id":688,"href":"https:\/\/vii-lo.krakow.pl\/index.php?rest_route=\/wp\/v2\/pages\/687\/revisions\/688"}],"wp:attachment":[{"href":"https:\/\/vii-lo.krakow.pl\/index.php?rest_route=%2Fwp%2Fv2%2Fmedia&parent=687"}],"curies":[{"name":"wp","href":"https:\/\/api.w.org\/{rel}","templated":true}]}}