{"id":689,"date":"2021-02-25T08:05:50","date_gmt":"2021-02-25T07:05:50","guid":{"rendered":"https:\/\/vii-lo.krakow.pl\/?page_id=689"},"modified":"2021-02-25T08:05:50","modified_gmt":"2021-02-25T07:05:50","slug":"regulamin-korzystania-z-komputerow-w-czytelni","status":"publish","type":"page","link":"https:\/\/vii-lo.krakow.pl\/?page_id=689","title":{"rendered":"Regulamin korzystania z komputer\u00f3w w czytelni"},"content":{"rendered":"<h3 style=\"text-align: center;\"><strong>Regulamin <\/strong><strong>korzystania z komputer\u00f3w w czytelni<\/strong><\/h3>\n<h3 style=\"text-align: center;\"><strong>Biblioteki VII Liceum Og\u00f3lnokszta\u0142c\u0105cego<\/strong><strong> im. Zofii Na\u0142kowskiej w Krakowie<\/strong><\/h3>\n<ol>\n<li>Komputery w czytelni s\u0142u\u017c\u0105 do wyszukiwania informacji.<\/li>\n<li>Z komputer\u00f3w mog\u0105 korzysta\u0107 nauczyciele, uczniowie, studenci-praktykanci, rodzice, pracownicy administracji i obs\u0142ugi szko\u0142y.<\/li>\n<li>Pierwsze\u0144stwo w korzystaniu z komputer\u00f3w maj\u0105 nauczyciele.<\/li>\n<li>Praca przy komputerze mo\u017cliwa jest po otrzymaniu zgody nauczyciela bibliotekarza.<\/li>\n<li>Przed rozpocz\u0119ciem pracy na komputerze nale\u017cy wpisa\u0107 si\u0119 do Ksi\u0119gi odwiedzin czytelni.<\/li>\n<li>Zabrania si\u0119 u\u017cywania si\u0119 w\u0142asnych no\u015bnik\u00f3w zewn\u0119trznych bez zgody nauczyciela bibliotekarza.<\/li>\n<li>Zabrania si\u0119 zmieniania ustawie\u0144 systemowych, instalowania w\u0142asnych program\u00f3w i\u00a0kasowania zainstalowanych.<\/li>\n<li>Zabrania si\u0119 zmiany konfiguracji sprz\u0119tu (w\u0142\u0105czania, roz\u0142\u0105czania kabli zasilaj\u0105cych itp.) bez zgody nauczyciela bibliotekarza.<\/li>\n<li>Zabrania si\u0119 korzystania ze stron propaguj\u0105cych przemoc, agresj\u0119 itp.<\/li>\n<li>Znajomo\u015b\u0107 regulaminu obowi\u0105zuje wszystkich korzystaj\u0105cych z komputer\u00f3w w czytelni.<\/li>\n<\/ol>\n","protected":false},"excerpt":{"rendered":"<p>Regulamin korzystania z komputer\u00f3w w czytelni Biblioteki VII Liceum Og\u00f3lnokszta\u0142c\u0105cego im. Zofii Na\u0142kowskiej w Krakowie Komputery w czytelni s\u0142u\u017c\u0105 do wyszukiwania informacji. Z komputer\u00f3w mog\u0105&hellip;<\/p>\n","protected":false},"author":3,"featured_media":0,"parent":0,"menu_order":0,"comment_status":"closed","ping_status":"closed","template":"","meta":{"spay_email":""},"_links":{"self":[{"href":"https:\/\/vii-lo.krakow.pl\/index.php?rest_route=\/wp\/v2\/pages\/689"}],"collection":[{"href":"https:\/\/vii-lo.krakow.pl\/index.php?rest_route=\/wp\/v2\/pages"}],"about":[{"href":"https:\/\/vii-lo.krakow.pl\/index.php?rest_route=\/wp\/v2\/types\/page"}],"author":[{"embeddable":true,"href":"https:\/\/vii-lo.krakow.pl\/index.php?rest_route=\/wp\/v2\/users\/3"}],"replies":[{"embeddable":true,"href":"https:\/\/vii-lo.krakow.pl\/index.php?rest_route=%2Fwp%2Fv2%2Fcomments&post=689"}],"version-history":[{"count":2,"href":"https:\/\/vii-lo.krakow.pl\/index.php?rest_route=\/wp\/v2\/pages\/689\/revisions"}],"predecessor-version":[{"id":691,"href":"https:\/\/vii-lo.krakow.pl\/index.php?rest_route=\/wp\/v2\/pages\/689\/revisions\/691"}],"wp:attachment":[{"href":"https:\/\/vii-lo.krakow.pl\/index.php?rest_route=%2Fwp%2Fv2%2Fmedia&parent=689"}],"curies":[{"name":"wp","href":"https:\/\/api.w.org\/{rel}","templated":true}]}}