{"id":694,"date":"2021-02-25T08:59:06","date_gmt":"2021-02-25T07:59:06","guid":{"rendered":"https:\/\/vii-lo.krakow.pl\/?page_id=694"},"modified":"2021-03-03T21:48:22","modified_gmt":"2021-03-03T20:48:22","slug":"godziny-otwarcia","status":"publish","type":"page","link":"https:\/\/vii-lo.krakow.pl\/?page_id=694","title":{"rendered":"Godziny otwarcia"},"content":{"rendered":"<h3 style=\"text-align: center;\"><strong>Biblioteka <\/strong><strong>(wypo\u017cyczalnia i czytelnia)<\/strong><\/h3>\n<h3 style=\"text-align: center;\"><strong>VII Liceum Og\u00f3lnokszta\u0142c\u0105cego <\/strong><strong>im. Zofii Na\u0142kowskiej w Krakowie<\/strong><\/h3>\n<h3 style=\"text-align: center;\"><strong>zaprasza<\/strong><\/h3>\n<p style=\"text-align: center;\">poniedzia\u0142ek 8:15-16:00<\/p>\n<p style=\"text-align: center;\">wtorek 8:15-16:00<\/p>\n<p style=\"text-align: center;\">\u015broda 8:15-16:00<\/p>\n<p style=\"text-align: center;\">czwartek 8:15-16:00<\/p>\n<p style=\"text-align: center;\">pi\u0105tek 8:15-15:00<\/p>\n<p>&nbsp;<\/p>\n<p style=\"text-align: center;\">mgr <strong>Ma\u0142gorzata Urbaniak<\/strong> <a href=\"mailto:m.urbaniak@vii-lo.krakow.pl\" target=\"_blank\" rel=\"noopener\">e-mail<\/a><\/p>\n<p style=\"text-align: center;\">mgr <strong>Magdalena Bator<\/strong> <a href=\"mailto:m.bator@vii-lo.krakow.pl\" target=\"_blank\" rel=\"nofollow noopener\">e-mail<\/a><\/p>\n","protected":false},"excerpt":{"rendered":"<p>Biblioteka (wypo\u017cyczalnia i czytelnia) VII Liceum Og\u00f3lnokszta\u0142c\u0105cego im. Zofii Na\u0142kowskiej w Krakowie zaprasza poniedzia\u0142ek 8:15-16:00 wtorek 8:15-16:00 \u015broda 8:15-16:00 czwartek 8:15-16:00 pi\u0105tek 8:15-15:00 &nbsp; mgr&hellip;<\/p>\n","protected":false},"author":3,"featured_media":0,"parent":0,"menu_order":0,"comment_status":"closed","ping_status":"closed","template":"","meta":{"spay_email":""},"_links":{"self":[{"href":"https:\/\/vii-lo.krakow.pl\/index.php?rest_route=\/wp\/v2\/pages\/694"}],"collection":[{"href":"https:\/\/vii-lo.krakow.pl\/index.php?rest_route=\/wp\/v2\/pages"}],"about":[{"href":"https:\/\/vii-lo.krakow.pl\/index.php?rest_route=\/wp\/v2\/types\/page"}],"author":[{"embeddable":true,"href":"https:\/\/vii-lo.krakow.pl\/index.php?rest_route=\/wp\/v2\/users\/3"}],"replies":[{"embeddable":true,"href":"https:\/\/vii-lo.krakow.pl\/index.php?rest_route=%2Fwp%2Fv2%2Fcomments&post=694"}],"version-history":[{"count":3,"href":"https:\/\/vii-lo.krakow.pl\/index.php?rest_route=\/wp\/v2\/pages\/694\/revisions"}],"predecessor-version":[{"id":967,"href":"https:\/\/vii-lo.krakow.pl\/index.php?rest_route=\/wp\/v2\/pages\/694\/revisions\/967"}],"wp:attachment":[{"href":"https:\/\/vii-lo.krakow.pl\/index.php?rest_route=%2Fwp%2Fv2%2Fmedia&parent=694"}],"curies":[{"name":"wp","href":"https:\/\/api.w.org\/{rel}","templated":true}]}}