{"id":7,"date":"2020-12-16T22:27:54","date_gmt":"2020-12-16T21:27:54","guid":{"rendered":"http:\/\/vii-lo.krakow.pl\/?page_id=7"},"modified":"2025-11-25T13:43:35","modified_gmt":"2025-11-25T12:43:35","slug":"kontakt","status":"publish","type":"page","link":"https:\/\/vii-lo.krakow.pl\/?page_id=7","title":{"rendered":"Kontakt"},"content":{"rendered":"\r\n<h3 style=\"text-align: center;\"><strong>VII Liceum Og\u00f3lnokszta\u0142c\u0105ce<\/strong><br \/><strong>im. Zofii Na\u0142kowskiej w Krakowie<\/strong><\/h3>\r\n\r\n\r\n\r\n<p style=\"text-align: center;\"><i class=\"fas fa-map-marker-alt\"><\/i> ul. Skarbi\u0144skiego 5, 30-071 Krak\u00f3w<\/p>\r\n<p>\r\n\r\n<\/p>\r\n<p style=\"text-align: center;\"><i class=\"fas fa-phone-alt\"><\/i>12 292-65-16\u00a0 \u00a0lub\u00a0 \u00a012 292-65-17<\/p>\r\n<p>\r\n\r\n<\/p>\r\n<p style=\"text-align: center;\"><a href=\"mailto:liceum@vii-lo.krakow.pl\" target=\"_blank\" rel=\"noreferrer noopener\" data-type=\"mailto\" data-id=\"mailto: liceum@vii-lo.krakow.pl\">liceum@vii-lo.krakow.pl<\/a><br \/><a href=\"mailto:lo7@mjo.krakow.pl\" target=\"_blank\" rel=\"noreferrer noopener\">lo7@mjo.krakow.pl<\/a><\/p>\r\n<p>&nbsp;<\/p>\r\n<p>\r\n\r\n<\/p>\r\n<h3 style=\"text-align: center;\">Sekretariat<\/h3>\r\n<p style=\"text-align: center;\">poniedzia\u0142ek 8:00 \u2013 15:00<br \/>wtorek 8:00 \u2013 15:00<br \/>\u015broda 8:00 \u2013 15:00<br \/>czwartek \u2013 dzie\u0144 wewn\u0119trzny (bez przyj\u0119\u0107 stron)<br \/>pi\u0105tek 8:00 \u2013 15:00<\/p>\r\n<p>&nbsp;<\/p>\r\n<h3 style=\"text-align: center;\">Godziny przyj\u0119\u0107 dla Rodzic\u00f3w<\/h3>\r\n<p>\r\n\r\n<\/p>\r\n<p style=\"text-align: center;\"><strong>Dyrektor<br \/><\/strong>mgr Wojciech Zag\u00f3rny<br \/>\u015broda 13:00 &#8211; 15:00<\/p>\r\n<p>\r\n\r\n<\/p>\r\n<p style=\"text-align: center;\"><strong>Wicedyrektor<br \/><\/strong>mgr Robert Wilk<br \/>wtorek 13:00 &#8211; 15:00<\/p>\r\n<p>\r\n\r\n<\/p>\r\n<p style=\"text-align: center;\"><strong>Wicedyrektor<\/strong><br \/>mgr Dariusz Szlagor<br \/>czwartek 13:00 -15:00<strong><br \/><\/strong><\/p>\r\n<p><\/p>","protected":false},"excerpt":{"rendered":"<p>VII Liceum Og\u00f3lnokszta\u0142c\u0105ceim. Zofii Na\u0142kowskiej w Krakowie ul. Skarbi\u0144skiego 5, 30-071 Krak\u00f3w 12 292-65-16\u00a0 \u00a0lub\u00a0 \u00a012 292-65-17 liceum@vii-lo.krakow.pllo7@mjo.krakow.pl &nbsp; Sekretariat poniedzia\u0142ek 8:00 \u2013 15:00wtorek 8:00&hellip;<\/p>\n","protected":false},"author":3,"featured_media":0,"parent":0,"menu_order":0,"comment_status":"closed","ping_status":"closed","template":"","meta":{"spay_email":""},"_links":{"self":[{"href":"https:\/\/vii-lo.krakow.pl\/index.php?rest_route=\/wp\/v2\/pages\/7"}],"collection":[{"href":"https:\/\/vii-lo.krakow.pl\/index.php?rest_route=\/wp\/v2\/pages"}],"about":[{"href":"https:\/\/vii-lo.krakow.pl\/index.php?rest_route=\/wp\/v2\/types\/page"}],"author":[{"embeddable":true,"href":"https:\/\/vii-lo.krakow.pl\/index.php?rest_route=\/wp\/v2\/users\/3"}],"replies":[{"embeddable":true,"href":"https:\/\/vii-lo.krakow.pl\/index.php?rest_route=%2Fwp%2Fv2%2Fcomments&post=7"}],"version-history":[{"count":34,"href":"https:\/\/vii-lo.krakow.pl\/index.php?rest_route=\/wp\/v2\/pages\/7\/revisions"}],"predecessor-version":[{"id":6335,"href":"https:\/\/vii-lo.krakow.pl\/index.php?rest_route=\/wp\/v2\/pages\/7\/revisions\/6335"}],"wp:attachment":[{"href":"https:\/\/vii-lo.krakow.pl\/index.php?rest_route=%2Fwp%2Fv2%2Fmedia&parent=7"}],"curies":[{"name":"wp","href":"https:\/\/api.w.org\/{rel}","templated":true}]}}