{"id":84,"date":"2021-01-26T17:19:38","date_gmt":"2021-01-26T16:19:38","guid":{"rendered":"http:\/\/vii-lo.krakow.pl\/?page_id=84"},"modified":"2025-06-18T15:08:55","modified_gmt":"2025-06-18T13:08:55","slug":"rodo","status":"publish","type":"page","link":"https:\/\/vii-lo.krakow.pl\/?page_id=84","title":{"rendered":"RODO"},"content":{"rendered":"\n<h3><strong>INFORMACJA ADMINISTRATORA O PRZETWARZANIU DANYCH OSOBOWYCH<\/strong><\/h3>\n\n\n\n<p>Szanowni Pa\u0144stwo, informujemy, \u017ce administratorem Pani\/Pana i dziecka danych osobowych jest VII Liceum Og\u00f3lnokszta\u0142c\u0105ce w Krakowie z siedzib\u0105 przy ul. Skarbi\u0144skiego 5; 30-071 Krak\u00f3w i s\u0105 one podawane w celu realizacji us\u0142ug \u015bwiadczonych przez nasz\u0105 jednostk\u0119.<\/p>\n\n\n\n<p>Informujemy, \u017ce:<\/p>\n\n\n\n<ol><li>Posiada Pani\/Pan prawo do \u017c\u0105dania od administratora dost\u0119pu do Twoich danych osobowych, ich sprostowania, ograniczenia przetwarzania, a tak\u017ce prawo do przenoszenia danych. Je\u017celi przetwarzanie danych odbywa si\u0119 wy\u0142\u0105cznie na podstawie Twojej zgody, to masz prawo w dowolnym momencie wycofa\u0107 udzielon\u0105 zgod\u0119, przy czym jej wycofanie nie wp\u0142ywa na zgodno\u015b\u0107 z prawem przetwarzania, kt\u00f3rego dokonano na podstawie zgody przed jej wycofaniem.<\/li><li>Dane osobowe b\u0119d\u0105 przechowywane przez okres wynikaj\u0105cy z przepis\u00f3w prawa, w szczeg\u00f3lno\u015bci ustawy z dnia 14 lipca 1983 r. o narodowym zasobie archiwalnym i archiwach oraz Rozporz\u0105dzenia Prezesa Rady Ministr\u00f3w z dnia 18 stycznia 2011 r. w sprawie instrukcji kancelaryjnej, jednolitych rzeczowych wykaz\u00f3w akt oraz instrukcji w sprawie organizacji i zakresu dzia\u0142ania archiw\u00f3w zak\u0142adowych. W przypadku, gdy przepisy prawa nie okre\u015blaj\u0105 okresu przechowywania dotycz\u0105cego konkretnej kategorii spraw &#8211; dane b\u0119d\u0105 przechowywane przez czas potrzebny do realizacji celu, w kt\u00f3rym zosta\u0142y zebrane.<\/li><li>Posiada Pani\/Pan prawo do wniesienia skargi do organu nadzorczego, kt\u00f3rym jest Prezes Urz\u0119du Ochrony Danych Osobowych z siedzib\u0105 ul. Stawki 2, 00-193 Warszawa.<\/li><li>Podanie danych osobowych wymaganych przepisami prawa jest warunkiem realizacji us\u0142ug \u015bwiadczonych przez nasz\u0105 jednostk\u0119.<\/li><li>Konsekwencj\u0105 niepodania danych wymaganych przepisami prawa jest brak mo\u017cliwo\u015bci \u015bwiadczenia przez nas&nbsp;us\u0142ug.<\/li><li>Twoje dane osobowe<strong> <\/strong>b\u0119d\u0105 przetwarzane na&nbsp;podstawie przepis\u00f3w prawa, a w szczeg\u00f3lnych przypadkach &#8211;&nbsp;na podstawie Twojej zgody albo w zwi\u0105zku z wykonywaniem umowy, kt\u00f3rej jeste\u015bcie stron\u0105, w zwi\u0105zku z art.6 ust. 1 rozporz\u0105dzenia Parlamentu Europejskiego i Rady (UE) 2016\/679 z dnia 27 kwietnia 2016 r. w sprawie ochrony os\u00f3b fizycznych w zwi\u0105zku z przetwarzaniem danych osobowych i w sprawie swobodnego przep\u0142ywu takich danych oraz uchylenia dyrektywy 95\/46\/WE (RODO).<\/li><\/ol>\n\n\n\n<p>Inspektor Ochrony Danych \u2013 <a href=\"mailto:inspektor4@mjo.krakow.pl\" target=\"_blank\" rel=\"noreferrer noopener\">Anna Borowczak<\/a><\/p>\n\n\n\n<p>Kontakt: inspektor4@mjo.krakow.pl<\/p>\n\n\n\n<p>&nbsp;<\/p>\n","protected":false},"excerpt":{"rendered":"<p>INFORMACJA ADMINISTRATORA O PRZETWARZANIU DANYCH OSOBOWYCH Szanowni Pa\u0144stwo, informujemy, \u017ce administratorem Pani\/Pana i dziecka danych osobowych jest VII Liceum Og\u00f3lnokszta\u0142c\u0105ce w Krakowie z siedzib\u0105 przy&hellip;<\/p>\n","protected":false},"author":3,"featured_media":0,"parent":0,"menu_order":0,"comment_status":"closed","ping_status":"closed","template":"","meta":{"spay_email":""},"_links":{"self":[{"href":"https:\/\/vii-lo.krakow.pl\/index.php?rest_route=\/wp\/v2\/pages\/84"}],"collection":[{"href":"https:\/\/vii-lo.krakow.pl\/index.php?rest_route=\/wp\/v2\/pages"}],"about":[{"href":"https:\/\/vii-lo.krakow.pl\/index.php?rest_route=\/wp\/v2\/types\/page"}],"author":[{"embeddable":true,"href":"https:\/\/vii-lo.krakow.pl\/index.php?rest_route=\/wp\/v2\/users\/3"}],"replies":[{"embeddable":true,"href":"https:\/\/vii-lo.krakow.pl\/index.php?rest_route=%2Fwp%2Fv2%2Fcomments&post=84"}],"version-history":[{"count":12,"href":"https:\/\/vii-lo.krakow.pl\/index.php?rest_route=\/wp\/v2\/pages\/84\/revisions"}],"predecessor-version":[{"id":5707,"href":"https:\/\/vii-lo.krakow.pl\/index.php?rest_route=\/wp\/v2\/pages\/84\/revisions\/5707"}],"wp:attachment":[{"href":"https:\/\/vii-lo.krakow.pl\/index.php?rest_route=%2Fwp%2Fv2%2Fmedia&parent=84"}],"curies":[{"name":"wp","href":"https:\/\/api.w.org\/{rel}","templated":true}]}}