{"id":863,"date":"2021-02-28T07:31:39","date_gmt":"2021-02-28T06:31:39","guid":{"rendered":"https:\/\/vii-lo.krakow.pl\/?page_id=863"},"modified":"2021-03-01T10:20:52","modified_gmt":"2021-03-01T09:20:52","slug":"e-biblioteka","status":"publish","type":"page","link":"https:\/\/vii-lo.krakow.pl\/?page_id=863","title":{"rendered":"e-Biblioteka"},"content":{"rendered":"<h3><strong>Co to jest e-Katalog (katalog OPAC)?<\/strong><\/h3>\n<p>Katalog OPAC (Online Public Access Catalogue) \u2013 to publicznie udost\u0119pniony przez Internet katalog zbior\u00f3w naszej biblioteki. Przeznaczony jest do wyszukiwania ksi\u0105\u017cek (lub innych dokument\u00f3w) oraz sprawdzania ich dost\u0119pno\u015bci. Umo\u017cliwia tak\u017ce sprawdzanie konta czytelnika oraz rezerwacje (zamawianie) ksi\u0105\u017cek.<\/p>\n<h3><strong>Logowanie i rejestracja<\/strong><\/h3>\n<p>Aby m\u00f3c sprawdza\u0107 swoje konto czytelnika on-line musisz je aktywowa\u0107 w\u00a0katalogu OPAC, a nast\u0119pnie zalogowa\u0107 si\u0119 za pomoc\u0105 ustawionego has\u0142a.<\/p>\n<p>1. Wejd\u017a do katalogu OPAC przez zak\u0142adk\u0119 <a href=\"m000877.molnet.mol.pl\" target=\"_blank\" rel=\"nofollow noopener\">e-Katalog<\/a>.<\/p>\n<p>&nbsp;<\/p>\n<p><img loading=\"lazy\" class=\"aligncenter wp-image-922 size-large\" src=\"https:\/\/vii-lo.krakow.pl\/wp-content\/uploads\/2021\/03\/Biblioteka-logowanie-1024x320.jpg\" alt=\"Biblioteka logowanie\" width=\"843\" height=\"263\" srcset=\"https:\/\/vii-lo.krakow.pl\/wp-content\/uploads\/2021\/03\/Biblioteka-logowanie-1024x320.jpg 1024w, https:\/\/vii-lo.krakow.pl\/wp-content\/uploads\/2021\/03\/Biblioteka-logowanie-300x94.jpg 300w, https:\/\/vii-lo.krakow.pl\/wp-content\/uploads\/2021\/03\/Biblioteka-logowanie-768x240.jpg 768w, https:\/\/vii-lo.krakow.pl\/wp-content\/uploads\/2021\/03\/Biblioteka-logowanie-1536x480.jpg 1536w, https:\/\/vii-lo.krakow.pl\/wp-content\/uploads\/2021\/03\/Biblioteka-logowanie.jpg 1920w\" sizes=\"(max-width: 843px) 100vw, 843px\" \/><\/p>\n<p>2. Kliknij ikonk\u0119 kluczyka.<\/p>\n<p>3. Twoim loginem jest szkolny e-mail (je\u015bli jeste\u015b uczniem) lub e-mail, kt\u00f3ry poda\u0142e\u015b przy rejestracji w bibliotece (je\u015bli jeste\u015b pracownikiem).<\/p>\n<p>4. Je\u015bli logujesz si\u0119 po raz pierwszy, kliknij \u201eZa\u0142\u00f3\u017c konto\u201d i post\u0119puj zgodnie ze wskaz\u00f3wkami. Ustaw has\u0142o do Twojego konta.<\/p>\n<p>5. Konto zawiera wszystkie dane dotycz\u0105ce Twojego konta czytelnika: profil, wypo\u017cyczenia, zaleg\u0142o\u015bci, rezerwacje, histori\u0119 wypo\u017cycze\u0144.<\/p>\n<h3><strong>Wyszukiwanie<\/strong><\/h3>\n<p>Aby wyszuka\u0107 w katalogu OPAC ksi\u0105\u017cki (lub inne dokumenty) oraz sprawdzi\u0107 czy s\u0105 dost\u0119pne, nie musisz si\u0119 logowa\u0107 na swoje konto czytelnika.<\/p>\n<p>1. Do katalogu OPAC wchodzisz przez zak\u0142adk\u0119 <a href=\"https:\/\/m000877.molnet.mol.pl\/\" target=\"_blank\" rel=\"nofollow noopener\">e-Katalog<\/a>.<\/p>\n<p>&nbsp;<\/p>\n<p><img loading=\"lazy\" class=\"aligncenter wp-image-923 size-large\" src=\"https:\/\/vii-lo.krakow.pl\/wp-content\/uploads\/2021\/03\/Biblioteka-wyszukiwanie-1024x320.jpg\" alt=\"Biblioteka wyszukiwanie\" width=\"843\" height=\"263\" srcset=\"https:\/\/vii-lo.krakow.pl\/wp-content\/uploads\/2021\/03\/Biblioteka-wyszukiwanie-1024x320.jpg 1024w, https:\/\/vii-lo.krakow.pl\/wp-content\/uploads\/2021\/03\/Biblioteka-wyszukiwanie-300x94.jpg 300w, https:\/\/vii-lo.krakow.pl\/wp-content\/uploads\/2021\/03\/Biblioteka-wyszukiwanie-768x240.jpg 768w, https:\/\/vii-lo.krakow.pl\/wp-content\/uploads\/2021\/03\/Biblioteka-wyszukiwanie-1536x480.jpg 1536w, https:\/\/vii-lo.krakow.pl\/wp-content\/uploads\/2021\/03\/Biblioteka-wyszukiwanie.jpg 1920w\" sizes=\"(max-width: 843px) 100vw, 843px\" \/><\/p>\n<p>2. Na stronie g\u0142\u00f3wnej katalogu znajduje si\u0119 pole wyszukiwania, listy prezentuj\u0105ce popularne tytu\u0142y oraz nawigacja: link do zestawie\u0144 utworzonych przez bibliotek\u0119, przycisk pomocy, przycisk logowania si\u0119, wyb\u00f3r j\u0119zyka witryny.<\/p>\n<p>3. Aby wyszuka\u0107 ksi\u0105\u017ck\u0119 (inny dokument) wpisz w pole wyszukiwania fraz\u0119, kliknij ikonk\u0119 z lup\u0105 lub naci\u015bnij Enter.<\/p>\n<p>4. Otrzymasz list\u0119 opis\u00f3w bibliograficznych.<\/p>\n<p>5. Je\u015bli chcesz zaw\u0119zi\u0107 list\u0119 wynik\u00f3w, wybierz jeden z indeks\u00f3w wyszukiwawczych: \u201eAutor\u201d, \u201eTytu\u0142\u201d, \u201eTemat\u201d; mo\u017cesz j\u0105 tak\u017ce posortowa\u0107 lub skr\u00f3ci\u0107 za pomoc\u0105 filtr\u00f3w.<\/p>\n<p>6. Je\u015bli klikniesz na opis widoczny na li\u015bcie, zobaczysz pe\u0142ny opis bibliograficzny oraz list\u0119 egzemplarzy danego tytu\u0142u.<\/p>\n<p>7. Lista egzemplarzy zawiera numery inwentarzowe, sygnatury oraz status egzemplarza (dost\u0119pny, wypo\u017cyczony, zarezerwowany). Znajduje si\u0119 tutaj r\u00f3wnie\u017c przycisk \u201eRezerwuj\u201d.<\/p>\n<p>8. Zestawienia bibliograficzne, czyli wykazy z tytu\u0142ami dokument\u00f3w dotycz\u0105cych jednego wsp\u00f3lnego tematu, s\u0105 przygotowywane i publikowane przez nauczycieli bibliotekarzy.<\/p>\n<h3><strong>Rezerwacje<\/strong><\/h3>\n<p>Aby zarezerwowa\u0107 (zam\u00f3wi\u0107) ksi\u0105\u017ck\u0119, musisz si\u0119 zalogowa\u0107 na swoje konto w\u00a0katalogu OPAC.<\/p>\n<p>1. Wejd\u017a do katalogu OPAC przez zak\u0142adk\u0119 <a href=\"https:\/\/m000877.molnet.mol.pl\/\" target=\"_blank\" rel=\"nofollow noopener\">e-Katalog<\/a>.<\/p>\n<p>2. Wyszukaj interesuj\u0105c\u0105 Ci\u0119 ksi\u0105\u017ck\u0119.<\/p>\n<p>3. Przejd\u017a do listy egzemplarzy danego tytu\u0142u i naci\u015bnij przycisk \u201eRezerwuj\u201d.<\/p>\n<p>4. Status rezerwacji oraz termin jej wyga\u015bni\u0119cia jest widoczny na Twoim koncie czytelnika.<\/p>\n<p>5. Rezerwacja jest mo\u017cliwa, gdy system rezerwacji jest aktywny i wybrany egzemplarz jest dost\u0119pny.<\/p>\n<p>&nbsp;<\/p>\n","protected":false},"excerpt":{"rendered":"<p>Co to jest e-Katalog (katalog OPAC)? Katalog OPAC (Online Public Access Catalogue) \u2013 to publicznie udost\u0119pniony przez Internet katalog zbior\u00f3w naszej biblioteki. Przeznaczony jest do&hellip;<\/p>\n","protected":false},"author":3,"featured_media":0,"parent":0,"menu_order":0,"comment_status":"closed","ping_status":"closed","template":"","meta":{"spay_email":""},"_links":{"self":[{"href":"https:\/\/vii-lo.krakow.pl\/index.php?rest_route=\/wp\/v2\/pages\/863"}],"collection":[{"href":"https:\/\/vii-lo.krakow.pl\/index.php?rest_route=\/wp\/v2\/pages"}],"about":[{"href":"https:\/\/vii-lo.krakow.pl\/index.php?rest_route=\/wp\/v2\/types\/page"}],"author":[{"embeddable":true,"href":"https:\/\/vii-lo.krakow.pl\/index.php?rest_route=\/wp\/v2\/users\/3"}],"replies":[{"embeddable":true,"href":"https:\/\/vii-lo.krakow.pl\/index.php?rest_route=%2Fwp%2Fv2%2Fcomments&post=863"}],"version-history":[{"count":6,"href":"https:\/\/vii-lo.krakow.pl\/index.php?rest_route=\/wp\/v2\/pages\/863\/revisions"}],"predecessor-version":[{"id":935,"href":"https:\/\/vii-lo.krakow.pl\/index.php?rest_route=\/wp\/v2\/pages\/863\/revisions\/935"}],"wp:attachment":[{"href":"https:\/\/vii-lo.krakow.pl\/index.php?rest_route=%2Fwp%2Fv2%2Fmedia&parent=863"}],"curies":[{"name":"wp","href":"https:\/\/api.w.org\/{rel}","templated":true}]}}