{"id":872,"date":"2021-02-28T08:41:18","date_gmt":"2021-02-28T07:41:18","guid":{"rendered":"https:\/\/vii-lo.krakow.pl\/?page_id=872"},"modified":"2021-03-01T13:36:03","modified_gmt":"2021-03-01T12:36:03","slug":"e-zasoby","status":"publish","type":"page","link":"https:\/\/vii-lo.krakow.pl\/?page_id=872","title":{"rendered":"e-Zasoby"},"content":{"rendered":"<p><strong>Otwarte Zasoby Edukacyjne <\/strong>to wszelkie zasoby edukacyjne udost\u0119pniane na zasadach wolnych licencji lub przeniesione do <a href=\"https:\/\/domenapubliczna.org\/co-to-jest-domena-publiczna\/\" target=\"_blank\" rel=\"nofollow noopener\">domeny publicznej<\/a>. Umo\u017cliwiaj\u0105 odbiorcom wolno\u015b\u0107 wykorzystywania i odtwarzania utworu, wolno\u015b\u0107 poznawania dzie\u0142a, wolno\u015b\u0107 redystrybucji oraz wolno\u015b\u0107 dystrybucji dzie\u0142 pochodnych. Mog\u0105 by\u0107 udost\u0119pniane za pomoc\u0105 dowolnych technologii informacyjnych i komunikacyjnych.<\/p>\n<h2>e-Zasoby<\/h2>\n<ul>\n<li><a href=\"https:\/\/www.arte.tv\/pl\/\" target=\"_blank\" rel=\"nofollow noopener\">ARTE<\/a><br \/>\nDarmowe dokumenty popularnonaukowe m.in. z dziedziny kultury, historii, polityki, nauki, zdrowia.<\/li>\n<li><a href=\"https:\/\/bnd.ibe.edu.pl\/\" target=\"_blank\" rel=\"nofollow noopener\">Baza Dobrych Praktyk i narz\u0119dzi dydaktycznych<\/a><\/li>\n<li><a href=\"https:\/\/literat.ug.edu.pl\/\" target=\"_blank\" rel=\"nofollow noopener\">Biblioteka Literatury Polskiej w Internecie<\/a><\/li>\n<li><a href=\"https:\/\/polona.pl\/\" target=\"_blank\" rel=\"nofollow noopener\">Biblioteka Polona<\/a><br \/>\nNajwi\u0119ksza w Polsce biblioteka cyfrowa. Zawiera stare ksi\u0105\u017cki oraz inne zdigitalizowane zbiory. Wi\u0119kszo\u015b\u0107 z nich nale\u017cy do domeny publicznej.<\/li>\n<li><a href=\"http:\/\/czytamysluchajac.pl\/\" target=\"_blank\" rel=\"nofollow noopener\">Czytamy s\u0142uchaj\u0105c<\/a><\/li>\n<li><a href=\"http:\/\/www.chmuraczytania.pl\/\" target=\"_blank\" rel=\"nofollow noopener\">Chmura czytania<\/a><br \/>\nCiekawe ksi\u0105\u017cki polskich i zagranicznych autor\u00f3w, r\u00f3wnie\u017c lektury, w r\u00f3\u017cnych formatach, na komputer i czytniki. Nie wymaga logowania.<\/li>\n<li><a href=\"https:\/\/artmuseum.pl\/pl\/filmoteka\" target=\"_blank\" rel=\"nofollow noopener\">Filmoteka Muzeum Sztuki Nowoczesnej<\/a><\/li>\n<li><a href=\"http:\/\/www.fn.org.pl\/pl\/page\/269\/zbiory-online.html\" target=\"_blank\" rel=\"nofollow noopener\">Filmoteka Narodowa<\/a><\/li>\n<li><a href=\"https:\/\/www.legalnakultura.pl\/pl\" target=\"_blank\" rel=\"nofollow noopener\">Legalna Kultura<\/a><br \/>\nE-Biblioteka bezp\u0142atnych lektur szkolnych, oferuj\u0105ca ponad 300 lektur szkolnych, kt\u00f3re mo\u017cna pobra\u0107 przez serwis bookto.pl<\/li>\n<li><span class=\"aCOpRe\"><a href=\"https:\/\/ninateka.pl\/\" target=\"_blank\" rel=\"nofollow noopener\">NINATEKA<\/a><br \/>\n<\/span>Filmy fabularne, dokumentalne, animowane, reporta\u017ce; spektakle teatralne i\u00a0operowe, koncerty, audycje radiowe. W serwisie ponad 7 tys. materia\u0142\u00f3w multimedialnych.<\/li>\n<li><a href=\"https:\/\/otwartezabytki.pl\/\" target=\"_blank\" rel=\"nofollow noopener\">Otwarte Zabytki<\/a><\/li>\n<li><a href=\"https:\/\/otwartezasoby.pl\/\" target=\"_blank\" rel=\"nofollow noopener\">Otwarte Zasoby<\/a><\/li>\n<li><a href=\"http:\/\/otworzksiazke.pl\/\" target=\"_blank\" rel=\"nofollow noopener\">Otw\u00f3rz Ksi\u0105\u017ck\u0119<\/a><\/li>\n<li><a href=\"https:\/\/pl.wikipedia.org\/wiki\/Wikipedia:Strona_g%C5%82%C3%B3wna\" target=\"_blank\" rel=\"nofollow noopener\">Wikipedia<\/a><\/li>\n<li><a href=\"https:\/\/pl.wikisource.org\/wiki\/Wiki%C5%BAr%C3%B3d%C5%82a:Strona_g%C5%82%C3%B3wna\" target=\"_blank\" rel=\"nofollow noopener\">Wiki\u017ar\u00f3d\u0142a<\/a><\/li>\n<li><a href=\"https:\/\/pl.wikibooks.org\/wiki\/Wikibooks:Strona_g%C5%82%C3%B3wna\" target=\"_blank\" rel=\"nofollow noopener\">Wikibooks<\/a><\/li>\n<li><a href=\"https:\/\/wolnelektury.pl\/\" target=\"_blank\" rel=\"nofollow noopener\">Wolne Lektury<\/a><br \/>\nJest to ca\u0142kowicie darmowa biblioteka cyfrowa zawieraj\u0105ca ponad 5500 tytu\u0142\u00f3w, w tym wiele lektur szkolnych. Udost\u0119pnia ebooki w r\u00f3\u017cnych formatach, tak\u017ce na czytniki. Serwis oferuje r\u00f3wnie\u017c audiobooki. Aplikacja darmowa (smartfony Android, iPhone).<\/li>\n<\/ul>\n<h3>Muzea polskie: wirtualne spacery<\/h3>\n<ul>\n<li><a href=\"https:\/\/zbiory.mnk.pl\/pl\/strona-glowna\" target=\"_blank\" rel=\"nofollow noopener\">Muzeum Narodowe w Krakowie<\/a><\/li>\n<li><a href=\"https:\/\/www.1944.pl\/artykul\/muzeum-on-line,2453.html\" target=\"_blank\" rel=\"nofollow noopener\">Muzeum Powstania Warszawskiego<\/a><\/li>\n<li><a href=\"http:\/\/panorama.auschwitz.org\/\" target=\"_blank\" rel=\"nofollow noopener\">Muzeum Auschwitz-Birkenau<\/a><\/li>\n<li><a href=\"https:\/\/muzeumpanatadeusza.ossolineum.pl\/spacer-po-muzeum\/\" target=\"_blank\" rel=\"nofollow noopener\">Muzeum Pana Tadeusza<\/a><\/li>\n<li><a href=\"http:\/\/www.cyfrowyczarnolas.pl\/spacer\/muzeum_czarnolas.html\" target=\"_blank\" rel=\"nofollow noopener\">Muzeum Kochanowskiego w Czarnolesie<\/a><\/li>\n<li><a href=\"http:\/\/wirtualny.muzeumgombrowicza.pl\/\" target=\"_blank\" rel=\"nofollow noopener\">Muzeum Gombrowicza<\/a><\/li>\n<li><a href=\"http:\/\/www.muzeum.edu.pl\/pl\/radom\/malczewski,32.htm\" target=\"_blank\" rel=\"nofollow noopener\">Muzeum Malczewskiego<\/a><\/li>\n<\/ul>\n<h3>Muzea zagraniczne: wirtualne spacery<\/h3>\n<ul>\n<li><a href=\"https:\/\/britishmuseum.withgoogle.com\/\" target=\"_blank\" rel=\"nofollow noopener\">British Muzeum<\/a><\/li>\n<li><a href=\"https:\/\/www.royal.uk\/virtual-tours-buckingham-palace\" target=\"_blank\" rel=\"nofollow noopener\">Buckingham Palace<\/a><\/li>\n<li><a href=\"https:\/\/www.louvre.fr\/en\/visites-en-ligne\" target=\"_blank\" rel=\"nofollow noopener\">Luwr<\/a><\/li>\n<li><a href=\"https:\/\/www.museofridakahlo.org.mx\/en\/the-blue-house\/virtual-tour\/\" target=\"_blank\" rel=\"nofollow noopener\">Muzeum Fridy Kahlo<\/a><\/li>\n<li><a href=\"https:\/\/www.rijksmuseum.nl\/en\/from-home\" target=\"_blank\" rel=\"nofollow noopener\">Rijksmuseum<\/a><\/li>\n<li>Travel and Leisure \u2013 wirtualny spacer po 12 s\u0142ynnych muzeach<\/li>\n<li><a href=\"https:\/\/www.vangoghmuseum.nl\/en\/visit\/enjoy-the-museum-from-home\" target=\"_blank\" rel=\"nofollow noopener\">Van Gogh Museum<\/a><\/li>\n<\/ul>\n<h3>Wirtualne spacery: region<\/h3>\n<ul>\n<li><a href=\"https:\/\/wirtualne-spacery.pl\/projekt\/wirtualny-spacer-po-krakowie\/\" target=\"_blank\" rel=\"nofollow noopener\">Krak\u00f3w: wirtualny spacer<\/a><\/li>\n<li><a href=\"https:\/\/bibliotekajagiellonska.wkraj.pl\/html5\/index.php?id=78961\" target=\"_blank\" rel=\"nofollow noopener\">Biblioteka Jagiello\u0144ska: wirtualny spacer<\/a><\/li>\n<\/ul>\n<h3>E-serwisy dla nauczycieli<\/h3>\n<ul>\n<li><a href=\"https:\/\/edunews.pl\/\" target=\"_blank\" rel=\"nofollow noopener\">Edunews.pl<\/a><\/li>\n<li><a href=\"https:\/\/www.edukator.pl\/\" target=\"_blank\" rel=\"nofollow noopener\">Edukator<\/a><\/li>\n<li><a href=\"https:\/\/pl.khanacademy.org\/\" target=\"_blank\" rel=\"nofollow noopener\">Khan Academy<\/a><\/li>\n<li><a href=\"https:\/\/otwartezasoby.pl\/scholaris-portal-wiedzy-dla-nauczycieli\/\" target=\"_blank\" rel=\"nofollow noopener\">Scholaris &#8211; portal wiedzy dla nauczycieli<\/a><\/li>\n<\/ul>\n<p>&nbsp;<\/p>\n","protected":false},"excerpt":{"rendered":"<p>Otwarte Zasoby Edukacyjne to wszelkie zasoby edukacyjne udost\u0119pniane na zasadach wolnych licencji lub przeniesione do domeny publicznej. Umo\u017cliwiaj\u0105 odbiorcom wolno\u015b\u0107 wykorzystywania i odtwarzania utworu, wolno\u015b\u0107&hellip;<\/p>\n","protected":false},"author":3,"featured_media":0,"parent":0,"menu_order":0,"comment_status":"closed","ping_status":"closed","template":"","meta":{"spay_email":""},"_links":{"self":[{"href":"https:\/\/vii-lo.krakow.pl\/index.php?rest_route=\/wp\/v2\/pages\/872"}],"collection":[{"href":"https:\/\/vii-lo.krakow.pl\/index.php?rest_route=\/wp\/v2\/pages"}],"about":[{"href":"https:\/\/vii-lo.krakow.pl\/index.php?rest_route=\/wp\/v2\/types\/page"}],"author":[{"embeddable":true,"href":"https:\/\/vii-lo.krakow.pl\/index.php?rest_route=\/wp\/v2\/users\/3"}],"replies":[{"embeddable":true,"href":"https:\/\/vii-lo.krakow.pl\/index.php?rest_route=%2Fwp%2Fv2%2Fcomments&post=872"}],"version-history":[{"count":11,"href":"https:\/\/vii-lo.krakow.pl\/index.php?rest_route=\/wp\/v2\/pages\/872\/revisions"}],"predecessor-version":[{"id":943,"href":"https:\/\/vii-lo.krakow.pl\/index.php?rest_route=\/wp\/v2\/pages\/872\/revisions\/943"}],"wp:attachment":[{"href":"https:\/\/vii-lo.krakow.pl\/index.php?rest_route=%2Fwp%2Fv2%2Fmedia&parent=872"}],"curies":[{"name":"wp","href":"https:\/\/api.w.org\/{rel}","templated":true}]}}