{"id":979,"date":"2021-03-07T12:14:15","date_gmt":"2021-03-07T11:14:15","guid":{"rendered":"https:\/\/vii-lo.krakow.pl\/?page_id=979"},"modified":"2024-10-10T14:20:35","modified_gmt":"2024-10-10T12:20:35","slug":"malopolska-chmura-edukacyjna-v-edycja","status":"publish","type":"page","link":"https:\/\/vii-lo.krakow.pl\/?page_id=979","title":{"rendered":"MA\u0141OPOLSKA CHMURA EDUKACYJNA"},"content":{"rendered":"\n<div class=\"wp-block-image\"><figure class=\"aligncenter\"><img loading=\"lazy\" width=\"1280\" height=\"115\" src=\"https:\/\/vii-lo.krakow.pl\/wp-content\/uploads\/2021\/03\/MCHE-logotypy.jpg\" alt=\"MCHE logotypy\" class=\"wp-image-983\" srcset=\"https:\/\/vii-lo.krakow.pl\/wp-content\/uploads\/2021\/03\/MCHE-logotypy.jpg 1280w, https:\/\/vii-lo.krakow.pl\/wp-content\/uploads\/2021\/03\/MCHE-logotypy-300x27.jpg 300w, https:\/\/vii-lo.krakow.pl\/wp-content\/uploads\/2021\/03\/MCHE-logotypy-1024x92.jpg 1024w, https:\/\/vii-lo.krakow.pl\/wp-content\/uploads\/2021\/03\/MCHE-logotypy-768x69.jpg 768w\" sizes=\"(max-width: 1280px) 100vw, 1280px\" \/><\/figure><\/div>\n\n\n\n<h1><strong>Ma\u0142opolska Chmura Edukacyjna (VII edycja)<\/strong><\/h1>\n\n\n\n<p>Beneficjent: <strong>Gmina Miejska Krak\u00f3w<\/strong><\/p>\n\n\n\n<p>Prowadzi projekt:<strong> \u201eMa\u0142opolska Chmura Edukacyjna (VII edycja) Licea Og\u00f3lnokszta\u0142c\u0105ce w Gminie Miejskiej Krak\u00f3w\u201d numer RPMP.10.01.04-12-0018\/22<\/strong><\/p>\n\n\n\n<p>Celem projektu jest organizacja zaj\u0119\u0107 on-line oraz k\u00f3\u0142 naukowych przy wsp\u00f3\u0142pracy krakowskich wy\u017cszych uczelni (Uniwersytet Jagiello\u0144ski, Politechnika Krakowska, Uniwersytet Pedagogiczny, Akademia G\u00f3rniczo-Hutnicza,&nbsp; Uniwersytet Ekonomiczny) oraz lice\u00f3w i technik\u00f3w, kt\u00f3rych planowanym efektem b\u0119dzie podniesienie kompetencji kluczowych &nbsp;u uczni\u00f3w szk\u00f3\u0142 ponadgimnazjalnych z krakowskich szk\u00f3\u0142, w zakresie nauk przyrodniczo-matematycznych, przedsi\u0119biorczo\u015bci oraz j\u0119zyk\u00f3w obcych.<\/p>\n\n\n\n<p>W ramach inicjatywy szko\u0142y zostan\u0105 wyposa\u017cone w sprz\u0119t komputerowy i audiowizualny niezb\u0119dny do realizacji zaj\u0119\u0107 on-line w postaci wideokonferencji.<\/p>\n\n\n\n<p>Warto\u015b\u0107 projektu: 215 649,50 z\u0142.<\/p>\n\n\n\n<p><strong>Kwota dofinasowania: 204 867,02 z\u0142 (DWIE\u015aCIE CZTERY TYSI\u0104CE OSIEMSET SZE\u015a\u0106DZIESI\u0104T SIEDEM TYSI\u0118CY\/100)<\/strong><\/p>\n\n\n\n<figure class=\"wp-block-image size-full\"><img loading=\"lazy\" width=\"844\" height=\"706\" src=\"https:\/\/vii-lo.krakow.pl\/wp-content\/uploads\/2024\/10\/mche.png\" alt=\"\" class=\"wp-image-4702\" srcset=\"https:\/\/vii-lo.krakow.pl\/wp-content\/uploads\/2024\/10\/mche.png 844w, https:\/\/vii-lo.krakow.pl\/wp-content\/uploads\/2024\/10\/mche-300x251.png 300w, https:\/\/vii-lo.krakow.pl\/wp-content\/uploads\/2024\/10\/mche-768x642.png 768w\" sizes=\"(max-width: 844px) 100vw, 844px\" \/><\/figure>\n\n\n\n<p>Realizatorzy projektu:<\/p>\n\n\n\n<ol><li><strong>Miejskie Centrum Obs\u0142ugi O\u015bwiaty w Krakowie<\/strong>, 31-450 Krak\u00f3w ul. U\u0142an\u00f3w 9a, Biuro ds. Realizacji Projektu \u201eMa\u0142opolska Chmura Edukacyjna VII edycja w Gminie Miejskiej Krak\u00f3w\u201d.<\/li><li><strong>I Liceum Og\u00f3lnokszta\u0142c\u0105ce<\/strong> im. Bart\u0142omieja Nowodworskiego w Krakowie, ul. Plac na&nbsp; Groblach 9.<\/li><li><strong>II Liceum Og\u00f3lnokszta\u0142c\u0105ce<\/strong> im. Kr\u00f3la Jana II Sobieskiego w Krakowie, ul. Sobieskiego 9.<\/li><li><strong>III Liceum Og\u00f3lnokszta\u0142c\u0105ce <\/strong>im. Jana Kochanowskiego w Krakowie, os. Wysokie 6.<\/li><li><strong>IV Liceum Og\u00f3lnokszta\u0142c\u0105ce <\/strong>im. Tadeusza Ko\u015bciuszki&nbsp; w Krakowie, ul. Krzemionki 11<\/li><li><strong>V Liceum Og\u00f3lnokszta\u0142c\u0105ce<\/strong> im. Augusta Witkowskiego w Krakowie, ul. Studencka 12.<\/li><li><strong>VI Liceum Og\u00f3lnokszta\u0142c\u0105ce <\/strong>im. Adama Mickiewicza w Krakowie, ul. W\u0105ska 7.<\/li><li><strong>VII Liceum Og\u00f3lnokszta\u0142c\u0105ce <\/strong>im. Zofii Na\u0142kowskiej w Krakowie, ul. Skarbi\u0144skiego 5.<\/li><li><strong>VIII Liceum Og\u00f3lnokszta\u0142c\u0105ce <\/strong>im. Stanis\u0142awa Wyspia\u0144skiego w Krakowie, ul. Grzeg\u00f3rzecka 24.<\/li><li><strong>X Liceum Og\u00f3lnokszta\u0142c\u0105ce <\/strong>im. Komisji Edukacji Narodowej w Krakowie, ul. Wr\u00f3blewskiego 8.<\/li><li><strong>XX Liceum Og\u00f3lnokszta\u0142c\u0105ce <\/strong>im. Leopolda Staffa w Krakowie, ul. Szlak 5.<\/li><li><strong>XI Liceum Og\u00f3lnokszta\u0142c\u0105ce <\/strong>im. Marii D\u0105browskiej w Krakowie, os. Teatralne 33.<\/li><\/ol>\n\n\n\n<p>Rekrutacja rozpocznie si\u0119&nbsp; w pierwszych dniach wrze\u015bnia.&nbsp; Szko\u0142y prowadz\u0105 rekrutacj\u0119 w\u015br\u00f3d swoich uczni\u00f3w. W projekcie udzia\u0142 mo\u017ce wzi\u0105\u0107 ucze\u0144 szko\u0142y, kt\u00f3ra jest jednym z realizator\u00f3w<\/p>\n\n\n\n<p>Projekt przewiduje stosowanie mechanizmu racjonalnych usprawnie\u0144 to znaczy, \u017ce ka\u017cdy uczestnik ze specjalnymi potrzebami mo\u017ce liczy\u0107 na dostosowanie warunk\u00f3w specjalnie dla niego.<\/p>\n\n\n\n<p>W za\u0142\u0105czeniu regulamin konkursu, &nbsp;zawieraj\u0105cy &nbsp;katalog us\u0142ug, kt\u00f3re mog\u0105 by\u0107 \u015bwiadczone na rzecz os\u00f3b ze wzgl\u0119du na okre\u015blony rodzaj niepe\u0142nosprawno\u015bci<\/p>\n\n\n\n<p>Rekrutacja mo\u017ce odbywa\u0107 si\u0119 r\u00f3wnie\u017c drog\u0105 elektroniczn\u0105. Dokumenty rekrutacyjne zostan\u0105 przes\u0142ane na wskazany w zg\u0142oszeniu adres email, Zg\u0142osze\u0144 nale\u017cy dokonywa\u0107 na adres email Szko\u0142y podany na jej stronie internetowej.<\/p>\n\n\n\n<p><strong>Regulamin oraz dokumenty rekrutacyjne dost\u0119pne na stronach www oraz w biurze projektu MCOO ul. U\u0142an\u00f3w 9a Krak\u00f3w.<\/strong><\/p>\n\n\n\n<h1>&nbsp;<\/h1>\n\n\n\n<h1><strong>Ma\u0142opolska Chmura Edukacyjna (V edycja)<\/strong><\/h1>\n\n\n\n<p>Beneficjent: <strong>Gmina Miejska Krak\u00f3w<\/strong><\/p>\n\n\n\n<p>Prowadzi projekt:<strong> \u201eMa\u0142opolska Chmura Edukacyjna (V edycja) Licea Og\u00f3lnokszta\u0142c\u0105ce w Gminie Miejskiej Krak\u00f3w\u201d numer RPMP.10.01.04-12-0090\/20<\/strong><\/p>\n\n\n\n<p>Celem projektu jest organizacja zaj\u0119\u0107 on-line oraz k\u00f3\u0142 naukowych przy wsp\u00f3\u0142pracy krakowskich wy\u017cszych uczelni (Uniwersytet Jagiello\u0144ski, Politechnika Krakowska, Uniwersytet Pedagogiczny, Akademia G\u00f3rniczo-Hutnicza,&nbsp; Uniwersytet Ekonomiczny) oraz lice\u00f3w i technik\u00f3w, kt\u00f3rych planowanym efektem b\u0119dzie podniesienie&nbsp; kompetencji kluczowych &nbsp;u uczni\u00f3w szk\u00f3\u0142 ponadgimnazjalnych z krakowskich szk\u00f3\u0142, w zakresie nauk przyrodniczo-matematycznych, przedsi\u0119biorczo\u015bci oraz j\u0119zyk\u00f3w obcych.<\/p>\n\n\n\n<p>Warto\u015b\u0107 projektu: &nbsp;298&nbsp;785,96 z\u0142<\/p>\n\n\n\n<p><strong>Kwota dofinasowania:&nbsp; 283&nbsp;846,66 z\u0142 (dwie\u015bcie osiemdziesi\u0105t trzy tysi\u0105ce osiemset czterdzie\u015bci sze\u015b\u0107 z\u0142 i 66\/100)<\/strong><\/p>\n\n\n\n<p>Realizatorzy projektu:<\/p>\n\n\n\n<ol><li><strong>Miejskie Centrum Obs\u0142ugi O\u015bwiaty w Krakowie<\/strong>, 31-450 Krak\u00f3w ul. U\u0142an\u00f3w 9a, Biuro ds. Realizacji Projektu \u201eMa\u0142opolska Chmura Edukacyjna IV w Gminie Miejskiej Krak\u00f3w\u201d.<\/li><li><strong>I Liceum Og\u00f3lnokszta\u0142c\u0105ce<\/strong> im. Bart\u0142omieja Nowodworskiego w Krakowie, ul. Plac na&nbsp; Groblach 9.<\/li><li><strong>II Liceum Og\u00f3lnokszta\u0142c\u0105ce<\/strong> im. Kr\u00f3la Jana II Sobieskiego w Krakowie, ul. Sobieskiego 9.<\/li><li><strong>III Liceum Og\u00f3lnokszta\u0142c\u0105ce <\/strong>im. Jana Kochanowskiego w Krakowie, os. Wysokie 6.<\/li><li><strong>IV Liceum Og\u00f3lnokszta\u0142c\u0105ce <\/strong>im. Tadeusza Ko\u015bciuszki&nbsp; w Krakowie, ul. Krzemionki 11<\/li><li><strong>V Liceum Og\u00f3lnokszta\u0142c\u0105ce<\/strong> im. Augusta Witkowskiego w Krakowie, ul. Studencka 12.<\/li><li><strong>VI Liceum Og\u00f3lnokszta\u0142c\u0105ce <\/strong>im. Adama Mickiewicza w Krakowie, ul. W\u0105ska 7.<\/li><li><strong>VII Liceum Og\u00f3lnokszta\u0142c\u0105ce <\/strong>im. Zofii Na\u0142kowskiej w Krakowie, ul. Skarbi\u0144skiego 5.<\/li><li><strong>VIII Liceum Og\u00f3lnokszta\u0142c\u0105ce <\/strong>im. Stanis\u0142awa Wyspia\u0144skiego w Krakowie, ul. Grzeg\u00f3rzecka 24.<\/li><li><strong>X Liceum Og\u00f3lnokszta\u0142c\u0105ce <\/strong>im. Komisji Edukacji Narodowej w Krakowie, ul. Wr\u00f3blewskiego 8.<\/li><li><strong>XX Liceum Og\u00f3lnokszta\u0142c\u0105ce <\/strong>im. Leopolda Staffa w Krakowie, ul. Szlak 5.<\/li><li>&nbsp;<strong>XI Liceum Og\u00f3lnokszta\u0142c\u0105ce <\/strong>im. Marii D\u0105browskiej w Krakowie, os. Teatralne 33.<\/li><\/ol>\n\n\n\n<p>Rekrutacja rozpocznie si\u0119&nbsp; w pierwszych dniach wrze\u015bnia.&nbsp; Szko\u0142y prowadz\u0105 rekrutacj\u0119 w\u015br\u00f3d swoich uczni\u00f3w. W projekcie udzia\u0142 mo\u017ce wzi\u0105\u0107 ucze\u0144 szko\u0142y, kt\u00f3ra jest jednym z realizator\u00f3w.<\/p>\n\n\n\n<p>Projekt przewiduje stosowanie mechanizmu racjonalnych usprawnie\u0144 to znaczy, \u017ce ka\u017cdy uczestnik ze specjalnymi potrzebami mo\u017ce liczy\u0107 na dostosowanie warunk\u00f3w specjalnie dla niego.<\/p>\n\n\n\n<p>W za\u0142\u0105czeniu regulamin konkursu, &nbsp;zawieraj\u0105cy &nbsp;katalog us\u0142ug, kt\u00f3re mog\u0105 by\u0107 \u015bwiadczone na rzecz os\u00f3b ze wzgl\u0119du na okre\u015blony rodzaj niepe\u0142nosprawno\u015bci (str. 39-46).<\/p>\n\n\n\n<p>Rekrutacja mo\u017ce odbywa\u0107 si\u0119 r\u00f3wnie\u017c drog\u0105 elektroniczn\u0105. Dokumenty rekrutacyjne zostan\u0105 przes\u0142ane na wskazany w zg\u0142oszeniu adres email, Zg\u0142osze\u0144 nale\u017cy dokonywa\u0107 na adres email Szko\u0142y podany na jej stronie internetowej.<\/p>\n\n\n\n<p><strong>Regulamin oraz dokumenty rekrutacyjne dost\u0119pne na stronach www oraz w biurze projektu MCOO ul. U\u0142an\u00f3w 9a Krak\u00f3w.<\/strong><\/p>\n\n\n\n<p>&#8212;&#8212;&#8212;&#8212;&#8212;&#8212;&#8212;&#8212;&#8212;&#8212;&#8212;&#8212;&#8212;&#8212;&#8212;&#8212;&#8212;&#8212;&#8212;&#8212;&#8212;&#8212;&#8212;&#8212;&#8212;&#8212;&#8212;&#8212;&#8212;&#8212;&#8212;&#8212;&#8212;&#8212;&#8212;&#8212;&#8212;&#8212;&#8212;&#8212;&#8212;&#8212;&#8212;&#8212;&#8212;&#8212;&#8212;&#8212;&#8212;&#8212;&#8212;&#8212;&#8212;&#8212;&#8212;&#8212;&#8212;&#8212;&#8212;&#8212;&#8212;&#8212;&#8212;&#8212;&#8212;&#8212;&#8212;&#8212;&#8212;&#8212;&#8212;&#8212;&#8212;&#8212;&#8212;&#8212;&#8212;&#8212;&#8212;&#8212;&#8212;&#8212;&#8212;&#8212;&#8212;&#8212;&#8212;&#8212;-<\/p>\n\n\n\n<h1><strong>Ma\u0142opolska Chmura Edukacyjna (VI edycja)<\/strong><\/h1>\n\n\n\n<p><span data-contrast=\"auto\">Beneficjent:&nbsp;<\/span><b><span data-contrast=\"auto\">Gmina Miejska Krak\u00f3w<\/span><\/b><span data-ccp-props=\"{&quot;201341983&quot;:0,&quot;335559739&quot;:200,&quot;335559740&quot;:240,&quot;469777462&quot;:[8355],&quot;469777927&quot;:[0],&quot;469777928&quot;:[1]}\">&nbsp;<\/span><\/p>\n\n\n\n<p><span data-contrast=\"auto\">Prowadzi projekt:<\/span><b><span data-contrast=\"auto\">&nbsp;\u201eMa\u0142opolska Chmura Edukacyjna (VI&nbsp;edycja) Licea Og\u00f3lnokszta\u0142c\u0105ce&nbsp;w Gminie Miejskiej Krak\u00f3w\u201d&nbsp;numer RPMP.10.01.04-12-0022\/21<\/span><\/b><span data-ccp-props=\"{&quot;201341983&quot;:0,&quot;335559739&quot;:200,&quot;335559740&quot;:240,&quot;469777462&quot;:[8355],&quot;469777927&quot;:[0],&quot;469777928&quot;:[1]}\">&nbsp;<\/span><\/p>\n\n\n\n<p><span data-contrast=\"auto\">Celem projektu jest&nbsp;organizacja zaj\u0119\u0107 on-line oraz k\u00f3\u0142 naukowych przy wsp\u00f3\u0142pracy krakowskich wy\u017cszych&nbsp;uczelni&nbsp;(Uniwersytet Jagiello\u0144ski, Politechnika Krakowska, Uniwersytet Pedagogiczny, Akademia G\u00f3rniczo-Hutnicza,&nbsp; Uniwersytet Ekonomiczny)&nbsp;oraz lice\u00f3w i technik\u00f3w, kt\u00f3rych planowanym efektem b\u0119dzie&nbsp;podniesienie&nbsp; kompetencji kluczowych&nbsp;&nbsp;u uczni\u00f3w szk\u00f3\u0142 ponadgimnazjalnych&nbsp;z krakowskich szk\u00f3\u0142, w zakresie nauk przyrodniczo-matematycznych, przedsi\u0119biorczo\u015bci oraz j\u0119zyk\u00f3w obcych.<\/span><span data-ccp-props=\"{&quot;201341983&quot;:0,&quot;335551550&quot;:6,&quot;335551620&quot;:6,&quot;335559731&quot;:426,&quot;335559739&quot;:200,&quot;335559740&quot;:240}\">&nbsp;<\/span><\/p>\n\n\n\n<p><span data-contrast=\"auto\">Warto\u015b\u0107 projektu:&nbsp;&nbsp;z\u0142&nbsp;395\u202f165,61 z\u0142.<\/span><span data-ccp-props=\"{&quot;201341983&quot;:0,&quot;335559731&quot;:426,&quot;335559739&quot;:200,&quot;335559740&quot;:240}\">&nbsp;<\/span><\/p>\n\n\n\n<p><b><span data-contrast=\"auto\">Kwota dofinansowania:&nbsp;&nbsp;375\u202f407,32<\/span><\/b><span data-contrast=\"auto\">&nbsp;<\/span><b><span data-contrast=\"auto\">z\u0142 (trzysta siedemdziesi\u0105t pi\u0119\u0107 tysi\u0119cy czterysta siedem z\u0142 i 66\/100)<\/span><\/b><span data-ccp-props=\"{&quot;201341983&quot;:0,&quot;335559731&quot;:426,&quot;335559739&quot;:200,&quot;335559740&quot;:240}\">&nbsp;<\/span><\/p>\n\n\n\n<div class=\"wp-block-image\"><figure class=\"aligncenter\"><img loading=\"lazy\" width=\"200\" height=\"100\" src=\"https:\/\/vii-lo.krakow.pl\/wp-content\/uploads\/2021\/03\/Logo-MCHE.jpg\" alt=\"MCHE logotypy\" class=\"wp-image-982\"\/><\/figure><\/div>\n\n\n\n<p><span data-contrast=\"auto\">Realizatorzy projektu:<\/span><span data-ccp-props=\"{&quot;201341983&quot;:0,&quot;335559731&quot;:426,&quot;335559739&quot;:200,&quot;335559740&quot;:240}\">&nbsp;<\/span><\/p>\n\n\n\n<ol><li><b><span data-contrast=\"auto\">Miejskie Centrum Obs\u0142ugi O\u015bwiaty w Krakowie<\/span><\/b><span data-contrast=\"auto\">, 31-450 Krak\u00f3w ul. U\u0142an\u00f3w 9a, Biuro ds. Realizacji Projektu&nbsp;\u201eMa\u0142opolska Chmura Edukacyjna&nbsp;VI&nbsp;w Gminie Miejskiej Krak\u00f3w\u201d.<\/span><\/li><li><b><span data-contrast=\"auto\">I Liceum Og\u00f3lnokszta\u0142c\u0105ce<\/span><\/b><span data-contrast=\"auto\">&nbsp;im. Bart\u0142omieja Nowodworskiego w Krakowie, ul. Plac na&nbsp; Groblach 9.<\/span><\/li><li data-leveltext=\"%1.\" data-font=\"Lato\" data-listid=\"1\" aria-setsize=\"-1\" data-aria-posinset=\"3\" data-aria-level=\"1\"><b><span data-contrast=\"auto\">II Liceum Og\u00f3lnokszta\u0142c\u0105ce<\/span><\/b><span data-contrast=\"auto\">&nbsp;im. Kr\u00f3la Jana II Sobieskiego w Krakowie, ul. Sobieskiego 9.<\/span><\/li><li data-leveltext=\"%1.\" data-font=\"Lato\" data-listid=\"1\" aria-setsize=\"-1\" data-aria-posinset=\"4\" data-aria-level=\"1\"><b><span data-contrast=\"auto\">III Liceum Og\u00f3lnokszta\u0142c\u0105ce <\/span><\/b><span data-contrast=\"auto\">im. Jana Kochanowskiego w Krakowie, os. Wysokie 6.<\/span><\/li><li data-leveltext=\"%1.\" data-font=\"Lato\" data-listid=\"1\" aria-setsize=\"-1\" data-aria-posinset=\"5\" data-aria-level=\"1\"><b><span data-contrast=\"auto\">IV Liceum Og\u00f3lnokszta\u0142c\u0105ce <\/span><\/b><span data-contrast=\"auto\">im. Tadeusza Ko\u015bciuszki&nbsp; w Krakowie, ul. Krzemionki 11.<\/span><\/li><li data-leveltext=\"%1.\" data-font=\"Lato\" data-listid=\"1\" aria-setsize=\"-1\" data-aria-posinset=\"6\" data-aria-level=\"1\"><b><span data-contrast=\"auto\">V Liceum Og\u00f3lnokszta\u0142c\u0105ce<\/span><\/b><span data-contrast=\"auto\">&nbsp;im. Augusta Witkowskiego w Krakowie, ul. Studencka 12.<\/span><\/li><li data-leveltext=\"%1.\" data-font=\"Lato\" data-listid=\"1\" aria-setsize=\"-1\" data-aria-posinset=\"7\" data-aria-level=\"1\"><b><span data-contrast=\"auto\">VI Liceum Og\u00f3lnokszta\u0142c\u0105ce <\/span><\/b><span data-contrast=\"auto\">im. Adama Mickiewicza w Krakowie, ul. W\u0105ska 7.<\/span><\/li><li data-leveltext=\"%1.\" data-font=\"Lato\" data-listid=\"1\" aria-setsize=\"-1\" data-aria-posinset=\"8\" data-aria-level=\"1\"><b><span data-contrast=\"auto\">VII Liceum Og\u00f3lnokszta\u0142c\u0105ce <\/span><\/b><span data-contrast=\"auto\">im. Zofii Na\u0142kowskiej w Krakowie, ul. Skarbi\u0144skiego 5.<\/span><\/li><li data-leveltext=\"%1.\" data-font=\"Lato\" data-listid=\"1\" aria-setsize=\"-1\" data-aria-posinset=\"9\" data-aria-level=\"1\"><b><span data-contrast=\"auto\">VIII Liceum Og\u00f3lnokszta\u0142c\u0105ce <\/span><\/b><span data-contrast=\"auto\">im. Stanis\u0142awa Wyspia\u0144skiego w Krakowie, ul. Grzeg\u00f3rzecka 24.<\/span><\/li><li data-leveltext=\"%1.\" data-font=\"Lato\" data-listid=\"1\" aria-setsize=\"-1\" data-aria-posinset=\"10\" data-aria-level=\"1\"><b><span data-contrast=\"auto\">X Liceum Og\u00f3lnokszta\u0142c\u0105ce <\/span><\/b><span data-contrast=\"auto\">im. Komisji Edukacji Narodowej w Krakowie, ul. Wr\u00f3blewskiego 8.<\/span><\/li><li data-leveltext=\"%1.\" data-font=\"Lato\" data-listid=\"1\" aria-setsize=\"-1\" data-aria-posinset=\"11\" data-aria-level=\"1\"><b><span data-contrast=\"auto\">XX Liceum Og\u00f3lnokszta\u0142c\u0105ce <\/span><\/b><span data-contrast=\"auto\">im. Leopolda Staffa w Krakowie, ul. Szlak 5.<\/span><\/li><li data-leveltext=\"%1.\" data-font=\"Lato\" data-listid=\"1\" aria-setsize=\"-1\" data-aria-posinset=\"12\" data-aria-level=\"1\"><span data-contrast=\"auto\">&nbsp;<\/span><b><span data-contrast=\"auto\">XI Liceum Og\u00f3lnokszta\u0142c\u0105ce&nbsp;<\/span><\/b><span data-contrast=\"auto\">im. Marii D\u0105browskiej w Krakowie, os. Teatralne 33.&nbsp;<\/span><span data-ccp-props=\"{&quot;201341983&quot;:0,&quot;335559739&quot;:200,&quot;335559740&quot;:240}\">&nbsp;<\/span><\/li><\/ol>\n\n\n\n<p><span data-contrast=\"auto\">Rekrutacja rozpocznie&nbsp;si\u0119&nbsp; w&nbsp;pierwszych dniach wrze\u015bnia.&nbsp;&nbsp;Szko\u0142y&nbsp;prowadz\u0105 rekrutacj\u0119 w\u015br\u00f3d swoich uczni\u00f3w.&nbsp;W projekcie udzia\u0142 mo\u017ce wzi\u0105\u0107 ucze\u0144 szko\u0142y, kt\u00f3ra jest&nbsp;jednym z realizator\u00f3w<\/span><span data-ccp-props=\"{&quot;201341983&quot;:0,&quot;335551550&quot;:6,&quot;335551620&quot;:6,&quot;335559739&quot;:200,&quot;335559740&quot;:276}\">&nbsp;<\/span><\/p>\n\n\n\n<p><span data-contrast=\"auto\">Projekt przewiduje stosowanie&nbsp;mechanizmu racjonalnych usprawnie\u0144 to znaczy, \u017ce ka\u017cdy uczestnik ze specjalnymi potrzebami mo\u017ce liczy\u0107 na dostosowanie warunk\u00f3w specjalnie dla niego.<\/span><span data-ccp-props=\"{&quot;201341983&quot;:0,&quot;335551550&quot;:6,&quot;335551620&quot;:6,&quot;335559739&quot;:200,&quot;335559740&quot;:276}\">&nbsp;<\/span><\/p>\n\n\n\n<p><span data-contrast=\"auto\">W za\u0142\u0105czeniu regulamin konkursu,&nbsp;&nbsp;zawieraj\u0105cy&nbsp;&nbsp;katalog us\u0142ug, kt\u00f3re mog\u0105 by\u0107 \u015bwiadczone na rzecz os\u00f3b ze wzgl\u0119du na okre\u015blony rodzaj niepe\u0142nosprawno\u015bci&nbsp;<\/span><span data-ccp-props=\"{&quot;201341983&quot;:0,&quot;335551550&quot;:6,&quot;335551620&quot;:6,&quot;335559739&quot;:200,&quot;335559740&quot;:276}\">&nbsp;<\/span><\/p>\n\n\n\n<p><span data-contrast=\"auto\">Rekrutacja mo\u017ce odbywa\u0107 si\u0119 r\u00f3wnie\u017c drog\u0105 elektroniczn\u0105.&nbsp;Dokumenty rekrutacyjne zostan\u0105 przes\u0142ane na wskazany w zg\u0142oszeniu adres email, Zg\u0142osze\u0144 nale\u017cy dokonywa\u0107 na adres email Szko\u0142y podany na jej stronie internetowej do dnia 18.10.2021r.<\/span><span data-ccp-props=\"{&quot;201341983&quot;:0,&quot;335551550&quot;:6,&quot;335551620&quot;:6,&quot;335559739&quot;:200,&quot;335559740&quot;:276}\">&nbsp;<\/span><\/p>\n\n\n\n<p><b><span data-contrast=\"auto\">Regulamin oraz dokumenty rekrutacyjne dost\u0119pne na stronach www oraz w biurze projektu MCOO ul. U\u0142an\u00f3w 9a Krak\u00f3w<\/span><\/b><span data-ccp-props=\"{&quot;201341983&quot;:0,&quot;335559731&quot;:426,&quot;335559739&quot;:200,&quot;335559740&quot;:276}\">.<\/span><\/p>\n\n\n\n<hr class=\"wp-block-separator has-text-color has-background\" style=\"background-color:#235787;color:#235787\"\/>\n\n\n\n<div class=\"wp-block-group\"><div class=\"wp-block-group__inner-container\">\n<div class=\"wp-block-file\"><a href=\"https:\/\/vii-lo.krakow.pl\/wp-content\/uploads\/2021\/10\/Regulamin-MCHE-2021-22.pdf\">Regulamin MCHE 2021-22<\/a><a href=\"https:\/\/vii-lo.krakow.pl\/wp-content\/uploads\/2021\/10\/Regulamin-MCHE-2021-22.pdf\" class=\"wp-block-file__button\" download>Pobierz<\/a><\/div>\n\n\n\n<div class=\"wp-block-file\"><a href=\"https:\/\/vii-lo.krakow.pl\/wp-content\/uploads\/2021\/10\/Zal.-1-Formularz-zgloszeniowy-MCHE-2021-22.pdf\">Za\u0142. 1 Formularz zg\u0142oszeniowy MCHE 2021-22<\/a><a href=\"https:\/\/vii-lo.krakow.pl\/wp-content\/uploads\/2021\/10\/Zal.-1-Formularz-zgloszeniowy-MCHE-2021-22.pdf\" class=\"wp-block-file__button\" download>Pobierz<\/a><\/div>\n\n\n\n<div class=\"wp-block-file\"><a href=\"https:\/\/vii-lo.krakow.pl\/wp-content\/uploads\/2021\/10\/Zal.-2-deklaracja-Uczestnictwa-w-projekcie-MCHE-2021-22.pdf\">Za\u0142. 2 deklaracja Uczestnictwa w projekcie MCHE 2021-22<\/a><a href=\"https:\/\/vii-lo.krakow.pl\/wp-content\/uploads\/2021\/10\/Zal.-2-deklaracja-Uczestnictwa-w-projekcie-MCHE-2021-22.pdf\" class=\"wp-block-file__button\" download>Pobierz<\/a><\/div>\n\n\n\n<div class=\"wp-block-file\"><a href=\"https:\/\/vii-lo.krakow.pl\/wp-content\/uploads\/2021\/10\/Zal.-3-oswiadczenie-uczestnika-projektu-MCHE-2021-22.pdf\">Za\u0142. 3 o\u015bwiadczenie uczestnika projektu MCHE 2021-22<\/a><a href=\"https:\/\/vii-lo.krakow.pl\/wp-content\/uploads\/2021\/10\/Zal.-3-oswiadczenie-uczestnika-projektu-MCHE-2021-22.pdf\" class=\"wp-block-file__button\" download>Pobierz<\/a><\/div>\n\n\n\n<div class=\"wp-block-file\"><a href=\"https:\/\/vii-lo.krakow.pl\/wp-content\/uploads\/2021\/10\/Zal.-4-Zakres-danych-osobowych-powierzonych-do-przetwarzania-MCHE-2021-22.pdf\">Za\u0142. 4 Zakres danych osobowych powierzonych do przetwarzania MCHE 2021-22<\/a><a href=\"https:\/\/vii-lo.krakow.pl\/wp-content\/uploads\/2021\/10\/Zal.-4-Zakres-danych-osobowych-powierzonych-do-przetwarzania-MCHE-2021-22.pdf\" class=\"wp-block-file__button\" download>Pobierz<\/a><\/div>\n<\/div><\/div>\n\n\n\n<p><\/p>\n","protected":false},"excerpt":{"rendered":"<p>Ma\u0142opolska Chmura Edukacyjna (VII edycja) Beneficjent: Gmina Miejska Krak\u00f3w Prowadzi projekt: \u201eMa\u0142opolska Chmura Edukacyjna (VII edycja) Licea Og\u00f3lnokszta\u0142c\u0105ce w Gminie Miejskiej Krak\u00f3w\u201d numer RPMP.10.01.04-12-0018\/22 Celem&hellip;<\/p>\n","protected":false},"author":3,"featured_media":0,"parent":0,"menu_order":0,"comment_status":"closed","ping_status":"closed","template":"","meta":{"spay_email":""},"_links":{"self":[{"href":"https:\/\/vii-lo.krakow.pl\/index.php?rest_route=\/wp\/v2\/pages\/979"}],"collection":[{"href":"https:\/\/vii-lo.krakow.pl\/index.php?rest_route=\/wp\/v2\/pages"}],"about":[{"href":"https:\/\/vii-lo.krakow.pl\/index.php?rest_route=\/wp\/v2\/types\/page"}],"author":[{"embeddable":true,"href":"https:\/\/vii-lo.krakow.pl\/index.php?rest_route=\/wp\/v2\/users\/3"}],"replies":[{"embeddable":true,"href":"https:\/\/vii-lo.krakow.pl\/index.php?rest_route=%2Fwp%2Fv2%2Fcomments&post=979"}],"version-history":[{"count":13,"href":"https:\/\/vii-lo.krakow.pl\/index.php?rest_route=\/wp\/v2\/pages\/979\/revisions"}],"predecessor-version":[{"id":4703,"href":"https:\/\/vii-lo.krakow.pl\/index.php?rest_route=\/wp\/v2\/pages\/979\/revisions\/4703"}],"wp:attachment":[{"href":"https:\/\/vii-lo.krakow.pl\/index.php?rest_route=%2Fwp%2Fv2%2Fmedia&parent=979"}],"curies":[{"name":"wp","href":"https:\/\/api.w.org\/{rel}","templated":true}]}}